{"id":1431,"date":"2025-03-28T13:40:37","date_gmt":"2025-03-28T12:40:37","guid":{"rendered":"https:\/\/nivomat.wilbers.de\/?page_id=1431"},"modified":"2026-01-19T09:21:20","modified_gmt":"2026-01-19T08:21:20","slug":"bmw","status":"publish","type":"page","link":"https:\/\/nivomat.wilbers.de\/en\/verfuegbare-modelle\/bmw\/","title":{"rendered":"BMW"},"content":{"rendered":"<div data-elementor-type=\"wp-page\" data-elementor-id=\"1431\" class=\"elementor elementor-1431\">\n\t\t\t\t\t\t\t<div class=\"elementor-element elementor-element-cf5f830 e-flex e-con-boxed wpr-particle-no wpr-jarallax-no wpr-parallax-no wpr-sticky-section-no e-con e-parent\" data-id=\"cf5f830\" data-element_type=\"container\" data-settings=\"{&quot;content_width&quot;:&quot;boxed&quot;}\" data-core-v316-plus=\"true\">\n\t\t\t\t\t<div class=\"e-con-inner\">\n\t\t<div class=\"elementor-element elementor-element-7a17798 e-con-full e-flex wpr-particle-no wpr-jarallax-no wpr-parallax-no wpr-sticky-section-no e-con e-child\" data-id=\"7a17798\" data-element_type=\"container\" data-settings=\"{&quot;content_width&quot;:&quot;full&quot;}\">\n\t\t\t\t<div class=\"elementor-element elementor-element-8341bcd elementor-widget__width-initial elementor-widget elementor-widget-html\" data-id=\"8341bcd\" data-element_type=\"widget\" data-widget_type=\"html.default\">\n\t\t\t\t<div class=\"elementor-widget-container\">\n\t\t\t<div style=\"border\">\n<p class=\"has-text-align-left\">\n<a href=\"\/en\/verfuegbare-modelle\/\" style=\"color: #fff;     border: 1px solid #ffff;    border-radius: 5px;    padding: 5px 5px;\">\n    \u2190 Back to model overview\n    <\/a><\/p><\/div>\t\t<\/div>\n\t\t\t\t<\/div>\n\t\t\t\t<\/div>\n\t\t\t\t\t<\/div>\n\t\t\t\t<\/div>\n\t\t<div class=\"elementor-element elementor-element-af33573 e-flex e-con-boxed wpr-particle-no wpr-jarallax-no wpr-parallax-no wpr-sticky-section-no e-con e-parent\" data-id=\"af33573\" data-element_type=\"container\" data-settings=\"{&quot;content_width&quot;:&quot;boxed&quot;}\" data-core-v316-plus=\"true\">\n\t\t\t\t\t<div class=\"e-con-inner\">\n\t\t<div class=\"elementor-element elementor-element-079b70b e-con-full e-flex wpr-particle-no wpr-jarallax-no wpr-parallax-no wpr-sticky-section-no e-con e-child\" data-id=\"079b70b\" data-element_type=\"container\" data-settings=\"{&quot;content_width&quot;:&quot;full&quot;}\">\n\t\t\t\t<div class=\"elementor-element elementor-element-5d1bc5e elementor-widget__width-initial elementor-widget elementor-widget-html\" data-id=\"5d1bc5e\" data-element_type=\"widget\" data-widget_type=\"html.default\">\n\t\t\t\t<div class=\"elementor-widget-container\">\n\t\t\t<p class=\"has-text-align-center\">Available Nivomat systems for motorcycles from BMW<\/p>\t\t<\/div>\n\t\t\t\t<\/div>\n\t\t\t\t<div class=\"elementor-element elementor-element-0b80b0a elementor-widget elementor-widget-image\" data-id=\"0b80b0a\" data-element_type=\"widget\" data-widget_type=\"image.default\">\n\t\t\t\t<div class=\"elementor-widget-container\">\n\t\t\t<style>\/*! elementor - v3.18.0 - 20-12-2023 *\/\n.elementor-widget-image{text-align:center}.elementor-widget-image a{display:inline-block}.elementor-widget-image a img[src$=\".svg\"]{width:48px}.elementor-widget-image img{vertical-align:middle;display:inline-block}<\/style>\t\t\t\t\t\t\t\t\t\t\t\t<img decoding=\"async\" src=\"https:\/\/nivomat.wilbers.de\/wp-content\/uploads\/elementor\/thumbs\/BMWMotorrad-q3z6rd5zquxt5b4ljqtdgo07rspivtm3ha2dyy0qgw.png\" title=\"BMWMotorrad\" alt=\"BMW Motorrad\" loading=\"lazy\" \/>\t\t\t\t\t\t\t\t\t\t\t\t\t\t\t<\/div>\n\t\t\t\t<\/div>\n\t\t\t\t<\/div>\n\t\t<div class=\"elementor-element elementor-element-d1b2170 e-con-full e-flex wpr-particle-no wpr-jarallax-no wpr-parallax-no wpr-sticky-section-no e-con e-child\" data-id=\"d1b2170\" data-element_type=\"container\" data-settings=\"{&quot;content_width&quot;:&quot;full&quot;}\">\n\t\t\t\t<div class=\"elementor-element elementor-element-17f5c99 elementor-widget elementor-widget-html\" data-id=\"17f5c99\" data-element_type=\"widget\" data-widget_type=\"html.default\">\n\t\t\t\t<div class=\"elementor-widget-container\">\n\t\t\t<div class=\"wp-block-column is-layout-flow wp-block-column-is-layout-flow\">\n<div class=\"wp-block-buttons is-layout-flex wp-block-buttons-is-layout-flex\">\n<div class=\"wp-block-button\"><a class=\"wp-block-button__link has-contrast-color has-text-color has-background has-link-color wp-element-button\" href=\"https:\/\/www.wilbers.de\/shop\/Motorrad\/BMW\/R-1150-RT-R11RT-R22\/?year=2001\" style=\"background-color:#ff0000\">BMW R 1150 RT | R11RT \/ R22 (2001-2005)<\/a><\/div>\n<\/div>\n\n\n\n<div class=\"wp-block-buttons is-layout-flex wp-block-buttons-is-layout-flex\">\n<div class=\"wp-block-button\"><a class=\"wp-block-button__link has-contrast-color has-text-color has-background has-link-color wp-element-button\" href=\"https:\/\/www.wilbers.de\/shop\/Motorrad\/BMW\/R-1200-R-R12WR\/?year=2015\" style=\"background-color:#ff0000\">BMW R 1200 R | R12WR \/ 1R12 (2014-2018)<\/a><\/div>\n<\/div>\n\n\n\n<div class=\"wp-block-buttons is-layout-flex wp-block-buttons-is-layout-flex\">\n<div class=\"wp-block-button\"><a class=\"wp-block-button__link has-contrast-color has-text-color has-background has-link-color wp-element-button\" href=\"https:\/\/www.wilbers.de\/shop\/Motorrad\/BMW\/R-1200-RS-R12WR\/?year=2015\" style=\"background-color:#ff0000\">BMW R 1200 RS | R12WR \/ 1R12 (2015-2018)<\/a><\/div>\n<\/div>\n\n\n\n<div class=\"wp-block-buttons is-layout-flex wp-block-buttons-is-layout-flex\">\n<div class=\"wp-block-button is-style-fill\"><a class=\"wp-block-button__link has-contrast-color has-text-color has-background has-link-color wp-element-button\" href=\"https:\/\/www.wilbers.de\/shop\/Motorrad\/BMW\/R-1250-R-1R13\/?year=2019\" style=\"background-color:#ff0000\">BMW R 1250 R | 1R13 (\u2265 2019)<\/a><\/div>\n<\/div>\n\n\n\n<div class=\"wp-block-buttons is-layout-flex wp-block-buttons-is-layout-flex\">\n<div class=\"wp-block-button\"><a class=\"wp-block-button__link has-contrast-color has-text-color has-background has-link-color wp-element-button\" href=\"https:\/\/www.wilbers.de\/shop\/Motorrad\/BMW\/R-1250-RS-1R13\/?year=2019\" style=\"background-color:#ff0000\">BMW R 1250 RS | 1R13 (\u2265 2019)<\/a><\/div>\n<\/div>\n\n\n\n<div class=\"wp-block-buttons is-layout-flex wp-block-buttons-is-layout-flex\">\n<div class=\"wp-block-button\"><a class=\"wp-block-button__link has-contrast-color has-text-color has-background has-link-color wp-element-button\" href=\"https:\/\/www.wilbers.de\/shop\/Motorrad\/BMW\/R-1150-GS-R21\/?year=1999\" style=\"background-color:#ff0000\">BMW R 1150 GS | R21 (1999-2004)<\/a><\/div>\n<\/div>\n\n\n\n<div class=\"wp-block-buttons is-layout-flex wp-block-buttons-is-layout-flex\">\n<div class=\"wp-block-button\"><a class=\"wp-block-button__link has-contrast-color has-text-color has-background has-link-color wp-element-button\" href=\"https:\/\/www.wilbers.de\/shop\/Motorrad\/BMW\/R-1150-GS-Adventure-R21\/?year=2002\" style=\"background-color:#ff0000\">BMW R 1150 GS Adventure | R21 (2002-2005)<\/a><\/div>\n<\/div>\n\n\n\n<div class=\"wp-block-buttons is-layout-flex wp-block-buttons-is-layout-flex\">\n<div class=\"wp-block-button\"><a class=\"wp-block-button__link has-contrast-color has-text-color has-background has-link-color wp-element-button\" href=\"https:\/\/www.wilbers.de\/shop\/Motorrad\/BMW\/R-1200-GS-R12\/?year=2004\" style=\"background-color:#ff0000\">BMW R 1200 GS | R12 (2004-2012)<\/a><\/div>\n<\/div>\n\n\n\n<div class=\"wp-block-buttons is-layout-flex wp-block-buttons-is-layout-flex\">\n<div class=\"wp-block-button\"><a class=\"wp-block-button__link has-contrast-color has-text-color has-background has-link-color wp-element-button\" href=\"https:\/\/www.wilbers.de\/shop\/Motorrad\/BMW\/R-1200-GS-Adventure-R12\/?year=2006\" style=\"background-color:#ff0101\">BMW R 1200 GS Adventure | R12 (2006-2013)<\/a><\/div>\n<\/div>\n\n\n\n<div class=\"wp-block-buttons is-layout-flex wp-block-buttons-is-layout-flex\">\n<div class=\"wp-block-button\"><a class=\"wp-block-button__link has-contrast-color has-text-color has-background has-link-color wp-element-button\" href=\"https:\/\/www.wilbers.de\/shop\/Motorrad\/BMW\/R-1200-GS-LC-R12W\/?year=2013\" style=\"background-color:#ff0000\">BMW R 1200 GS | R12W (2013-2016)<\/a><\/div>\n<\/div>\n\n\n\n<div class=\"wp-block-buttons is-layout-flex wp-block-buttons-is-layout-flex\">\n<div class=\"wp-block-button\"><a class=\"wp-block-button__link has-contrast-color has-text-color has-background has-link-color wp-element-button\" href=\"https:\/\/www.wilbers.de\/shop\/Motorrad\/BMW\/R-1200-GS-LC-Werkstieferlegung-R12W\/?year=2013\" style=\"background-color:#ff0000\">BMW R 1200 GS with factory lowering | R12W (2013-2016)<\/a><\/div>\n<\/div>\n\n\n\n<div class=\"wp-block-buttons is-layout-flex wp-block-buttons-is-layout-flex\">\n<div class=\"wp-block-button\"><a class=\"wp-block-button__link has-contrast-color has-text-color has-background has-link-color wp-element-button\" href=\"https:\/\/www.wilbers.de\/shop\/Motorrad\/BMW\/R-1200-GS-Adventure-LC-R12W\/?year=2014\" style=\"background-color:#ff0000\">BMW R 1200 GS Adventure | R12W (2014-2016)<\/a><\/div>\n<\/div>\n\n\n\n<div class=\"wp-block-buttons is-layout-flex wp-block-buttons-is-layout-flex\">\n<div class=\"wp-block-button\"><a class=\"wp-block-button__link has-contrast-color has-text-color has-background has-link-color wp-element-button\" href=\"https:\/\/www.wilbers.de\/shop\/Motorrad\/BMW\/R-1200-GS-Adventure-LC-Werkstieferlegung-R12W\/?year=2014\" style=\"background-color:#ff0000\">BMW R 1200 GS Adventure with factory lowering | R12W (2014-2016)<\/a><\/div>\n<\/div>\n\n\n\n<div class=\"wp-block-buttons is-layout-flex wp-block-buttons-is-layout-flex\">\n<div class=\"wp-block-button\"><a class=\"wp-block-button__link has-contrast-color has-text-color has-background has-link-color wp-element-button\" href=\"https:\/\/www.wilbers.de\/shop\/Motorrad\/BMW\/R-1200-GS-LC-1G12\/?year=2017\" style=\"background-color:#ff0000\">BMW R 1200 GS | 1G12 (2017-2018)<\/a><\/div>\n<\/div>\n\n\n\n<div class=\"wp-block-buttons is-layout-flex wp-block-buttons-is-layout-flex\">\n<div class=\"wp-block-button\"><a class=\"wp-block-button__link has-contrast-color has-text-color has-background has-link-color wp-element-button\" href=\"https:\/\/www.wilbers.de\/shop\/Motorrad\/BMW\/R-1200-GS-LC-Werkstieferlegung-1G12\/?year=2017\" style=\"background-color:#ff0000\">BMW R 1200 GS with factory lowering | 1G12 (2017-2018)<\/a><\/div>\n<\/div>\n\n\n\n<div class=\"wp-block-buttons is-layout-flex wp-block-buttons-is-layout-flex\">\n<div class=\"wp-block-button\"><a class=\"wp-block-button__link has-contrast-color has-text-color has-background has-link-color wp-element-button\" href=\"https:\/\/www.wilbers.de\/shop\/Motorrad\/BMW\/R-1200-GS-LC-Rallye-Sportfahrwerk-1G12\/?year=2017\" style=\"background-color:#ff0000\">BMW R 1200 GS with sport suspension | 1G12 (2017-2018)<\/a><\/div>\n<\/div>\n\n\n\n<div class=\"wp-block-buttons is-layout-flex wp-block-buttons-is-layout-flex\">\n<div class=\"wp-block-button\"><a class=\"wp-block-button__link has-contrast-color has-text-color has-background has-link-color wp-element-button\" href=\"https:\/\/www.wilbers.de\/shop\/Motorrad\/BMW\/R-1200-GS-Adventure-LC-1G12\/?year=2017\" style=\"background-color:#ff0000\">BMW R 1200 GS Adventure | 1G12 (2017-2018)<\/a><\/div>\n<\/div>\n\n\n\n<div class=\"wp-block-buttons is-layout-flex wp-block-buttons-is-layout-flex\">\n<div class=\"wp-block-button\"><a class=\"wp-block-button__link has-contrast-color has-text-color has-background has-link-color wp-element-button\" href=\"https:\/\/www.wilbers.de\/shop\/Motorrad\/BMW\/R-1200-GS-Adventure-LC-Werkstieferlegung-1G12\/?year=2017\" style=\"background-color:#ff0000\">BMW R 1200 GS Adventure with factory lowering | 1G12 (2017-2018)<\/a><\/div>\n<\/div>\n\n\n\n<div class=\"wp-block-buttons is-layout-flex wp-block-buttons-is-layout-flex\">\n<div class=\"wp-block-button\"><a class=\"wp-block-button__link has-contrast-color has-text-color has-background has-link-color wp-element-button\" href=\"https:\/\/www.wilbers.de\/shop\/Motorrad\/BMW\/R-1250-GS-1G13\/?year=2019\" style=\"background-color:#ff0000\">BMW R 1250 GS | 1G13 (\u2265 2019)<\/a><\/div>\n<\/div>\n\n\n\n<div class=\"wp-block-buttons is-layout-flex wp-block-buttons-is-layout-flex\">\n<div class=\"wp-block-button\"><a class=\"wp-block-button__link has-contrast-color has-text-color has-background has-link-color wp-element-button\" href=\"https:\/\/www.wilbers.de\/shop\/Motorrad\/BMW\/R-1250-GS-m-Sportfahrwerk-1G13\/?year=2019\" style=\"background-color:#ff0000\">BMW R 1250 GS with sport suspension | 1G13 (\u2265 2019)<\/a><\/div>\n<\/div>\n\n\n\n<div class=\"wp-block-buttons is-layout-flex wp-block-buttons-is-layout-flex\">\n<div class=\"wp-block-button\"><a class=\"wp-block-button__link has-contrast-color has-text-color has-background has-link-color wp-element-button\" href=\"https:\/\/www.wilbers.de\/shop\/Motorrad\/BMW\/R-1250-GS-Werkstieferlegung-1G13\/?year=2019\" style=\"background-color:#ff0000\">BMW R 1250 GS with factory lowering | 1G13 (\u2265 2019)<\/a><\/div>\n<\/div>\n\n\n\n<div class=\"wp-block-buttons is-layout-flex wp-block-buttons-is-layout-flex\">\n<div class=\"wp-block-button\"><a class=\"wp-block-button__link has-contrast-color has-text-color has-background has-link-color wp-element-button\" href=\"https:\/\/www.wilbers.de\/shop\/Motorrad\/BMW\/R-1250-GS-Adventure-1G13\/?year=2019\" style=\"background-color:#ff0000\">BMW R 1250 GS Adventure | 1G13 (\u2265 2019)<\/a><\/div>\n<\/div>\n\n\n\n<div class=\"wp-block-buttons is-layout-flex wp-block-buttons-is-layout-flex\">\n<div class=\"wp-block-button\"><a class=\"wp-block-button__link has-contrast-color has-text-color has-background has-link-color wp-element-button\" href=\"https:\/\/www.wilbers.de\/shop\/Motorrad\/BMW\/R-1250-GS-Adventure-Werkstieferlegung-1G13\/?year=2019\" style=\"background-color:#ff0000\">BMW R 1250 GS Adventure with factory lowering | 1G13 (\u2265 2019)<\/a><\/div>\n<\/div>\n\n\n\n<div class=\"wp-block-buttons is-layout-flex wp-block-buttons-is-layout-flex\">\n<div class=\"wp-block-button\"><a class=\"wp-block-button__link has-contrast-color has-text-color has-background has-link-color wp-element-button\" href=\"https:\/\/www.wilbers.de\/shop\/Motorrad\/BMW\/R-18-Classic-Roctane-RH18\/?year=2020\" style=\"background-color:#ff0000\">BMW R18 Classic \/ Roctane | RH18 (\u2265 2020)<\/a><\/div>\n<\/div>\n\n\n\n<div class=\"wp-block-buttons is-layout-flex wp-block-buttons-is-layout-flex\">\n<div class=\"wp-block-button\"><a class=\"wp-block-button__link has-contrast-color has-text-color has-background has-link-color wp-element-button\" href=\"https:\/\/www.wilbers.de\/shop\/Motorrad\/BMW\/R-18-Bagger-Transcontinental-RH18\/?year=2021\" style=\"background-color:#ff0000\">BMW R18 Bagger \/ Transcontinental | RH18 (\u2265 2021)<\/a><\/div>\n<\/div>\n<\/div>\t\t<\/div>\n\t\t\t\t<\/div>\n\t\t\t\t<\/div>\n\t\t\t\t\t<\/div>\n\t\t\t\t<\/div>\n\t\t\t\t\t\t\t<\/div>","protected":false},"excerpt":{"rendered":"<p>\u2190 Zur\u00fcck zur Modell\u00fcbersicht Verf\u00fcgbare Nivomat-Systeme f\u00fcr Motorr\u00e4der aus dem Hause BMW BMW R 1150 RT | R11RT \/ R22 (2001-2005) BMW R 1200 R | R12WR \/ 1R12 (2014-2018) BMW R 1200 RS | R12WR \/ 1R12 (2015-2018) BMW R 1250 R | 1R13 (\u2265 2019) BMW R 1250 RS | 1R13 (\u2265 2019) BMW R 1150 GS | R21 (1999-2004) BMW R 1150 GS Adventure | R21 (2002-2005) BMW R 1200 GS | R12 (2004-2012) BMW R 1200 GS Adventure | R12 (2006-2013) BMW R 1200 GS | R12W (2013-2016) BMW R 1200 GS m. Werkstieferlegung | R12W (2013-2016) BMW R 1200 GS Adventure | R12W (2014-2016) BMW R 1200 GS Adventure m. Werkstieferlegung | R12W (2014-2016) BMW R 1200 GS | 1G12 (2017-2018) BMW R 1200 GS mit Werkstieferlegung | 1G12 (2017-2018) BMW R 1200 GS mit Sportfahrwerk | 1G12 (2017-2018) BMW R 1200 GS Adventure | 1G12 (2017-2018) BMW R 1200 GS Adventure mit Werkstieferlegung | 1G12 (2017-2018) BMW R 1250 GS | 1G13 (\u2265 2019) BMW R 1250 GS mit Sportfahrwerk | 1G13 (\u2265 2019) BMW R 1250 GS mit Werkstieferlegung | 1G13 (\u2265 2019) BMW R 1250 GS Adventure | 1G13 (\u2265 2019) BMW R 1250 GS Adventure mit Werkstieferlegung | 1G13 (\u2265 2019) BMW R18 Classic \/ Roctane | RH18 (\u2265 2020) BMW R18 Bagger \/ Transcontinental | RH18 (\u2265 2021)<\/p>","protected":false},"author":2,"featured_media":0,"parent":583,"menu_order":0,"comment_status":"closed","ping_status":"closed","template":"","meta":{"_themeisle_gutenberg_block_has_review":false,"footnotes":""},"class_list":["post-1431","page","type-page","status-publish","hentry"],"_links":{"self":[{"href":"https:\/\/nivomat.wilbers.de\/en\/wp-json\/wp\/v2\/pages\/1431","targetHints":{"allow":["GET"]}}],"collection":[{"href":"https:\/\/nivomat.wilbers.de\/en\/wp-json\/wp\/v2\/pages"}],"about":[{"href":"https:\/\/nivomat.wilbers.de\/en\/wp-json\/wp\/v2\/types\/page"}],"author":[{"embeddable":true,"href":"https:\/\/nivomat.wilbers.de\/en\/wp-json\/wp\/v2\/users\/2"}],"replies":[{"embeddable":true,"href":"https:\/\/nivomat.wilbers.de\/en\/wp-json\/wp\/v2\/comments?post=1431"}],"version-history":[{"count":50,"href":"https:\/\/nivomat.wilbers.de\/en\/wp-json\/wp\/v2\/pages\/1431\/revisions"}],"predecessor-version":[{"id":3382,"href":"https:\/\/nivomat.wilbers.de\/en\/wp-json\/wp\/v2\/pages\/1431\/revisions\/3382"}],"up":[{"embeddable":true,"href":"https:\/\/nivomat.wilbers.de\/en\/wp-json\/wp\/v2\/pages\/583"}],"wp:attachment":[{"href":"https:\/\/nivomat.wilbers.de\/en\/wp-json\/wp\/v2\/media?parent=1431"}],"curies":[{"name":"wp","href":"https:\/\/api.w.org\/{rel}","templated":true}]}}