{"id":1438,"date":"2025-03-28T13:50:55","date_gmt":"2025-03-28T12:50:55","guid":{"rendered":"https:\/\/nivomat.wilbers.de\/?page_id=1438"},"modified":"2026-01-19T09:22:18","modified_gmt":"2026-01-19T08:22:18","slug":"honda","status":"publish","type":"page","link":"https:\/\/nivomat.wilbers.de\/en\/verfuegbare-modelle\/honda\/","title":{"rendered":"Honda"},"content":{"rendered":"<div data-elementor-type=\"wp-page\" data-elementor-id=\"1438\" class=\"elementor elementor-1438\">\n\t\t\t\t\t\t\t<div class=\"elementor-element elementor-element-23bdf9ce e-flex e-con-boxed wpr-particle-no wpr-jarallax-no wpr-parallax-no wpr-sticky-section-no e-con e-parent\" data-id=\"23bdf9ce\" data-element_type=\"container\" data-settings=\"{&quot;content_width&quot;:&quot;boxed&quot;}\" data-core-v316-plus=\"true\">\n\t\t\t\t\t<div class=\"e-con-inner\">\n\t\t<div class=\"elementor-element elementor-element-4b5b451a e-con-full e-flex wpr-particle-no wpr-jarallax-no wpr-parallax-no wpr-sticky-section-no e-con e-child\" data-id=\"4b5b451a\" data-element_type=\"container\" data-settings=\"{&quot;content_width&quot;:&quot;full&quot;}\">\n\t\t\t\t<div class=\"elementor-element elementor-element-5f3846ae elementor-widget__width-initial elementor-widget elementor-widget-html\" data-id=\"5f3846ae\" data-element_type=\"widget\" data-widget_type=\"html.default\">\n\t\t\t\t<div class=\"elementor-widget-container\">\n\t\t\t<div style=\"border\">\n<p class=\"has-text-align-left\">\n<a href=\"\/en\/verfuegbare-modelle\/\" style=\"color: #fff;     border: 1px solid #ffff;    border-radius: 5px;    padding: 5px 5px;\">\n    \u2190 Back to model overview\n    <\/a><\/p><\/div>\t\t<\/div>\n\t\t\t\t<\/div>\n\t\t\t\t<\/div>\n\t\t\t\t\t<\/div>\n\t\t\t\t<\/div>\n\t\t<div class=\"elementor-element elementor-element-f70d3c8 e-flex e-con-boxed wpr-particle-no wpr-jarallax-no wpr-parallax-no wpr-sticky-section-no e-con e-parent\" data-id=\"f70d3c8\" data-element_type=\"container\" data-settings=\"{&quot;content_width&quot;:&quot;boxed&quot;}\" data-core-v316-plus=\"true\">\n\t\t\t\t\t<div class=\"e-con-inner\">\n\t\t<div class=\"elementor-element elementor-element-84f734e e-con-full e-flex wpr-particle-no wpr-jarallax-no wpr-parallax-no wpr-sticky-section-no e-con e-child\" data-id=\"84f734e\" data-element_type=\"container\" data-settings=\"{&quot;content_width&quot;:&quot;full&quot;}\">\n\t\t\t\t<div class=\"elementor-element elementor-element-bef3384 elementor-widget__width-initial elementor-widget elementor-widget-html\" data-id=\"bef3384\" data-element_type=\"widget\" data-widget_type=\"html.default\">\n\t\t\t\t<div class=\"elementor-widget-container\">\n\t\t\t<p class=\"has-text-align-center\">Available Nivomat systems for motorcycles from Honda<\/p>\t\t<\/div>\n\t\t\t\t<\/div>\n\t\t\t\t<div class=\"elementor-element elementor-element-6edf75f elementor-widget elementor-widget-image\" data-id=\"6edf75f\" data-element_type=\"widget\" data-widget_type=\"image.default\">\n\t\t\t\t<div class=\"elementor-widget-container\">\n\t\t\t<style>\/*! elementor - v3.18.0 - 20-12-2023 *\/\n.elementor-widget-image{text-align:center}.elementor-widget-image a{display:inline-block}.elementor-widget-image a img[src$=\".svg\"]{width:48px}.elementor-widget-image img{vertical-align:middle;display:inline-block}<\/style>\t\t\t\t\t\t\t\t\t\t\t\t<img decoding=\"async\" src=\"https:\/\/nivomat.wilbers.de\/wp-content\/uploads\/elementor\/thumbs\/honda-q3z6re3txoz3gx38e98015rod6kw3ipttepvg7zcao.png\" title=\"honda\" alt=\"Honda\" loading=\"lazy\" \/>\t\t\t\t\t\t\t\t\t\t\t\t\t\t\t<\/div>\n\t\t\t\t<\/div>\n\t\t\t\t<\/div>\n\t\t<div class=\"elementor-element elementor-element-d67cd54 e-con-full e-flex wpr-particle-no wpr-jarallax-no wpr-parallax-no wpr-sticky-section-no e-con e-child\" data-id=\"d67cd54\" data-element_type=\"container\" data-settings=\"{&quot;content_width&quot;:&quot;full&quot;}\">\n\t\t\t\t<div class=\"elementor-element elementor-element-ff47177 elementor-widget elementor-widget-html\" data-id=\"ff47177\" data-element_type=\"widget\" data-widget_type=\"html.default\">\n\t\t\t\t<div class=\"elementor-widget-container\">\n\t\t\t<div class=\"wp-block-column is-layout-flow wp-block-column-is-layout-flow\">\n<div class=\"wp-block-buttons is-layout-flex wp-block-buttons-is-layout-flex\">\n<div class=\"wp-block-button is-style-fill\"><a class=\"wp-block-button__link has-contrast-color has-text-color has-background has-link-color wp-element-button\" href=\"https:\/\/www.wilbers.de\/shop\/Motorrad\/Honda\/CB-1100-SC65\/?year=2013\" style=\"background-color:#ff0000\">Honda CB 1100 \/ RS | SC 65 (2013 \u2013 2016)<\/a><\/div>\n<\/div>\n\n\n\n<div class=\"wp-block-buttons is-layout-flex wp-block-buttons-is-layout-flex\">\n<div class=\"wp-block-button\"><a class=\"wp-block-button__link has-contrast-color has-text-color has-background has-link-color wp-element-button\" href=\"https:\/\/www.wilbers.de\/shop\/Motorrad\/Honda\/VFR-1200-X-XD-Crosstourer-SC70-SC76\/?year=2012\" style=\"background-color:#ff0000\">Honda VFR 1200 X\/XD Crosstourer | SC 70 (2012 \u2013 2015)<\/a><\/div>\n<\/div>\n\n\n\n<div class=\"wp-block-buttons is-layout-flex wp-block-buttons-is-layout-flex\">\n<div class=\"wp-block-button\"><a class=\"wp-block-button__link has-contrast-color has-text-color has-background has-link-color wp-element-button\" href=\"https:\/\/www.wilbers.de\/shop\/Motorrad\/Honda\/VFR-1200-X-XD-Crosstourer-SC70-SC76\/?year=2016\" style=\"background-color:#ff0000\">Honda VFR 1200 X\/XD Crosstourer | SC 76 (2016 \u2013 \u2026)<\/a><\/div>\n<\/div>\n\n\n\n<div class=\"wp-block-buttons is-layout-flex wp-block-buttons-is-layout-flex\">\n<div class=\"wp-block-button\"><a class=\"wp-block-button__link has-contrast-color has-text-color has-background has-link-color wp-element-button\" href=\"https:\/\/www.wilbers.de\/shop\/Motorrad\/Honda\/ST-1300-Pan-European-SC51\/?year=2002\" style=\"background-color:#ff0000\">Honda Pan European ST 1300 | SC51 (2002 \u2013 2016)<\/a><\/div>\n<\/div>\n\n\n\n<div class=\"wp-block-buttons is-layout-flex wp-block-buttons-is-layout-flex\">\n<div class=\"wp-block-button\"><a class=\"wp-block-button__link has-contrast-color has-text-color has-background has-link-color wp-element-button\" href=\"https:\/\/www.wilbers.de\/shop\/Motorrad\/Honda\/GL-1500-Gold-Wing-SC22\/?year=1988\" style=\"background-color:#ff0000\">Honda GL 1500 Goldwing | SC22 (1988 \u2013 1995)<\/a><\/div>\n<\/div>\n\n\n\n<div class=\"wp-block-buttons is-layout-flex wp-block-buttons-is-layout-flex\">\n<div class=\"wp-block-button\"><a class=\"wp-block-button__link has-contrast-color has-text-color has-background has-link-color wp-element-button\" href=\"https:\/\/www.wilbers.de\/shop\/Motorrad\/Honda\/GL-1500-SE-Gold-Wing-SC22\/?year=1996\" style=\"background-color:#ff0000\">Honda GL 1500 SE Goldwing | SC22 (1996 \u2013 2000)<\/a><\/div>\n<\/div>\n<\/div>\t\t<\/div>\n\t\t\t\t<\/div>\n\t\t\t\t<\/div>\n\t\t\t\t\t<\/div>\n\t\t\t\t<\/div>\n\t\t\t\t\t\t\t<\/div>","protected":false},"excerpt":{"rendered":"<p>\u2190 Zur\u00fcck zur Modell\u00fcbersicht Verf\u00fcgbare Nivomat-Systeme f\u00fcr Motorr\u00e4der aus dem Hause Honda Honda CB 1100 \/ RS | SC 65 (2013 \u2013 2016) Honda VFR 1200 X\/XD Crosstourer | SC 70 (2012 \u2013 2015) Honda VFR 1200 X\/XD Crosstourer | SC 76 (2016 \u2013 \u2026) Honda Pan European ST 1300 | SC51 (2002 \u2013 2016) Honda GL 1500 Goldwing | SC22 (1988 \u2013 1995) Honda GL 1500 SE Goldwing | SC22 (1996 \u2013 2000)<\/p>","protected":false},"author":2,"featured_media":0,"parent":583,"menu_order":0,"comment_status":"closed","ping_status":"closed","template":"","meta":{"_themeisle_gutenberg_block_has_review":false,"footnotes":""},"class_list":["post-1438","page","type-page","status-publish","hentry"],"_links":{"self":[{"href":"https:\/\/nivomat.wilbers.de\/en\/wp-json\/wp\/v2\/pages\/1438","targetHints":{"allow":["GET"]}}],"collection":[{"href":"https:\/\/nivomat.wilbers.de\/en\/wp-json\/wp\/v2\/pages"}],"about":[{"href":"https:\/\/nivomat.wilbers.de\/en\/wp-json\/wp\/v2\/types\/page"}],"author":[{"embeddable":true,"href":"https:\/\/nivomat.wilbers.de\/en\/wp-json\/wp\/v2\/users\/2"}],"replies":[{"embeddable":true,"href":"https:\/\/nivomat.wilbers.de\/en\/wp-json\/wp\/v2\/comments?post=1438"}],"version-history":[{"count":40,"href":"https:\/\/nivomat.wilbers.de\/en\/wp-json\/wp\/v2\/pages\/1438\/revisions"}],"predecessor-version":[{"id":3394,"href":"https:\/\/nivomat.wilbers.de\/en\/wp-json\/wp\/v2\/pages\/1438\/revisions\/3394"}],"up":[{"embeddable":true,"href":"https:\/\/nivomat.wilbers.de\/en\/wp-json\/wp\/v2\/pages\/583"}],"wp:attachment":[{"href":"https:\/\/nivomat.wilbers.de\/en\/wp-json\/wp\/v2\/media?parent=1438"}],"curies":[{"name":"wp","href":"https:\/\/api.w.org\/{rel}","templated":true}]}}