{"id":1449,"date":"2025-03-31T09:12:44","date_gmt":"2025-03-31T07:12:44","guid":{"rendered":"https:\/\/nivomat.wilbers.de\/?page_id=1449"},"modified":"2026-01-19T09:33:30","modified_gmt":"2026-01-19T08:33:30","slug":"harley-davidson","status":"publish","type":"page","link":"https:\/\/nivomat.wilbers.de\/en\/verfuegbare-modelle\/harley-davidson\/","title":{"rendered":"Harley Davidson"},"content":{"rendered":"<div data-elementor-type=\"wp-page\" data-elementor-id=\"1449\" class=\"elementor elementor-1449\">\n\t\t\t\t\t\t\t<div class=\"elementor-element elementor-element-2a02374 e-flex e-con-boxed wpr-particle-no wpr-jarallax-no wpr-parallax-no wpr-sticky-section-no e-con e-parent\" data-id=\"2a02374\" data-element_type=\"container\" data-settings=\"{&quot;content_width&quot;:&quot;boxed&quot;}\" data-core-v316-plus=\"true\">\n\t\t\t\t\t<div class=\"e-con-inner\">\n\t\t<div class=\"elementor-element elementor-element-36c10bbe e-con-full e-flex wpr-particle-no wpr-jarallax-no wpr-parallax-no wpr-sticky-section-no e-con e-child\" data-id=\"36c10bbe\" data-element_type=\"container\" data-settings=\"{&quot;content_width&quot;:&quot;full&quot;}\">\n\t\t\t\t<div class=\"elementor-element elementor-element-23aaf7a1 elementor-widget__width-initial elementor-widget elementor-widget-html\" data-id=\"23aaf7a1\" data-element_type=\"widget\" data-widget_type=\"html.default\">\n\t\t\t\t<div class=\"elementor-widget-container\">\n\t\t\t<div style=\"border\">\n<p class=\"has-text-align-left\">\n<a href=\"\/en\/verfuegbare-modelle\/\" style=\"color: #fff;     border: 1px solid #ffff;    border-radius: 5px;    padding: 5px 5px;\">\n    \u2190 Back to model overview\n    <\/a><\/p><\/div>\t\t<\/div>\n\t\t\t\t<\/div>\n\t\t\t\t<\/div>\n\t\t\t\t\t<\/div>\n\t\t\t\t<\/div>\n\t\t<div class=\"elementor-element elementor-element-53d2edc e-flex e-con-boxed wpr-particle-no wpr-jarallax-no wpr-parallax-no wpr-sticky-section-no e-con e-parent\" data-id=\"53d2edc\" data-element_type=\"container\" data-settings=\"{&quot;content_width&quot;:&quot;boxed&quot;}\" data-core-v316-plus=\"true\">\n\t\t\t\t\t<div class=\"e-con-inner\">\n\t\t<div class=\"elementor-element elementor-element-d7ac7dd e-con-full e-flex wpr-particle-no wpr-jarallax-no wpr-parallax-no wpr-sticky-section-no e-con e-child\" data-id=\"d7ac7dd\" data-element_type=\"container\" data-settings=\"{&quot;content_width&quot;:&quot;full&quot;}\">\n\t\t\t\t<div class=\"elementor-element elementor-element-dbe9d80 elementor-widget__width-initial elementor-widget elementor-widget-html\" data-id=\"dbe9d80\" data-element_type=\"widget\" data-widget_type=\"html.default\">\n\t\t\t\t<div class=\"elementor-widget-container\">\n\t\t\t<p class=\"has-text-align-center\">Available Nivomat systems for Harley-Davidson series<\/p>\t\t<\/div>\n\t\t\t\t<\/div>\n\t\t\t\t<div class=\"elementor-element elementor-element-df414d6 elementor-widget elementor-widget-image\" data-id=\"df414d6\" data-element_type=\"widget\" data-widget_type=\"image.default\">\n\t\t\t\t<div class=\"elementor-widget-container\">\n\t\t\t<style>\/*! elementor - v3.18.0 - 20-12-2023 *\/\n.elementor-widget-image{text-align:center}.elementor-widget-image a{display:inline-block}.elementor-widget-image a img[src$=\".svg\"]{width:48px}.elementor-widget-image img{vertical-align:middle;display:inline-block}<\/style>\t\t\t\t\t\t\t\t\t\t\t\t<img decoding=\"async\" src=\"https:\/\/nivomat.wilbers.de\/wp-content\/uploads\/elementor\/thumbs\/harleydavidson-e1747987806519-r682gn9nnx7948i682ytd4a2d67na7ea9tacpyfpr0.png\" title=\"harleydavidson\" alt=\"Harley Davidson\" loading=\"lazy\" \/>\t\t\t\t\t\t\t\t\t\t\t\t\t\t\t<\/div>\n\t\t\t\t<\/div>\n\t\t\t\t<\/div>\n\t\t<div class=\"elementor-element elementor-element-79dfdff e-con-full e-flex wpr-particle-no wpr-jarallax-no wpr-parallax-no wpr-sticky-section-no e-con e-child\" data-id=\"79dfdff\" data-element_type=\"container\" data-settings=\"{&quot;content_width&quot;:&quot;full&quot;}\">\n\t\t\t\t<div class=\"elementor-element elementor-element-0d3f830 elementor-widget elementor-widget-html\" data-id=\"0d3f830\" data-element_type=\"widget\" data-widget_type=\"html.default\">\n\t\t\t\t<div class=\"elementor-widget-container\">\n\t\t\t<div class=\"wp-block-column is-layout-flow wp-block-column-is-layout-flow\">\n<div class=\"wp-block-buttons is-layout-flex wp-block-buttons-is-layout-flex\">\n<div class=\"wp-block-button is-style-fill\"><a class=\"wp-block-button__link has-contrast-color has-text-color has-background has-link-color wp-element-button\" href=\"https:\/\/nivomat.wilbers.de\/en\/verfuegbare-modelle\/harley-davidson\/road-king\/\" style=\"background-color:#ff0000\">Harley Davidson Road King<\/a><\/div>\n<\/div>\n\n\n\n<div class=\"wp-block-buttons is-layout-flex wp-block-buttons-is-layout-flex\">\n<div class=\"wp-block-button\"><a class=\"wp-block-button__link has-contrast-color has-text-color has-background has-link-color wp-element-button\" href=\"https:\/\/nivomat.wilbers.de\/en\/verfuegbare-modelle\/harley-davidson\/road-glide\/\" style=\"background-color:#ff0000\">Harley Davidson Road Glide<\/a><\/div>\n<\/div>\n\n\n\n<div class=\"wp-block-buttons is-layout-flex wp-block-buttons-is-layout-flex\">\n<div class=\"wp-block-button\"><a class=\"wp-block-button__link has-contrast-color has-text-color has-background has-link-color wp-element-button\" href=\"https:\/\/nivomat.wilbers.de\/en\/verfuegbare-modelle\/harley-davidson\/electra-glide\/\" style=\"background-color:#ff0000\">Harley Davidson Electra Glide<\/a><\/div>\n<\/div>\n\n\n\n<div class=\"wp-block-buttons is-layout-flex wp-block-buttons-is-layout-flex\">\n<div class=\"wp-block-button\"><a class=\"wp-block-button__link has-contrast-color has-text-color has-background has-link-color wp-element-button\" href=\"https:\/\/nivomat.wilbers.de\/en\/verfuegbare-modelle\/harley-davidson\/street-glide\/\" style=\"background-color:#ff0000\">Harley Davidson Street Glide<\/a><\/div>\n<\/div>\n\n\n\n<div class=\"wp-block-buttons is-layout-flex wp-block-buttons-is-layout-flex\">\n<div class=\"wp-block-button\"><a class=\"wp-block-button__link has-contrast-color has-text-color has-background has-link-color wp-element-button\" href=\"https:\/\/nivomat.wilbers.de\/en\/verfuegbare-modelle\/harley-davidson\/softail\/\" style=\"background-color:#ff0000\">Harley Davidson Softail models<\/a><\/div>\n<\/div>\n\n\n\n<div class=\"wp-block-buttons is-layout-flex wp-block-buttons-is-layout-flex\">\n<div class=\"wp-block-button\"><a class=\"wp-block-button__link has-contrast-color has-text-color has-background has-link-color wp-element-button\" href=\"https:\/\/nivomat.wilbers.de\/en\/verfuegbare-modelle\/harley-davidson\/sonstige\/\" style=\"background-color:#ff0000\">Harley Davidson Specials & Sonstige<\/a><\/div>\n<\/div>\n<\/div>\t\t<\/div>\n\t\t\t\t<\/div>\n\t\t\t\t<\/div>\n\t\t\t\t\t<\/div>\n\t\t\t\t<\/div>\n\t\t\t\t\t\t\t<\/div>","protected":false},"excerpt":{"rendered":"<p>\u2190 Zur\u00fcck zur Modell\u00fcbersicht Verf\u00fcgbare Nivomat-Systeme f\u00fcr Serien aus dem Hause Harley-Davidson Harley Davidson Road King Harley Davidson Road Glide Harley Davidson Electra Glide Harley Davidson Street Glide Harley Davidson Softail-Modelle Harley Davidson Specials &#038; Sonstige<\/p>","protected":false},"author":2,"featured_media":0,"parent":583,"menu_order":0,"comment_status":"closed","ping_status":"closed","template":"","meta":{"_themeisle_gutenberg_block_has_review":false,"footnotes":""},"class_list":["post-1449","page","type-page","status-publish","hentry"],"_links":{"self":[{"href":"https:\/\/nivomat.wilbers.de\/en\/wp-json\/wp\/v2\/pages\/1449","targetHints":{"allow":["GET"]}}],"collection":[{"href":"https:\/\/nivomat.wilbers.de\/en\/wp-json\/wp\/v2\/pages"}],"about":[{"href":"https:\/\/nivomat.wilbers.de\/en\/wp-json\/wp\/v2\/types\/page"}],"author":[{"embeddable":true,"href":"https:\/\/nivomat.wilbers.de\/en\/wp-json\/wp\/v2\/users\/2"}],"replies":[{"embeddable":true,"href":"https:\/\/nivomat.wilbers.de\/en\/wp-json\/wp\/v2\/comments?post=1449"}],"version-history":[{"count":53,"href":"https:\/\/nivomat.wilbers.de\/en\/wp-json\/wp\/v2\/pages\/1449\/revisions"}],"predecessor-version":[{"id":3404,"href":"https:\/\/nivomat.wilbers.de\/en\/wp-json\/wp\/v2\/pages\/1449\/revisions\/3404"}],"up":[{"embeddable":true,"href":"https:\/\/nivomat.wilbers.de\/en\/wp-json\/wp\/v2\/pages\/583"}],"wp:attachment":[{"href":"https:\/\/nivomat.wilbers.de\/en\/wp-json\/wp\/v2\/media?parent=1449"}],"curies":[{"name":"wp","href":"https:\/\/api.w.org\/{rel}","templated":true}]}}