{"id":1452,"date":"2025-03-31T09:24:30","date_gmt":"2025-03-31T07:24:30","guid":{"rendered":"https:\/\/nivomat.wilbers.de\/?page_id=1452"},"modified":"2026-01-19T16:30:17","modified_gmt":"2026-01-19T15:30:17","slug":"road-king","status":"publish","type":"page","link":"https:\/\/nivomat.wilbers.de\/en\/verfuegbare-modelle\/harley-davidson\/road-king\/","title":{"rendered":"Harley Davidson Road King"},"content":{"rendered":"<div data-elementor-type=\"wp-page\" data-elementor-id=\"1452\" class=\"elementor elementor-1452\">\n\t\t\t\t\t\t\t<div class=\"elementor-element elementor-element-3f18cef0 e-flex e-con-boxed wpr-particle-no wpr-jarallax-no wpr-parallax-no wpr-sticky-section-no e-con e-parent\" data-id=\"3f18cef0\" data-element_type=\"container\" data-settings=\"{&quot;content_width&quot;:&quot;boxed&quot;}\" data-core-v316-plus=\"true\">\n\t\t\t\t\t<div class=\"e-con-inner\">\n\t\t<div class=\"elementor-element elementor-element-7b9f34c0 e-con-full e-flex wpr-particle-no wpr-jarallax-no wpr-parallax-no wpr-sticky-section-no e-con e-child\" data-id=\"7b9f34c0\" data-element_type=\"container\" data-settings=\"{&quot;content_width&quot;:&quot;full&quot;}\">\n\t\t\t\t<div class=\"elementor-element elementor-element-1a5aa291 elementor-widget__width-initial elementor-widget elementor-widget-html\" data-id=\"1a5aa291\" data-element_type=\"widget\" data-widget_type=\"html.default\">\n\t\t\t\t<div class=\"elementor-widget-container\">\n\t\t\t<div style=\"border\">\n<p class=\"has-text-align-left\">\n<a href=\"\/en\/verfuegbare-modelle\/harley-davidson\/\" style=\"color: #fff;     border: 1px solid #ffff;    border-radius: 5px;    padding: 5px 5px;\">\n    \u2190 Back to Harley-Davidson\n    <\/a><\/p><\/div>\t\t<\/div>\n\t\t\t\t<\/div>\n\t\t\t\t<\/div>\n\t\t\t\t\t<\/div>\n\t\t\t\t<\/div>\n\t\t<div class=\"elementor-element elementor-element-22df6889 e-flex e-con-boxed wpr-particle-no wpr-jarallax-no wpr-parallax-no wpr-sticky-section-no e-con e-parent\" data-id=\"22df6889\" data-element_type=\"container\" data-settings=\"{&quot;content_width&quot;:&quot;boxed&quot;}\" data-core-v316-plus=\"true\">\n\t\t\t\t\t<div class=\"e-con-inner\">\n\t\t<div class=\"elementor-element elementor-element-df79630 e-con-full e-flex wpr-particle-no wpr-jarallax-no wpr-parallax-no wpr-sticky-section-no e-con e-child\" data-id=\"df79630\" data-element_type=\"container\" data-settings=\"{&quot;content_width&quot;:&quot;full&quot;}\">\n\t\t\t\t<div class=\"elementor-element elementor-element-6fc0e409 elementor-widget__width-initial elementor-widget elementor-widget-html\" data-id=\"6fc0e409\" data-element_type=\"widget\" data-widget_type=\"html.default\">\n\t\t\t\t<div class=\"elementor-widget-container\">\n\t\t\t<p class=\"has-text-align-center\">Available Nivomat systems for Road King motorcycles from Harley-Davidson<\/p>\t\t<\/div>\n\t\t\t\t<\/div>\n\t\t\t\t<div class=\"elementor-element elementor-element-43eb9a61 elementor-widget elementor-widget-image\" data-id=\"43eb9a61\" data-element_type=\"widget\" data-widget_type=\"image.default\">\n\t\t\t\t<div class=\"elementor-widget-container\">\n\t\t\t<style>\/*! elementor - v3.18.0 - 20-12-2023 *\/\n.elementor-widget-image{text-align:center}.elementor-widget-image a{display:inline-block}.elementor-widget-image a img[src$=\".svg\"]{width:48px}.elementor-widget-image img{vertical-align:middle;display:inline-block}<\/style>\t\t\t\t\t\t\t\t\t\t\t\t<img decoding=\"async\" src=\"https:\/\/nivomat.wilbers.de\/wp-content\/uploads\/elementor\/thumbs\/harleydavidson-e1747987806519-r682gn9nnx7948i682ytd4a2d67na7ea9tacpyfpr0.png\" title=\"harleydavidson\" alt=\"Harley Davidson\" loading=\"lazy\" \/>\t\t\t\t\t\t\t\t\t\t\t\t\t\t\t<\/div>\n\t\t\t\t<\/div>\n\t\t\t\t<\/div>\n\t\t<div class=\"elementor-element elementor-element-3aa503b5 e-con-full e-flex wpr-particle-no wpr-jarallax-no wpr-parallax-no wpr-sticky-section-no e-con e-child\" data-id=\"3aa503b5\" data-element_type=\"container\" data-settings=\"{&quot;content_width&quot;:&quot;full&quot;}\">\n\t\t\t\t<div class=\"elementor-element elementor-element-5b740e6b elementor-widget elementor-widget-html\" data-id=\"5b740e6b\" data-element_type=\"widget\" data-widget_type=\"html.default\">\n\t\t\t\t<div class=\"elementor-widget-container\">\n\t\t\t<div class=\"wp-block-column is-layout-flow wp-block-column-is-layout-flow\">\n    \n    \n    \n<div class=\"wp-block-buttons is-layout-flex wp-block-buttons-is-layout-flex\">\n<div class=\"wp-block-button is-style-fill\"><a class=\"wp-block-button__link has-contrast-color has-text-color has-background has-link-color wp-element-button\" href=\"https:\/\/www.wilbers.de\/shop\/Motorrad\/Harley-Davidson\/Road-King-Police-FLHP-FL2\/?year=2009\" style=\"background-color:#ff0000\">Road King Police FLHP | FL2 (2009 \u2013 2013)<\/a><\/div>\n<\/div>\n\n\n\n<div class=\"wp-block-buttons is-layout-flex wp-block-buttons-is-layout-flex\">\n<div class=\"wp-block-button\"><a class=\"wp-block-button__link has-contrast-color has-text-color has-background has-link-color wp-element-button\" href=\"https:\/\/www.wilbers.de\/shop\/Motorrad\/Harley-Davidson\/Road-King-Police-FLHP-FL3\/?year=2014\" style=\"background-color:#ff0000\">Road King Police FLHP | FL3 (2014 \u2013 2016)<\/a><\/div>\n<\/div>\n\n\n\n<div class=\"wp-block-buttons is-layout-flex wp-block-buttons-is-layout-flex\">\n<div class=\"wp-block-button\"><a class=\"wp-block-button__link has-contrast-color has-text-color has-background has-link-color wp-element-button\" href=\"https:\/\/www.wilbers.de\/shop\/Motorrad\/Harley-Davidson\/Road-King-Police-FLHP-FL3\/?year=2017\" style=\"background-color:#ff0000\">Road King Police FLHP | FL3 (\u2265 2017)<\/a><\/div>\n<\/div>\n\n\n\n<div class=\"wp-block-buttons is-layout-flex wp-block-buttons-is-layout-flex\">\n<div class=\"wp-block-button\"><a class=\"wp-block-button__link has-contrast-color has-text-color has-background has-link-color wp-element-button\" href=\"https:\/\/www.wilbers.de\/shop\/Motorrad\/Harley-Davidson\/Road-King-Police-FLHPI-FL2\/?year=2009\" style=\"background-color:#ff0000\">Road King Police FLHPI | FL2 (2009 \u2013 2013)<\/a><\/div>\n<\/div>\n\n\n\n<div class=\"wp-block-buttons is-layout-flex wp-block-buttons-is-layout-flex\">\n<div class=\"wp-block-button\"><a class=\"wp-block-button__link has-contrast-color has-text-color has-background has-link-color wp-element-button\" href=\"https:\/\/www.wilbers.de\/shop\/Motorrad\/Harley-Davidson\/Road-King-FLHR-FL3\/?year=2014\" style=\"background-color:#ff0000\">Road King FLHR | FL3 (2014 \u2013 2016)<\/a><\/div>\n<\/div>\n\n\n\n<div class=\"wp-block-buttons is-layout-flex wp-block-buttons-is-layout-flex\">\n<div class=\"wp-block-button\"><a class=\"wp-block-button__link has-contrast-color has-text-color has-background has-link-color wp-element-button\" href=\"https:\/\/www.wilbers.de\/shop\/Motorrad\/Harley-Davidson\/Road-King-FLHR-FL3\/?year=2017\" style=\"background-color:#ff0000\">Road King FLHR | FL3 (\u2265 2017)<\/a><\/div>\n<\/div>\n\n\n\n<div class=\"wp-block-buttons is-layout-flex wp-block-buttons-is-layout-flex\">\n<div class=\"wp-block-button\"><a class=\"wp-block-button__link has-contrast-color has-text-color has-background has-link-color wp-element-button\" href=\"https:\/\/www.wilbers.de\/shop\/Motorrad\/Harley-Davidson\/Road-King-FLHR-FL2\/?year=2009\" style=\"background-color:#ff0000\">Road King \/ Anniversary FLHR | FL2 (2009 \u2013 2013)<\/a><\/div>\n<\/div>\n\n\n\n<div class=\"wp-block-buttons is-layout-flex wp-block-buttons-is-layout-flex\">\n<div class=\"wp-block-button\"><a class=\"wp-block-button__link has-contrast-color has-text-color has-background has-link-color wp-element-button\" href=\"https:\/\/www.wilbers.de\/shop\/Motorrad\/Harley-Davidson\/Road-King-Classic-Anniversary-FLHRC-FL2\/?year=2009\" style=\"background-color:#ff0000\">Road King Classic \/ Anniversary FLHRC | FL2 (2009 \u2013 2013)<\/a><\/div>\n<\/div>\n\n\n\n<div class=\"wp-block-buttons is-layout-flex wp-block-buttons-is-layout-flex\">\n<div class=\"wp-block-button is-style-fill\"><a class=\"wp-block-button__link has-contrast-color has-text-color has-background has-link-color wp-element-button\" href=\"https:\/\/www.wilbers.de\/shop\/Motorrad\/Harley-Davidson\/Road-King-Classic-FLHRC-FL3\/?year=2014\" style=\"background-color:#ff0000\">Road King Classic FLHRC | FL3 (2014 \u2013 2016)<\/a><\/div>\n<\/div>\n\n\n\n<div class=\"wp-block-buttons is-layout-flex wp-block-buttons-is-layout-flex\">\n<div class=\"wp-block-button\"><a class=\"wp-block-button__link has-contrast-color has-text-color has-background has-link-color wp-element-button\" href=\"https:\/\/www.wilbers.de\/shop\/Motorrad\/Harley-Davidson\/Road-King-Classic-FLHRC-FL3\/?year=2017\" style=\"background-color:#ff0000\">Road King Classic FLHRC | FL3 (\u2265 2017)<\/a><\/div>\n<\/div>\n\n\n\n<div class=\"wp-block-buttons is-layout-flex wp-block-buttons-is-layout-flex\">\n<div class=\"wp-block-button\"><a class=\"wp-block-button__link has-contrast-color has-text-color has-background has-link-color wp-element-button\" href=\"https:\/\/www.wilbers.de\/shop\/Motorrad\/Harley-Davidson\/CVO-Road-King-FLHRSE-FL3\/?year=2014\" style=\"background-color:#ff0000\">CVO Road King FLHRSE | FL3 (2014)<\/a><\/div>\n<\/div>\n\n\n\n<div class=\"wp-block-buttons is-layout-flex wp-block-buttons-is-layout-flex\">\n<div class=\"wp-block-button\"><a class=\"wp-block-button__link has-contrast-color has-text-color has-background has-link-color wp-element-button\" href=\"https:\/\/www.wilbers.de\/shop\/Motorrad\/Harley-Davidson\/CVO-Road-King-FLHRSE3-4-FL1\/?year=2007\" style=\"background-color:#ff0000\">CVO Road King FLHRSE3\/4 | FL1 (2007 \u2013 2008)<\/a><\/div>\n<\/div>\n\n\n\n<div class=\"wp-block-buttons is-layout-flex wp-block-buttons-is-layout-flex\">\n<div class=\"wp-block-button\"><a class=\"wp-block-button__link has-contrast-color has-text-color has-background has-link-color wp-element-button\" href=\"https:\/\/www.wilbers.de\/shop\/Motorrad\/Harley-Davidson\/CVO-Road-King-FLHRSE5-Anniversary-FL2\/?year=2013\" style=\"background-color:#ff0000\">CVO Road King FLHRSE5 \/ Anniversary | FL2 (2013)<\/a><\/div>\n<\/div>\n\n\n\n<div class=\"wp-block-buttons is-layout-flex wp-block-buttons-is-layout-flex\">\n<div class=\"wp-block-button\"><a class=\"wp-block-button__link has-contrast-color has-text-color has-background has-link-color wp-element-button\" href=\"https:\/\/www.wilbers.de\/shop\/Motorrad\/Harley-Davidson\/Road-King-Special-FLHRXS-FL3\/?year=2017\" style=\"background-color:#ff0000\">Road King Special FLHRXS | FL3 (\u2265 2017)<\/a><\/div>\n<\/div>\n\n\n\n<div class=\"wp-block-buttons is-layout-flex wp-block-buttons-is-layout-flex\">\n<div class=\"wp-block-button\"><a class=\"wp-block-button__link has-contrast-color has-text-color has-background has-link-color wp-element-button\" href=\"https:\/\/www.wilbers.de\/shop\/Motorrad\/Harley-Davidson\/Road-King-FLHR-I-FLT-FL1\/?year=1998\" style=\"background-color:#ff0000\">Road King FLHR\/I | FLT \/ FL1 (1998-2008)<\/a><\/div>\n<\/div>\n\n\n\n<div class=\"wp-block-buttons is-layout-flex wp-block-buttons-is-layout-flex\">\n<div class=\"wp-block-button\"><a class=\"wp-block-button__link has-contrast-color has-text-color has-background has-link-color wp-element-button\" href=\"https:\/\/www.wilbers.de\/shop\/Motorrad\/Harley-Davidson\/Road-King-Classic-FLHRC-I-FLT-FL1\/?year=1995\" style=\"background-color:#ff0000\">Road King Classic FLHRC\/I | FLT \/ FL1 (1995-2008)<\/a><\/div>\n<\/div>\n\n\n\n<div class=\"wp-block-buttons is-layout-flex wp-block-buttons-is-layout-flex\">\n<div class=\"wp-block-button\"><a class=\"wp-block-button__link has-contrast-color has-text-color has-background has-link-color wp-element-button\" href=\"https:\/\/www.wilbers.de\/shop\/Motorrad\/Harley-Davidson\/CVO-Road-King-FLHRSEI-FL1\/?year=1998\" style=\"background-color:#ff0000\">CVO Road King FLHRSEI | FL1 (1998-2008)<\/a><\/div>\n<\/div>\n\n\n\n<div class=\"wp-block-buttons is-layout-flex wp-block-buttons-is-layout-flex\">\n<div class=\"wp-block-button\"><a class=\"wp-block-button__link has-contrast-color has-text-color has-background has-link-color wp-element-button\" href=\"https:\/\/www.wilbers.de\/shop\/Motorrad\/Harley-Davidson\/CVO-Road-King-FLHRSEI2-FL1\/?year=2003\" style=\"background-color:#ff0000\">CVO Road King FLHRSEI2 | FL1 (2003-2008)<\/a><\/div>\n<\/div>\n\n\n\n<div class=\"wp-block-buttons is-layout-flex wp-block-buttons-is-layout-flex\">\n<div class=\"wp-block-button\"><a class=\"wp-block-button__link has-contrast-color has-text-color has-background has-link-color wp-element-button\" href=\"https:\/\/www.wilbers.de\/shop\/Motorrad\/Harley-Davidson\/Road-King-Custom-FLHRS-I-FL1\/?year=2004\" style=\"background-color:#ff0000\">Road King Custom FLHRS\/I | FL1 (2004-2008)<\/a><\/div>\n<\/div>\n\n\n\n\n\n\n<\/div>\t\t<\/div>\n\t\t\t\t<\/div>\n\t\t\t\t<\/div>\n\t\t\t\t\t<\/div>\n\t\t\t\t<\/div>\n\t\t\t\t\t\t\t<\/div>","protected":false},"excerpt":{"rendered":"<p>\u2190 Zur\u00fcck zu Harley-Davidson Verf\u00fcgbare Nivomat-Systeme f\u00fcr Road King-Motorr\u00e4der aus dem Hause Harley-Davidson Road King Police FLHP | FL2 (2009 \u2013 2013) Road King Police FLHP | FL3 (2014 \u2013 2016) Road King Police FLHP | FL3 (\u2265 2017) Road King Police FLHPI | FL2 (2009 \u2013 2013) Road King FLHR | FL3 (2014 \u2013 2016) Road King FLHR | FL3 (\u2265 2017) Road King \/ Anniversary FLHR | FL2 (2009 \u2013 2013) Road King Classic \/ Anniversary FLHRC | FL2 (2009 \u2013 2013) Road King Classic FLHRC | FL3 (2014 \u2013 2016) Road King Classic FLHRC | FL3 (\u2265 2017) CVO Road King FLHRSE | FL3 (2014) CVO Road King FLHRSE3\/4 | FL1 (2007 \u2013 2008) CVO Road King FLHRSE5 \/ Anniversary | FL2 (2013) Road King Special FLHRXS | FL3 (\u2265 2017) Road King FLHR\/I | FLT \/ FL1 (1998-2008) Road King Classic FLHRC\/I | FLT \/ FL1 (1995-2008) CVO Road King FLHRSEI | FL1 (1998-2008) CVO Road King FLHRSEI2 | FL1 (2003-2008) Road King Custom FLHRS\/I | FL1 (2004-2008)<\/p>","protected":false},"author":2,"featured_media":0,"parent":1449,"menu_order":0,"comment_status":"closed","ping_status":"closed","template":"","meta":{"_themeisle_gutenberg_block_has_review":false,"footnotes":""},"class_list":["post-1452","page","type-page","status-publish","hentry"],"_links":{"self":[{"href":"https:\/\/nivomat.wilbers.de\/en\/wp-json\/wp\/v2\/pages\/1452","targetHints":{"allow":["GET"]}}],"collection":[{"href":"https:\/\/nivomat.wilbers.de\/en\/wp-json\/wp\/v2\/pages"}],"about":[{"href":"https:\/\/nivomat.wilbers.de\/en\/wp-json\/wp\/v2\/types\/page"}],"author":[{"embeddable":true,"href":"https:\/\/nivomat.wilbers.de\/en\/wp-json\/wp\/v2\/users\/2"}],"replies":[{"embeddable":true,"href":"https:\/\/nivomat.wilbers.de\/en\/wp-json\/wp\/v2\/comments?post=1452"}],"version-history":[{"count":32,"href":"https:\/\/nivomat.wilbers.de\/en\/wp-json\/wp\/v2\/pages\/1452\/revisions"}],"predecessor-version":[{"id":3470,"href":"https:\/\/nivomat.wilbers.de\/en\/wp-json\/wp\/v2\/pages\/1452\/revisions\/3470"}],"up":[{"embeddable":true,"href":"https:\/\/nivomat.wilbers.de\/en\/wp-json\/wp\/v2\/pages\/1449"}],"wp:attachment":[{"href":"https:\/\/nivomat.wilbers.de\/en\/wp-json\/wp\/v2\/media?parent=1452"}],"curies":[{"name":"wp","href":"https:\/\/api.w.org\/{rel}","templated":true}]}}