{"id":1462,"date":"2025-03-31T10:04:28","date_gmt":"2025-03-31T08:04:28","guid":{"rendered":"https:\/\/nivomat.wilbers.de\/?page_id=1462"},"modified":"2026-01-20T09:12:23","modified_gmt":"2026-01-20T08:12:23","slug":"road-glide","status":"publish","type":"page","link":"https:\/\/nivomat.wilbers.de\/en\/verfuegbare-modelle\/harley-davidson\/road-glide\/","title":{"rendered":"Harley Davidson Road Glide"},"content":{"rendered":"<div data-elementor-type=\"wp-page\" data-elementor-id=\"1462\" class=\"elementor elementor-1462\">\n\t\t\t\t\t\t\t<div class=\"elementor-element elementor-element-44e0bb61 e-flex e-con-boxed wpr-particle-no wpr-jarallax-no wpr-parallax-no wpr-sticky-section-no e-con e-parent\" data-id=\"44e0bb61\" data-element_type=\"container\" data-settings=\"{&quot;content_width&quot;:&quot;boxed&quot;}\" data-core-v316-plus=\"true\">\n\t\t\t\t\t<div class=\"e-con-inner\">\n\t\t<div class=\"elementor-element elementor-element-7953df30 e-con-full e-flex wpr-particle-no wpr-jarallax-no wpr-parallax-no wpr-sticky-section-no e-con e-child\" data-id=\"7953df30\" data-element_type=\"container\" data-settings=\"{&quot;content_width&quot;:&quot;full&quot;}\">\n\t\t\t\t<div class=\"elementor-element elementor-element-2f801c6d elementor-widget__width-initial elementor-widget elementor-widget-html\" data-id=\"2f801c6d\" data-element_type=\"widget\" data-widget_type=\"html.default\">\n\t\t\t\t<div class=\"elementor-widget-container\">\n\t\t\t<div style=\"border\">\n<p class=\"has-text-align-left\">\n<a href=\"\/en\/verfuegbare-modelle\/harley-davidson\/\" style=\"color: #fff;     border: 1px solid #ffff;    border-radius: 5px;    padding: 5px 5px;\">\n    \u2190 Back to Harley-Davidson\n    <\/a><\/p><\/div>\t\t<\/div>\n\t\t\t\t<\/div>\n\t\t\t\t<\/div>\n\t\t\t\t\t<\/div>\n\t\t\t\t<\/div>\n\t\t<div class=\"elementor-element elementor-element-510704c4 e-flex e-con-boxed wpr-particle-no wpr-jarallax-no wpr-parallax-no wpr-sticky-section-no e-con e-parent\" data-id=\"510704c4\" data-element_type=\"container\" data-settings=\"{&quot;content_width&quot;:&quot;boxed&quot;}\" data-core-v316-plus=\"true\">\n\t\t\t\t\t<div class=\"e-con-inner\">\n\t\t<div class=\"elementor-element elementor-element-60d8348f e-con-full e-flex wpr-particle-no wpr-jarallax-no wpr-parallax-no wpr-sticky-section-no e-con e-child\" data-id=\"60d8348f\" data-element_type=\"container\" data-settings=\"{&quot;content_width&quot;:&quot;full&quot;}\">\n\t\t\t\t<div class=\"elementor-element elementor-element-5e9720ba elementor-widget__width-initial elementor-widget elementor-widget-html\" data-id=\"5e9720ba\" data-element_type=\"widget\" data-widget_type=\"html.default\">\n\t\t\t\t<div class=\"elementor-widget-container\">\n\t\t\t<p class=\"has-text-align-center\">Available Nivomat systems for Road King bikes from Harley-Davidson<\/p>\t\t<\/div>\n\t\t\t\t<\/div>\n\t\t\t\t<div class=\"elementor-element elementor-element-3c3a7a68 elementor-widget elementor-widget-image\" data-id=\"3c3a7a68\" data-element_type=\"widget\" data-widget_type=\"image.default\">\n\t\t\t\t<div class=\"elementor-widget-container\">\n\t\t\t<style>\/*! elementor - v3.18.0 - 20-12-2023 *\/\n.elementor-widget-image{text-align:center}.elementor-widget-image a{display:inline-block}.elementor-widget-image a img[src$=\".svg\"]{width:48px}.elementor-widget-image img{vertical-align:middle;display:inline-block}<\/style>\t\t\t\t\t\t\t\t\t\t\t\t<img decoding=\"async\" src=\"https:\/\/nivomat.wilbers.de\/wp-content\/uploads\/elementor\/thumbs\/harleydavidson-e1747987806519-r682gn9nnx7948i682ytd4a2d67na7ea9tacpyfpr0.png\" title=\"harleydavidson\" alt=\"Harley Davidson\" loading=\"lazy\" \/>\t\t\t\t\t\t\t\t\t\t\t\t\t\t\t<\/div>\n\t\t\t\t<\/div>\n\t\t\t\t<\/div>\n\t\t<div class=\"elementor-element elementor-element-441c46ce e-con-full e-flex wpr-particle-no wpr-jarallax-no wpr-parallax-no wpr-sticky-section-no e-con e-child\" data-id=\"441c46ce\" data-element_type=\"container\" data-settings=\"{&quot;content_width&quot;:&quot;full&quot;}\">\n\t\t\t\t<div class=\"elementor-element elementor-element-46fd1f4a elementor-widget elementor-widget-html\" data-id=\"46fd1f4a\" data-element_type=\"widget\" data-widget_type=\"html.default\">\n\t\t\t\t<div class=\"elementor-widget-container\">\n\t\t\t<div class=\"wp-block-column is-layout-flow wp-block-column-is-layout-flow\">\n<div class=\"wp-block-buttons is-layout-flex wp-block-buttons-is-layout-flex\">\n<div class=\"wp-block-button is-style-fill\"><a class=\"wp-block-button__link has-contrast-color has-text-color has-background has-link-color wp-element-button\" style=\"background-color:#ff0000\" href=\"https:\/\/www.wilbers.de\/shop\/Motorrad\/Harley-Davidson\/Road-Glide-FLTRI-FLTR-FL1\/?year=1998\">Road Glide FLTRI \/ FLTR | FL1 (1998 \u2013 2001)<\/a><\/div>\n<\/div>\n\n\n\n<div class=\"wp-block-buttons is-layout-flex wp-block-buttons-is-layout-flex\">\n<div class=\"wp-block-button\"><a class=\"wp-block-button__link has-contrast-color has-text-color has-background has-link-color wp-element-button\" href=\"https:\/\/www.wilbers.de\/shop\/Motorrad\/Harley-Davidson\/Road-Glide-FLTRI-FLTR-FL1\/?year=2002\" style=\"background-color:#ff0000\">Road Glide FLTRI \/ FLTR | FL1 (2002 \u2013 2005)<\/a><\/div>\n<\/div>\n\n\n\n<div class=\"wp-block-buttons is-layout-flex wp-block-buttons-is-layout-flex\">\n<div class=\"wp-block-button\"><a class=\"wp-block-button__link has-contrast-color has-text-color has-background has-link-color wp-element-button\" href=\"https:\/\/www.wilbers.de\/shop\/Motorrad\/Harley-Davidson\/Road-Glide-FLTRI-FLTR-FL1\/?year=2006\" style=\"background-color:#ff0000\">Road Glide FLTRI \/ FLTR | FL1 (2006 \u2013 2008)<\/a><\/div>\n<\/div>\n\n\n\n<div class=\"wp-block-buttons is-layout-flex wp-block-buttons-is-layout-flex\">\n<div class=\"wp-block-button\"><a class=\"wp-block-button__link has-contrast-color has-text-color has-background has-link-color wp-element-button\" href=\"https:\/\/www.wilbers.de\/shop\/Motorrad\/Harley-Davidson\/Road-Glide-FLTR-FL2\/?year=2009\" style=\"background-color:#ff0000\">Road Glide FLTR | FL2 (2009)<\/a><\/div>\n<\/div>\n\n\n\n<div class=\"wp-block-buttons is-layout-flex wp-block-buttons-is-layout-flex\">\n<div class=\"wp-block-button is-style-fill\"><a class=\"wp-block-button__link has-contrast-color has-text-color has-background has-link-color wp-element-button\" href=\"https:\/\/www.wilbers.de\/shop\/Motorrad\/Harley-Davidson\/Road-Glide-Limited-FLTRK-FL3\/?year=2020\" style=\"background-color:#ff0000\">Road Glide Limited FLTRK | FL3 (\u2265 2020)\n<\/a><\/div>\n<\/div>\n\n\n\n<div class=\"wp-block-buttons is-layout-flex wp-block-buttons-is-layout-flex\">\n<div class=\"wp-block-button is-style-fill\"><a class=\"wp-block-button__link has-contrast-color has-text-color has-background has-link-color wp-element-button\" href=\"https:\/\/www.wilbers.de\/shop\/Motorrad\/Harley-Davidson\/CVO-Road-Glide-Limited-FLTRKSE-FL3\/?year=2022\" style=\"background-color:#ff0000\">CVO Road Glide Limited FLTRKSE | FL3 (\u2265 2022)\n<\/a><\/div>\n<\/div>\n\n\n\n<div class=\"wp-block-buttons is-layout-flex wp-block-buttons-is-layout-flex\">\n<div class=\"wp-block-button is-style-fill\"><a class=\"wp-block-button__link has-contrast-color has-text-color has-background has-link-color wp-element-button\" href=\"https:\/\/www.wilbers.de\/shop\/Motorrad\/Harley-Davidson\/CVO-Road-Glide-LTD-Anniversary-FLTRKSEANV-FL3\/Wilbers-Nivomat-Fahrwerkskit.html?year=2023\" style=\"background-color:#ff0000\">CVO Road Glide LTD Anniversary FLTRKSEANV | FL3 (\u2265 2023)\n<\/a><\/div>\n<\/div>\n\n\n\n<div class=\"wp-block-buttons is-layout-flex wp-block-buttons-is-layout-flex\">\n<div class=\"wp-block-button\"><a class=\"wp-block-button__link has-contrast-color has-text-color has-background has-link-color wp-element-button\" style=\"background-color:#ff0000\" href=\"https:\/\/www.wilbers.de\/shop\/Motorrad\/Harley-Davidson\/CVO-Road-Glide-FLTRSE3-FL2\/?year=2009\">CVO Road Glide FLTRSE3 | FL2 (2009)<\/a><\/div>\n<\/div>\n\n\n\n<div class=\"wp-block-buttons is-layout-flex wp-block-buttons-is-layout-flex\">\n<div class=\"wp-block-button\"><a class=\"wp-block-button__link has-contrast-color has-text-color has-background has-link-color wp-element-button\" href=\"https:\/\/www.wilbers.de\/shop\/Motorrad\/Harley-Davidson\/Road-Glide-Ultra-FLTRU-FL2\/?year=2011\" style=\"background-color:#ff0000\">Road Glide Ultra FLTRU | FL2 (2011 \u2013 2013)<\/a><\/div>\n<\/div>\n\n\n\n<div class=\"wp-block-buttons is-layout-flex wp-block-buttons-is-layout-flex\">\n<div class=\"wp-block-button\"><a class=\"wp-block-button__link has-contrast-color has-text-color has-background has-link-color wp-element-button\" href=\"https:\/\/www.wilbers.de\/shop\/Motorrad\/Harley-Davidson\/Road-Glide-Ultra-FLTRU-FL3\/?year=2016\" style=\"background-color:#ff0000\">Road Glide Ultra FLTRU | FL3 (2016)<\/a><\/div>\n<\/div>\n\n\n\n<div class=\"wp-block-buttons is-layout-flex wp-block-buttons-is-layout-flex\">\n<div class=\"wp-block-button\"><a class=\"wp-block-button__link has-contrast-color has-text-color has-background has-link-color wp-element-button\" href=\"https:\/\/www.wilbers.de\/shop\/Motorrad\/Harley-Davidson\/Road-Glide-Ultra-FLTRU-FL3\/?year=2017\" style=\"background-color:#ff0000\">Road Glide Ultra FLTRU | FL3 (\u2265 2017)<\/a><\/div>\n<\/div>\n\n\n\n<div class=\"wp-block-buttons is-layout-flex wp-block-buttons-is-layout-flex\">\n<div class=\"wp-block-button\"><a class=\"wp-block-button__link has-contrast-color has-text-color has-background has-link-color wp-element-button\" href=\"https:\/\/www.wilbers.de\/shop\/Motorrad\/Harley-Davidson\/CVO-Road-Glide-Ultra-FLTRUSE-FL2\/?year=2011\" style=\"background-color:#ff0000\">CVO Road Glide Ultra FLTRUSE | FL2 (2011)<\/a><\/div>\n<\/div>\n\n\n\n<div class=\"wp-block-buttons is-layout-flex wp-block-buttons-is-layout-flex\">\n<div class=\"wp-block-button\"><a class=\"wp-block-button__link has-contrast-color has-text-color has-background has-link-color wp-element-button\" style=\"background-color:#ff0000\" href=\"https:\/\/www.wilbers.de\/shop\/Motorrad\/Harley-Davidson\/CVO-Road-Glide-Ultra-FLTRUSE-FL3\/?year=2015\">CVO Road Glide Ultra FLTRUSE | FL3 (2015 \u2013 2016)<\/a><\/div>\n<\/div>\n\n\n\n<div class=\"wp-block-buttons is-layout-flex wp-block-buttons-is-layout-flex\">\n<div class=\"wp-block-button\"><a class=\"wp-block-button__link has-contrast-color has-text-color has-background has-link-color wp-element-button\" href=\"https:\/\/www.wilbers.de\/shop\/Motorrad\/Harley-Davidson\/Road-Glide-FLTRX-FL3\/?year=2015\" style=\"background-color:#ff0000\">Road Glide FLTRX | FL 3 (2015 \u2013 2016)<\/a><\/div>\n<\/div>\n\n\n\n<div class=\"wp-block-buttons is-layout-flex wp-block-buttons-is-layout-flex\">\n<div class=\"wp-block-button\"><a class=\"wp-block-button__link has-contrast-color has-text-color has-background has-link-color wp-element-button\" href=\"https:\/\/www.wilbers.de\/shop\/Motorrad\/Harley-Davidson\/Road-Glide-FLTRX-FL3\/?year=2017\" style=\"background-color:#ff0000\">Road Glide FLTRX | FL 3\/4 (\u2265 2017)<\/a><\/div>\n<\/div>\n\n\n\n<div class=\"wp-block-buttons is-layout-flex wp-block-buttons-is-layout-flex\">\n<div class=\"wp-block-button\"><a class=\"wp-block-button__link has-contrast-color has-text-color has-background has-link-color wp-element-button\" href=\"https:\/\/www.wilbers.de\/shop\/Motorrad\/Harley-Davidson\/Road-Glide-Custom-FLTRX-FL2\/?year=2010\" style=\"background-color:#ff0000\">Road Glide Custom FLTRX | FL 2 (2010 \u2013 2013)<\/a><\/div>\n<\/div>\n\n\n\n<div class=\"wp-block-buttons is-layout-flex wp-block-buttons-is-layout-flex\">\n<div class=\"wp-block-button\"><a class=\"wp-block-button__link has-contrast-color has-text-color has-background has-link-color wp-element-button\" href=\"https:\/\/www.wilbers.de\/shop\/Motorrad\/Harley-Davidson\/Road-Glide-Special-FLTRXS-FL3\/?year=2015\" style=\"background-color:#ff0000\">Road Glide Special FLTRXS | FL3 (2015 \u2013 2016)<\/a><\/div>\n<\/div>\n\n\n\n<div class=\"wp-block-buttons is-layout-flex wp-block-buttons-is-layout-flex\">\n<div class=\"wp-block-button\"><a class=\"wp-block-button__link has-contrast-color has-text-color has-background has-link-color wp-element-button\" href=\"https:\/\/www.wilbers.de\/shop\/Motorrad\/Harley-Davidson\/Road-Glide-Special-FLTRXS-FL3\/?year=2017\" style=\"background-color:#ff0000\">Road Glide Special FLTRXS | FL3 (\u2265 2017)<\/a><\/div>\n<\/div>\n\n\n\n<div class=\"wp-block-buttons is-layout-flex wp-block-buttons-is-layout-flex\">\n<div class=\"wp-block-button\"><a class=\"wp-block-button__link has-contrast-color has-text-color has-background has-link-color wp-element-button\" href=\"https:\/\/www.wilbers.de\/shop\/Motorrad\/Harley-Davidson\/Road-Glide-ST-FLTRXST-FL3\/?year=2022\" style=\"background-color:#ff0000\">Road Glide ST FLTRXST | FL3 (\u2265 2022)<\/a><\/div>\n<\/div>\n\n\n\n<div class=\"wp-block-buttons is-layout-flex wp-block-buttons-is-layout-flex\">\n<div class=\"wp-block-button\"><a class=\"wp-block-button__link has-contrast-color has-text-color has-background has-link-color wp-element-button\" href=\"https:\/\/www.wilbers.de\/shop\/Motorrad\/Harley-Davidson\/CVO-Road-Glide-Custom-FLTRXSE-FL2\/?year=2012\" style=\"background-color:#ff0000\">CVO Road Glide Custom FLTRXSE | FL2 (2012 \u2013 2014)<\/a><\/div>\n<\/div>\n\n\n\n<div class=\"wp-block-buttons is-layout-flex wp-block-buttons-is-layout-flex\">\n<div class=\"wp-block-button\"><a class=\"wp-block-button__link has-contrast-color has-text-color has-background has-link-color wp-element-button\" href=\"https:\/\/www.wilbers.de\/shop\/Motorrad\/Harley-Davidson\/CVO-Road-Glide-FLTRXSE-FL3\/?year=2018\" style=\"background-color:#ff0000\">CVO Road Glide FLTRXSE | FL3 (\u2265 2018)<\/a><\/div>\n<\/div>\n\n\n\n<div class=\"wp-block-buttons is-layout-flex wp-block-buttons-is-layout-flex\">\n<div class=\"wp-block-button\"><a class=\"wp-block-button__link has-contrast-color has-text-color has-background has-link-color wp-element-button\" href=\"https:\/\/www.wilbers.de\/shop\/Motorrad\/Harley-Davidson\/CVO-Road-Glide-FLTRXSE-FL4\/?year=2024\" style=\"background-color:#ff0000\">CVO Road Glide FLTRXSE | FL4 (\u2265 2024)<\/a><\/div>\n<\/div>\n<\/div>\t\t<\/div>\n\t\t\t\t<\/div>\n\t\t\t\t<\/div>\n\t\t\t\t\t<\/div>\n\t\t\t\t<\/div>\n\t\t\t\t\t\t\t<\/div>","protected":false},"excerpt":{"rendered":"<p>\u2190 Zur\u00fcck zu Harley-Davidson Verf\u00fcgbare Nivomat-Systeme f\u00fcr Road Glide-Motorr\u00e4der aus dem Hause Harley-Davidson Road Glide FLTRI \/ FLTR | FL1 (1998 \u2013 2001) Road Glide FLTRI \/ FLTR | FL1 (2002 \u2013 2005) Road Glide FLTRI \/ FLTR | FL1 (2006 \u2013 2008) Road Glide FLTR | FL2 (2009) Road Glide Limited FLTRK | FL3 (\u2265 2020) CVO Road Glide Limited FLTRKSE | FL3 (\u2265 2022) CVO Road Glide LTD Anniversary FLTRKSEANV | FL3 (\u2265 2023) CVO Road Glide FLTRSE3 | FL2 (2009) Road Glide Ultra FLTRU | FL2 (2011 \u2013 2013) Road Glide Ultra FLTRU | FL3 (2016) Road Glide Ultra FLTRU | FL3 (\u2265 2017) CVO Road Glide Ultra FLTRUSE | FL2 (2011) CVO Road Glide Ultra FLTRUSE | FL3 (2015 \u2013 2016) Road Glide FLTRX | FL 3 (2015 \u2013 2016) Road Glide FLTRX | FL 3\/4 (\u2265 2017) Road Glide Custom FLTRX | FL 2 (2010 \u2013 2013) Road Glide Special FLTRXS | FL3 (2015 \u2013 2016) Road Glide Special FLTRXS | FL3 (\u2265 2017) Road Glide ST FLTRXST | FL3 (\u2265 2022) CVO Road Glide Custom FLTRXSE | FL2 (2012 \u2013 2014) CVO Road Glide FLTRXSE | FL3 (\u2265 2018) CVO Road Glide FLTRXSE | FL4 (\u2265 2024)<\/p>","protected":false},"author":2,"featured_media":0,"parent":1449,"menu_order":0,"comment_status":"closed","ping_status":"closed","template":"","meta":{"_themeisle_gutenberg_block_has_review":false,"footnotes":""},"class_list":["post-1462","page","type-page","status-publish","hentry"],"_links":{"self":[{"href":"https:\/\/nivomat.wilbers.de\/en\/wp-json\/wp\/v2\/pages\/1462","targetHints":{"allow":["GET"]}}],"collection":[{"href":"https:\/\/nivomat.wilbers.de\/en\/wp-json\/wp\/v2\/pages"}],"about":[{"href":"https:\/\/nivomat.wilbers.de\/en\/wp-json\/wp\/v2\/types\/page"}],"author":[{"embeddable":true,"href":"https:\/\/nivomat.wilbers.de\/en\/wp-json\/wp\/v2\/users\/2"}],"replies":[{"embeddable":true,"href":"https:\/\/nivomat.wilbers.de\/en\/wp-json\/wp\/v2\/comments?post=1462"}],"version-history":[{"count":59,"href":"https:\/\/nivomat.wilbers.de\/en\/wp-json\/wp\/v2\/pages\/1462\/revisions"}],"predecessor-version":[{"id":3485,"href":"https:\/\/nivomat.wilbers.de\/en\/wp-json\/wp\/v2\/pages\/1462\/revisions\/3485"}],"up":[{"embeddable":true,"href":"https:\/\/nivomat.wilbers.de\/en\/wp-json\/wp\/v2\/pages\/1449"}],"wp:attachment":[{"href":"https:\/\/nivomat.wilbers.de\/en\/wp-json\/wp\/v2\/media?parent=1462"}],"curies":[{"name":"wp","href":"https:\/\/api.w.org\/{rel}","templated":true}]}}