{"id":1464,"date":"2025-03-31T10:27:37","date_gmt":"2025-03-31T08:27:37","guid":{"rendered":"https:\/\/nivomat.wilbers.de\/?page_id=1464"},"modified":"2026-01-20T09:56:43","modified_gmt":"2026-01-20T08:56:43","slug":"electra-glide","status":"publish","type":"page","link":"https:\/\/nivomat.wilbers.de\/en\/verfuegbare-modelle\/harley-davidson\/electra-glide\/","title":{"rendered":"Harley Davidson Electra Glide"},"content":{"rendered":"<div data-elementor-type=\"wp-page\" data-elementor-id=\"1464\" class=\"elementor elementor-1464\">\n\t\t\t\t\t\t\t<div class=\"elementor-element elementor-element-2aa7f3aa e-flex e-con-boxed wpr-particle-no wpr-jarallax-no wpr-parallax-no wpr-sticky-section-no e-con e-parent\" data-id=\"2aa7f3aa\" data-element_type=\"container\" data-settings=\"{&quot;content_width&quot;:&quot;boxed&quot;}\" data-core-v316-plus=\"true\">\n\t\t\t\t\t<div class=\"e-con-inner\">\n\t\t<div class=\"elementor-element elementor-element-282621bd e-con-full e-flex wpr-particle-no wpr-jarallax-no wpr-parallax-no wpr-sticky-section-no e-con e-child\" data-id=\"282621bd\" data-element_type=\"container\" data-settings=\"{&quot;content_width&quot;:&quot;full&quot;}\">\n\t\t\t\t<div class=\"elementor-element elementor-element-2db228f3 elementor-widget__width-initial elementor-widget elementor-widget-html\" data-id=\"2db228f3\" data-element_type=\"widget\" data-widget_type=\"html.default\">\n\t\t\t\t<div class=\"elementor-widget-container\">\n\t\t\t<div style=\"border\">\n<p class=\"has-text-align-left\">\n<a href=\"\/en\/verfuegbare-modelle\/harley-davidson\/\" style=\"color: #fff;     border: 1px solid #ffff;    border-radius: 5px;    padding: 5px 5px;\">\n    \u2190 Back to Harley-Davidson\n    <\/a><\/p><\/div>\t\t<\/div>\n\t\t\t\t<\/div>\n\t\t\t\t<\/div>\n\t\t\t\t\t<\/div>\n\t\t\t\t<\/div>\n\t\t<div class=\"elementor-element elementor-element-42ca3019 e-flex e-con-boxed wpr-particle-no wpr-jarallax-no wpr-parallax-no wpr-sticky-section-no e-con e-parent\" data-id=\"42ca3019\" data-element_type=\"container\" data-settings=\"{&quot;content_width&quot;:&quot;boxed&quot;}\" data-core-v316-plus=\"true\">\n\t\t\t\t\t<div class=\"e-con-inner\">\n\t\t<div class=\"elementor-element elementor-element-3af86cdf e-con-full e-flex wpr-particle-no wpr-jarallax-no wpr-parallax-no wpr-sticky-section-no e-con e-child\" data-id=\"3af86cdf\" data-element_type=\"container\" data-settings=\"{&quot;content_width&quot;:&quot;full&quot;}\">\n\t\t\t\t<div class=\"elementor-element elementor-element-1741d32c elementor-widget__width-initial elementor-widget elementor-widget-html\" data-id=\"1741d32c\" data-element_type=\"widget\" data-widget_type=\"html.default\">\n\t\t\t\t<div class=\"elementor-widget-container\">\n\t\t\t<p class=\"has-text-align-center\">Available Nivomat systems for Electra Glide motorcycles from Harley-Davidson<\/p>\t\t<\/div>\n\t\t\t\t<\/div>\n\t\t\t\t<div class=\"elementor-element elementor-element-405ee4e8 elementor-widget elementor-widget-image\" data-id=\"405ee4e8\" data-element_type=\"widget\" data-widget_type=\"image.default\">\n\t\t\t\t<div class=\"elementor-widget-container\">\n\t\t\t<style>\/*! elementor - v3.18.0 - 20-12-2023 *\/\n.elementor-widget-image{text-align:center}.elementor-widget-image a{display:inline-block}.elementor-widget-image a img[src$=\".svg\"]{width:48px}.elementor-widget-image img{vertical-align:middle;display:inline-block}<\/style>\t\t\t\t\t\t\t\t\t\t\t\t<img decoding=\"async\" src=\"https:\/\/nivomat.wilbers.de\/wp-content\/uploads\/elementor\/thumbs\/harleydavidson-e1747987806519-r682gn9nnx7948i682ytd4a2d67na7ea9tacpyfpr0.png\" title=\"harleydavidson\" alt=\"Harley Davidson\" loading=\"lazy\" \/>\t\t\t\t\t\t\t\t\t\t\t\t\t\t\t<\/div>\n\t\t\t\t<\/div>\n\t\t\t\t<\/div>\n\t\t<div class=\"elementor-element elementor-element-60c17414 e-con-full e-flex wpr-particle-no wpr-jarallax-no wpr-parallax-no wpr-sticky-section-no e-con e-child\" data-id=\"60c17414\" data-element_type=\"container\" data-settings=\"{&quot;content_width&quot;:&quot;full&quot;}\">\n\t\t\t\t<div class=\"elementor-element elementor-element-1469a4ee elementor-widget elementor-widget-html\" data-id=\"1469a4ee\" data-element_type=\"widget\" data-widget_type=\"html.default\">\n\t\t\t\t<div class=\"elementor-widget-container\">\n\t\t\t<div class=\"wp-block-column is-layout-flow wp-block-column-is-layout-flow\">\n\n\n\n<div class=\"wp-block-buttons is-layout-flex wp-block-buttons-is-layout-flex\">\n<div class=\"wp-block-button\"><a class=\"wp-block-button__link has-contrast-color has-text-color has-background has-link-color wp-element-button\" href=\"https:\/\/www.wilbers.de\/shop\/Motorrad\/Harley-Davidson\/CVO-Electra-Glide-Ultra-Classic-FLHTCUSE4-5-6-7-8-FL2\/?year=2009\" style=\"background-color:#ff0000\">CVO Electra Glide Ultra Classic FLHTCUSE 4\/5\/6\/7\/8 | FL 2 (2009 \u2013 2013)<\/a><\/div>\n<\/div>\n\n\n\n<div class=\"wp-block-buttons is-layout-flex wp-block-buttons-is-layout-flex\">\n<div class=\"wp-block-button\"><a class=\"wp-block-button__link has-contrast-color has-text-color has-background has-link-color wp-element-button\" href=\"https:\/\/www.wilbers.de\/shop\/Motorrad\/Harley-Davidson\/Electra-Glide-Classic-FLHTC-FLHTCI-FL1\/?year=2006\" style=\"background-color:#ff0000\">Electra Glide Classic FLHTC \/ FLHTCI | FL1 (2006 \u2013 2008)<\/a><\/div>\n<\/div>\n\n\n\n<div class=\"wp-block-buttons is-layout-flex wp-block-buttons-is-layout-flex\">\n<div class=\"wp-block-button\"><a class=\"wp-block-button__link has-contrast-color has-text-color has-background has-link-color wp-element-button\" href=\"https:\/\/www.wilbers.de\/shop\/Motorrad\/Harley-Davidson\/Electra-Glide-Classic-FLHTC-Electra-Glide-Police-FLHTP-FL2\/?year=2010\" style=\"background-color:#ff0000\">Electra Glide Classic FLHTC | FL2 (2010 \u2013 2013)<\/a><\/div>\n<\/div>\n\n\n\n<div class=\"wp-block-buttons is-layout-flex wp-block-buttons-is-layout-flex\">\n<div class=\"wp-block-button\"><a class=\"wp-block-button__link has-contrast-color has-text-color has-background has-link-color wp-element-button\" href=\"https:\/\/www.wilbers.de\/shop\/Motorrad\/Harley-Davidson\/Electra-Glide-Highway-King-FLHFB-FL3\/?year=2023\" style=\"background-color:#ff0000\">Electra Glide Highway King FLHFB | FL3 (\u2265 2023)<\/a><\/div>\n<\/div>\n\n\n\n<div class=\"wp-block-buttons is-layout-flex wp-block-buttons-is-layout-flex\">\n<div class=\"wp-block-button\"><a class=\"wp-block-button__link has-contrast-color has-text-color has-background has-link-color wp-element-button\" href=\"https:\/\/www.wilbers.de\/shop\/Motorrad\/Harley-Davidson\/Electra-Glide-Classic-FLHTC-Electra-Glide-Police-FLHTP-FL2\/?year=2009\" style=\"background-color:#ff0000\">Electra Glide Police FLHTP | FL2 (2009 \u2013 2013)<\/a><\/div>\n<\/div>\n\n\n\n<div class=\"wp-block-buttons is-layout-flex wp-block-buttons-is-layout-flex\">\n<div class=\"wp-block-button\"><a class=\"wp-block-button__link has-contrast-color has-text-color has-background has-link-color wp-element-button\" href=\"https:\/\/www.wilbers.de\/shop\/Motorrad\/Harley-Davidson\/Electra-Glide-Police-FLHTP-FL3\/?year=2014\" style=\"background-color:#ff0000\">Electra Glide Police FLHTP | FL3 (2014 \u2013 2016)<\/a><\/div>\n<\/div>\n\n\n\n<div class=\"wp-block-buttons is-layout-flex wp-block-buttons-is-layout-flex\">\n<div class=\"wp-block-button\"><a class=\"wp-block-button__link has-contrast-color has-text-color has-background has-link-color wp-element-button\" href=\"https:\/\/www.wilbers.de\/shop\/Motorrad\/Harley-Davidson\/Electra-Glide-Police-FLHTP-FL3\/?year=2017\" style=\"background-color:#ff0000\">Electra Glide Police FLHTP | FL3 (\u2265 2017)<\/a><\/div>\n<\/div>\n\n\n\n<div class=\"wp-block-buttons is-layout-flex wp-block-buttons-is-layout-flex\">\n<div class=\"wp-block-button is-style-fill\"><a class=\"wp-block-button__link has-contrast-color has-text-color has-background has-link-color wp-element-button\" href=\"https:\/\/www.wilbers.de\/shop\/Motorrad\/Harley-Davidson\/Electra-Glide-Revival-FLH-FL3\/?year=2021\" style=\"background-color:#ff0000\">Electra Glide Revival FLH | FL3 (\u2265 2021)<\/a><\/div>\n<\/div>\n\n\n \n<div class=\"wp-block-buttons is-layout-flex wp-block-buttons-is-layout-flex\">\n<div class=\"wp-block-button is-style-fill\"><a class=\"wp-block-button__link has-contrast-color has-text-color has-background has-link-color wp-element-button\" href=\"https:\/\/www.wilbers.de\/shop\/Motorrad\/Harley-Davidson\/Electra-Glide-Standard-FLHT-FLT-FL1\/?year=2006\" style=\"background-color:#ff0000\">Electra Glide Standard FLHT \/ FLHTI | FL1 (2006 \u2013 2008)<\/a><\/div>\n<\/div>\n\n\n\n<div class=\"wp-block-buttons is-layout-flex wp-block-buttons-is-layout-flex\">\n<div class=\"wp-block-button\"><a class=\"wp-block-button__link has-contrast-color has-text-color has-background has-link-color wp-element-button\" href=\"https:\/\/www.wilbers.de\/shop\/Motorrad\/Harley-Davidson\/Electra-Glide-Standard-FLHT-FL2\/?year=2009\" style=\"background-color:#ff0000\">Electra Glide Standard FLHT | FL2 (2009 \u2013 2010)<\/a><\/div>\n<\/div>\n\n\n\n<div class=\"wp-block-buttons is-layout-flex wp-block-buttons-is-layout-flex\">\n<div class=\"wp-block-button\"><a class=\"wp-block-button__link has-contrast-color has-text-color has-background has-link-color wp-element-button\" href=\"https:\/\/www.wilbers.de\/shop\/Motorrad\/Harley-Davidson\/Electra-Glide-Standard-FLHT-FL3\/?year=2017\" style=\"background-color:#ff0000\">Electra Glide Standard FLHT | FL3 (\u2265 2017)<\/a><\/div>\n<\/div>\n\n\n\n<div class=\"wp-block-buttons is-layout-flex wp-block-buttons-is-layout-flex\">\n<div class=\"wp-block-button\"><a class=\"wp-block-button__link has-contrast-color has-text-color has-background has-link-color wp-element-button\" href=\"https:\/\/www.wilbers.de\/shop\/Motorrad\/Harley-Davidson\/Electra-Glide-Standard-Police-FLHTPI-FL1\/?year=2002\" style=\"background-color:#ff0000\">Electra Glide Standard Police FLHTPI | FL 1 (2002 \u2013 2005)<\/a><\/div>\n<\/div>\n\n\n\n<div class=\"wp-block-buttons is-layout-flex wp-block-buttons-is-layout-flex\">\n<div class=\"wp-block-button\"><a class=\"wp-block-button__link has-contrast-color has-text-color has-background has-link-color wp-element-button\" href=\"https:\/\/www.wilbers.de\/shop\/Motorrad\/Harley-Davidson\/Electra-Glide-Standard-Police-FLHTPI-FL1\/?year=2006\" style=\"background-color:#ff0000\">Electra Glide Standard Police FLHTPI | FL 1 (2006 \u2013 2008)<\/a><\/div>\n<\/div>\n\n\n\n<div class=\"wp-block-buttons is-layout-flex wp-block-buttons-is-layout-flex\">\n<div class=\"wp-block-button\"><a class=\"wp-block-button__link has-contrast-color has-text-color has-background has-link-color wp-element-button\" href=\"https:\/\/www.wilbers.de\/shop\/Motorrad\/Harley-Davidson\/Electra-Glide-Ultra-Classic-FLHTCU-107-FL3\/?year=2017\" style=\"background-color:#ff0000\">Electra Glide Ultra Classic FLHTCU \/ 107 | FL3 (\u2265 2017)<\/a><\/div>\n<\/div>\n\n\n\n<div class=\"wp-block-buttons is-layout-flex wp-block-buttons-is-layout-flex\">\n<div class=\"wp-block-button\"><a class=\"wp-block-button__link has-contrast-color has-text-color has-background has-link-color wp-element-button\" href=\"https:\/\/www.wilbers.de\/shop\/Motorrad\/Harley-Davidson\/Electra-Glide-Ultra-Classic-FLHTCU-FLT-FL1\/?year=2006\" style=\"background-color:#ff0000\">Electra Glide Ultra Classic FLHTCU \/ FLHTCUI | FL1 (2006 \u2013 2008)<\/a><\/div>\n<\/div>\n\n\n\n<div class=\"wp-block-buttons is-layout-flex wp-block-buttons-is-layout-flex\">\n<div class=\"wp-block-button\"><a class=\"wp-block-button__link has-contrast-color has-text-color has-background has-link-color wp-element-button\" href=\"https:\/\/www.wilbers.de\/shop\/Motorrad\/Harley-Davidson\/Electra-Glide-Ultra-Classic-FLHTCU-FL3\/?year=2014\" style=\"background-color:#ff0000\">Electra Glide Ultra Classic FLHTCU | FL3 (2014 \u2013 2016)<\/a><\/div>\n<\/div>\n\n\n\n<div class=\"wp-block-buttons is-layout-flex wp-block-buttons-is-layout-flex\">\n<div class=\"wp-block-button\"><a class=\"wp-block-button__link has-contrast-color has-text-color has-background has-link-color wp-element-button\" href=\"https:\/\/www.wilbers.de\/shop\/Motorrad\/Harley-Davidson\/Electra-Glide-Ultra-Classic-Twin-Cooled-FLHTCU-TC-FL3\/?year=2014\" style=\"background-color:#ff0000\">Electra Glide Ultra Classic FLHTCU TC | FL3 (2014 \u2013 2016)<\/a><\/div>\n<\/div>\n\n\n\n<div class=\"wp-block-buttons is-layout-flex wp-block-buttons-is-layout-flex\">\n<div class=\"wp-block-button\"><a class=\"wp-block-button__link has-contrast-color has-text-color has-background has-link-color wp-element-button\" href=\"https:\/\/www.wilbers.de\/shop\/Motorrad\/Harley-Davidson\/Electra-Glide-Ultra-Limited-FLHTK-FL2\/?year=2010\" style=\"background-color:#ff0000\">Electra Glide Ultra Limited FLHTK | FL 2 (2010 \u2013 2013)<\/a><\/div>\n<\/div>\n\n\n\n<div class=\"wp-block-buttons is-layout-flex wp-block-buttons-is-layout-flex\">\n<div class=\"wp-block-button\"><a class=\"wp-block-button__link has-contrast-color has-text-color has-background has-link-color wp-element-button\" href=\"https:\/\/www.wilbers.de\/shop\/Motorrad\/Harley-Davidson\/Electra-Glide-Ultra-Limited-FLHTK-FL3\/?year=2014\" style=\"background-color:#ff0000\">Electra Glide Ultra Limited FLHTK | FL 3 (2014 \u2013 2016)<\/a><\/div>\n<\/div>\n\n\n\n<div class=\"wp-block-buttons is-layout-flex wp-block-buttons-is-layout-flex\">\n<div class=\"wp-block-button\"><a class=\"wp-block-button__link has-contrast-color has-text-color has-background has-link-color wp-element-button\" href=\"https:\/\/www.wilbers.de\/shop\/Motorrad\/Harley-Davidson\/Electra-Glide-Ultra-Limited-FLHTK-FL3\/?year=2017\" style=\"background-color:#ff0000\">Electra Glide Ultra Limited FLHTK | FL 3 (\u2265 2017)<\/a><\/div>\n<\/div>\n\n\n\n<div class=\"wp-block-buttons is-layout-flex wp-block-buttons-is-layout-flex\">\n<div class=\"wp-block-button\"><a class=\"wp-block-button__link has-contrast-color has-text-color has-background has-link-color wp-element-button\" href=\"https:\/\/www.wilbers.de\/shop\/Motorrad\/Harley-Davidson\/Electra-Glide-Ultra-Limited-Low-FLHTKL\/?year=2015\" style=\"background-color:#ff0000\">Electra Glide Ultra Limited Low FLHTKL | FL 3 (2015 \u2013 2016)<\/a><\/div>\n<\/div>\n\n\n\n<div class=\"wp-block-buttons is-layout-flex wp-block-buttons-is-layout-flex\">\n<div class=\"wp-block-button\"><a class=\"wp-block-button__link has-contrast-color has-text-color has-background has-link-color wp-element-button\" href=\"https:\/\/www.wilbers.de\/shop\/Motorrad\/Harley-Davidson\/Ultra-Limited-Low-FLHTKL-FL3\/?year=2017\" style=\"background-color:#ff0000\">Electra Glide Ultra Limited Low FLHTKL | FL 3 (\u2265 2017)<\/a><\/div>\n<\/div>\n\n\n\n<\/div>\t\t<\/div>\n\t\t\t\t<\/div>\n\t\t\t\t<\/div>\n\t\t\t\t\t<\/div>\n\t\t\t\t<\/div>\n\t\t\t\t\t\t\t<\/div>","protected":false},"excerpt":{"rendered":"<p>\u2190 Zur\u00fcck zu Harley-Davidson Verf\u00fcgbare Nivomat-Systeme f\u00fcr Electra Glide-Motorr\u00e4der aus dem Hause Harley-Davidson CVO Electra Glide Ultra Classic FLHTCUSE 4\/5\/6\/7\/8 | FL 2 (2009 \u2013 2013) Electra Glide Classic FLHTC \/ FLHTCI | FL1 (2006 \u2013 2008) Electra Glide Classic FLHTC | FL2 (2010 \u2013 2013) Electra Glide Highway King FLHFB | FL3 (\u2265 2023) Electra Glide Police FLHTP | FL2 (2009 \u2013 2013) Electra Glide Police FLHTP | FL3 (2014 \u2013 2016) Electra Glide Police FLHTP | FL3 (\u2265 2017) Electra Glide Revival FLH | FL3 (\u2265 2021) Electra Glide Standard FLHT \/ FLHTI | FL1 (2006 \u2013 2008) Electra Glide Standard FLHT | FL2 (2009 \u2013 2010) Electra Glide Standard FLHT | FL3 (\u2265 2017) Electra Glide Standard Police FLHTPI | FL 1 (2002 \u2013 2005) Electra Glide Standard Police FLHTPI | FL 1 (2006 \u2013 2008) Electra Glide Ultra Classic FLHTCU \/ 107 | FL3 (\u2265 2017) Electra Glide Ultra Classic FLHTCU \/ FLHTCUI | FL1 (2006 \u2013 2008) Electra Glide Ultra Classic FLHTCU | FL3 (2014 \u2013 2016) Electra Glide Ultra Classic FLHTCU TC | FL3 (2014 \u2013 2016) Electra Glide Ultra Limited FLHTK | FL 2 (2010 \u2013 2013) Electra Glide Ultra Limited FLHTK | FL 3 (2014 \u2013 2016) Electra Glide Ultra Limited FLHTK | FL 3 (\u2265 2017) Electra Glide Ultra Limited Low FLHTKL | FL 3 (2015 \u2013 2016) Electra Glide Ultra Limited Low FLHTKL | FL 3 (\u2265 2017)<\/p>","protected":false},"author":2,"featured_media":0,"parent":1449,"menu_order":0,"comment_status":"closed","ping_status":"closed","template":"","meta":{"_themeisle_gutenberg_block_has_review":false,"footnotes":""},"class_list":["post-1464","page","type-page","status-publish","hentry"],"_links":{"self":[{"href":"https:\/\/nivomat.wilbers.de\/en\/wp-json\/wp\/v2\/pages\/1464","targetHints":{"allow":["GET"]}}],"collection":[{"href":"https:\/\/nivomat.wilbers.de\/en\/wp-json\/wp\/v2\/pages"}],"about":[{"href":"https:\/\/nivomat.wilbers.de\/en\/wp-json\/wp\/v2\/types\/page"}],"author":[{"embeddable":true,"href":"https:\/\/nivomat.wilbers.de\/en\/wp-json\/wp\/v2\/users\/2"}],"replies":[{"embeddable":true,"href":"https:\/\/nivomat.wilbers.de\/en\/wp-json\/wp\/v2\/comments?post=1464"}],"version-history":[{"count":51,"href":"https:\/\/nivomat.wilbers.de\/en\/wp-json\/wp\/v2\/pages\/1464\/revisions"}],"predecessor-version":[{"id":3511,"href":"https:\/\/nivomat.wilbers.de\/en\/wp-json\/wp\/v2\/pages\/1464\/revisions\/3511"}],"up":[{"embeddable":true,"href":"https:\/\/nivomat.wilbers.de\/en\/wp-json\/wp\/v2\/pages\/1449"}],"wp:attachment":[{"href":"https:\/\/nivomat.wilbers.de\/en\/wp-json\/wp\/v2\/media?parent=1464"}],"curies":[{"name":"wp","href":"https:\/\/api.w.org\/{rel}","templated":true}]}}