{"id":1466,"date":"2025-03-31T10:41:35","date_gmt":"2025-03-31T08:41:35","guid":{"rendered":"https:\/\/nivomat.wilbers.de\/?page_id=1466"},"modified":"2026-01-19T09:37:02","modified_gmt":"2026-01-19T08:37:02","slug":"street-glide","status":"publish","type":"page","link":"https:\/\/nivomat.wilbers.de\/en\/verfuegbare-modelle\/harley-davidson\/street-glide\/","title":{"rendered":"Harley Davidson Street Glide"},"content":{"rendered":"<div data-elementor-type=\"wp-page\" data-elementor-id=\"1466\" class=\"elementor elementor-1466\">\n\t\t\t\t\t\t\t<div class=\"elementor-element elementor-element-7634331a e-flex e-con-boxed wpr-particle-no wpr-jarallax-no wpr-parallax-no wpr-sticky-section-no e-con e-parent\" data-id=\"7634331a\" data-element_type=\"container\" data-settings=\"{&quot;content_width&quot;:&quot;boxed&quot;}\" data-core-v316-plus=\"true\">\n\t\t\t\t\t<div class=\"e-con-inner\">\n\t\t<div class=\"elementor-element elementor-element-6f9941f2 e-con-full e-flex wpr-particle-no wpr-jarallax-no wpr-parallax-no wpr-sticky-section-no e-con e-child\" data-id=\"6f9941f2\" data-element_type=\"container\" data-settings=\"{&quot;content_width&quot;:&quot;full&quot;}\">\n\t\t\t\t<div class=\"elementor-element elementor-element-7d191688 elementor-widget__width-initial elementor-widget elementor-widget-html\" data-id=\"7d191688\" data-element_type=\"widget\" data-widget_type=\"html.default\">\n\t\t\t\t<div class=\"elementor-widget-container\">\n\t\t\t<div style=\"border\">\n<p class=\"has-text-align-left\">\n<a href=\"\/en\/verfuegbare-modelle\/harley-davidson\/\" style=\"color: #fff;     border: 1px solid #ffff;    border-radius: 5px;    padding: 5px 5px;\">\n    \u2190 Back to Harley-Davidson\n    <\/a><\/p><\/div>\t\t<\/div>\n\t\t\t\t<\/div>\n\t\t\t\t<\/div>\n\t\t\t\t\t<\/div>\n\t\t\t\t<\/div>\n\t\t<div class=\"elementor-element elementor-element-56738cfd e-flex e-con-boxed wpr-particle-no wpr-jarallax-no wpr-parallax-no wpr-sticky-section-no e-con e-parent\" data-id=\"56738cfd\" data-element_type=\"container\" data-settings=\"{&quot;content_width&quot;:&quot;boxed&quot;}\" data-core-v316-plus=\"true\">\n\t\t\t\t\t<div class=\"e-con-inner\">\n\t\t<div class=\"elementor-element elementor-element-14a783cb e-con-full e-flex wpr-particle-no wpr-jarallax-no wpr-parallax-no wpr-sticky-section-no e-con e-child\" data-id=\"14a783cb\" data-element_type=\"container\" data-settings=\"{&quot;content_width&quot;:&quot;full&quot;}\">\n\t\t\t\t<div class=\"elementor-element elementor-element-2c0970ad elementor-widget__width-initial elementor-widget elementor-widget-html\" data-id=\"2c0970ad\" data-element_type=\"widget\" data-widget_type=\"html.default\">\n\t\t\t\t<div class=\"elementor-widget-container\">\n\t\t\t<p class=\"has-text-align-center\">Available Nivomat systems for Street Glide motorcycles from Harley-Davidson<\/p>\t\t<\/div>\n\t\t\t\t<\/div>\n\t\t\t\t<div class=\"elementor-element elementor-element-42d57028 elementor-widget elementor-widget-image\" data-id=\"42d57028\" data-element_type=\"widget\" data-widget_type=\"image.default\">\n\t\t\t\t<div class=\"elementor-widget-container\">\n\t\t\t<style>\/*! elementor - v3.18.0 - 20-12-2023 *\/\n.elementor-widget-image{text-align:center}.elementor-widget-image a{display:inline-block}.elementor-widget-image a img[src$=\".svg\"]{width:48px}.elementor-widget-image img{vertical-align:middle;display:inline-block}<\/style>\t\t\t\t\t\t\t\t\t\t\t\t<img decoding=\"async\" src=\"https:\/\/nivomat.wilbers.de\/wp-content\/uploads\/elementor\/thumbs\/harleydavidson-e1747987806519-r682gn9nnx7948i682ytd4a2d67na7ea9tacpyfpr0.png\" title=\"harleydavidson\" alt=\"Harley Davidson\" loading=\"lazy\" \/>\t\t\t\t\t\t\t\t\t\t\t\t\t\t\t<\/div>\n\t\t\t\t<\/div>\n\t\t\t\t<\/div>\n\t\t<div class=\"elementor-element elementor-element-23814404 e-con-full e-flex wpr-particle-no wpr-jarallax-no wpr-parallax-no wpr-sticky-section-no e-con e-child\" data-id=\"23814404\" data-element_type=\"container\" data-settings=\"{&quot;content_width&quot;:&quot;full&quot;}\">\n\t\t\t\t<div class=\"elementor-element elementor-element-376296ea elementor-widget elementor-widget-html\" data-id=\"376296ea\" data-element_type=\"widget\" data-widget_type=\"html.default\">\n\t\t\t\t<div class=\"elementor-widget-container\">\n\t\t\t<div class=\"wp-block-column is-layout-flow wp-block-column-is-layout-flow\">\n\n\n\n<div class=\"wp-block-buttons is-layout-flex wp-block-buttons-is-layout-flex\">\n<div class=\"wp-block-button is-style-fill\"><a class=\"wp-block-button__link has-contrast-color has-text-color has-background has-link-color wp-element-button\" style=\"background-color:#ff0000\" href=\"https:\/\/www.wilbers.de\/shop\/Motorrad\/Harley-Davidson\/Street-Glide-Ultra-FLHXU-FL4\/?year=2025\">Street Glide Ultra FLHXU | FL4 (\u2265 2025)<\/a><\/div>\n<\/div>\n\n\n\n<div class=\"wp-block-buttons is-layout-flex wp-block-buttons-is-layout-flex\">\n<div class=\"wp-block-button is-style-fill\"><a class=\"wp-block-button__link has-contrast-color has-text-color has-background has-link-color wp-element-button\" href=\"https:\/\/www.wilbers.de\/shop\/Motorrad\/Harley-Davidson\/CVO-Street-Glide-FLHXSE-FL4\/?year=2024\" style=\"background-color:#ff0000\">CVO Street Glide FLHXSE | FL4 (\u2265 2024)<\/a><\/div>\n<\/div>\n\n\n\n<div class=\"wp-block-buttons is-layout-flex wp-block-buttons-is-layout-flex\">\n<div class=\"wp-block-button\"><a class=\"wp-block-button__link has-contrast-color has-text-color has-background has-link-color wp-element-button\" href=\"https:\/\/www.wilbers.de\/shop\/Motorrad\/Harley-Davidson\/CVO-Street-Glide-FLHXSE-FL3\/?year=2020\" style=\"background-color:#ff0000\">CVO Street Glide FLHXSE | FL3 (\u2265 2020)<\/a><\/div>\n<\/div>\n\n\n\n<div class=\"wp-block-buttons is-layout-flex wp-block-buttons-is-layout-flex\">\n<div class=\"wp-block-button\"><a class=\"wp-block-button__link has-contrast-color has-text-color has-background has-link-color wp-element-button\" href=\"https:\/\/www.wilbers.de\/shop\/Motorrad\/Harley-Davidson\/CVO-Street-Glide-FLHXSE-FL3\/?year=2017\" style=\"background-color:#ff0000\">CVO Street Glide FLHXSE | FL3 (2017 \u2013 2019)<\/a><\/div>\n<\/div>\n\n\n\n<div class=\"wp-block-buttons is-layout-flex wp-block-buttons-is-layout-flex\">\n<div class=\"wp-block-button\"><a class=\"wp-block-button__link has-contrast-color has-text-color has-background has-link-color wp-element-button\" href=\"https:\/\/www.wilbers.de\/shop\/Motorrad\/Harley-Davidson\/CVO-Street-Glide-FLHXSE-FL3\/?year=2015\" style=\"background-color:#ff0000\">CVO Street Glide FLHXSE | FL3 (2015 \u2013 2016)<\/a><\/div>\n<\/div>\n\n\n\n<div class=\"wp-block-buttons is-layout-flex wp-block-buttons-is-layout-flex\">\n<div class=\"wp-block-button\"><a class=\"wp-block-button__link has-contrast-color has-text-color has-background has-link-color wp-element-button\" href=\"https:\/\/www.wilbers.de\/shop\/Motorrad\/Harley-Davidson\/CVO-Street-Glide-FLHXSE-FL2\/?year=2010\" style=\"background-color:#ff0000\">CVO Street Glide FLHXSE | FL2 (2010 \u2013 2012)<\/a><\/div>\n<\/div>\n\n\n\n<div class=\"wp-block-buttons is-layout-flex wp-block-buttons-is-layout-flex\">\n<div class=\"wp-block-button\"><a class=\"wp-block-button__link has-contrast-color has-text-color has-background has-link-color wp-element-button\" href=\"https:\/\/www.wilbers.de\/shop\/Motorrad\/Harley-Davidson\/Street-Glide-Special-FLHXS-FL3\/?year=2017\" style=\"background-color:#ff0000\">Street Glide Special FLHXS | FL3 (\u2265 2017)<\/a><\/div>\n<\/div>\n\n\n\n<div class=\"wp-block-buttons is-layout-flex wp-block-buttons-is-layout-flex\">\n<div class=\"wp-block-button\"><a class=\"wp-block-button__link has-contrast-color has-text-color has-background has-link-color wp-element-button\" href=\"https:\/\/www.wilbers.de\/shop\/Motorrad\/Harley-Davidson\/Street-Glide-Special-FLHXS-FL3\/?year=2015\" style=\"background-color:#ff0000\">Street Glide Special FLHXS | FL3 (2015 \u2013 2016)<\/a><\/div>\n<\/div>\n\n\n\n<div class=\"wp-block-buttons is-layout-flex wp-block-buttons-is-layout-flex\">\n<div class=\"wp-block-button\"><a class=\"wp-block-button__link has-contrast-color has-text-color has-background has-link-color wp-element-button\" href=\"https:\/\/www.wilbers.de\/shop\/Motorrad\/Harley-Davidson\/Street-Glide-Special-FLHXS-FL3\/?year=2014\" style=\"background-color:#ff0000\">Street Glide Special FLHXS | FL3 (2014)<\/a><\/div>\n<\/div>\n\n\n\n<div class=\"wp-block-buttons is-layout-flex wp-block-buttons-is-layout-flex\">\n<div class=\"wp-block-button is-style-fill\"><a class=\"wp-block-button__link has-contrast-color has-text-color has-background has-link-color wp-element-button\" style=\"background-color:#ff0000\" href=\"https:\/\/www.wilbers.de\/shop\/Motorrad\/Harley-Davidson\/Street-Glide-ST-FLHXST-FL3\/?year=2022\">Street Glide FLHXST | FL3 (\u2265 2022)<\/a><\/div>\n<\/div>\n\n\n\n<div class=\"wp-block-buttons is-layout-flex wp-block-buttons-is-layout-flex\">\n<div class=\"wp-block-button\"><a class=\"wp-block-button__link has-contrast-color has-text-color has-background has-link-color wp-element-button\" href=\"https:\/\/www.wilbers.de\/shop\/Motorrad\/Harley-Davidson\/Street-Glide-Anniversary-FLHX-FL4\/?year=2024\" style=\"background-color:#ff0000\">Street Glide Anniversary FLHX | FL4 (\u2265 2024)<\/a><\/div>\n<\/div>\n\n\n\n<div class=\"wp-block-buttons is-layout-flex wp-block-buttons-is-layout-flex\">\n<div class=\"wp-block-button\"><a class=\"wp-block-button__link has-contrast-color has-text-color has-background has-link-color wp-element-button\" href=\"https:\/\/www.wilbers.de\/shop\/Motorrad\/Harley-Davidson\/Street-Glide-Anniversary-FLHX-FL3\/?year=2017\" style=\"background-color:#ff0000\">Street Glide Anniversary FLHX | FL3 (2017 \u2013 2023)<\/a><\/div>\n<\/div>\n\n\n\n<div class=\"wp-block-buttons is-layout-flex wp-block-buttons-is-layout-flex\">\n<div class=\"wp-block-button\"><a class=\"wp-block-button__link has-contrast-color has-text-color has-background has-link-color wp-element-button\" href=\"https:\/\/www.wilbers.de\/shop\/Motorrad\/Harley-Davidson\/Street-Glide-FLHX-FL4\/?year=2024\" style=\"background-color:#ff0000\">Street Glide FLHX | FL4 (\u2265 2024)<\/a><\/div>\n<\/div>\n\n\n\n<div class=\"wp-block-buttons is-layout-flex wp-block-buttons-is-layout-flex\">\n<div class=\"wp-block-button\"><a class=\"wp-block-button__link has-contrast-color has-text-color has-background has-link-color wp-element-button\" href=\"https:\/\/www.wilbers.de\/shop\/Motorrad\/Harley-Davidson\/Street-Glide-FLHX-FL3\/?year=2017\" style=\"background-color:#ff0000\">Street Glide FLHX | FL3 (2017 \u2013 2023)<\/a><\/div>\n<\/div>\n\n\n\n<div class=\"wp-block-buttons is-layout-flex wp-block-buttons-is-layout-flex\">\n<div class=\"wp-block-button\"><a class=\"wp-block-button__link has-contrast-color has-text-color has-background has-link-color wp-element-button\" href=\"https:\/\/www.wilbers.de\/shop\/Motorrad\/Harley-Davidson\/Street-Glide-FLHX-FL3\/?year=2015\" style=\"background-color:#ff0000\">Street Glide FLHX | FL3 (2015 \u2013 2016)<\/a><\/div>\n<\/div>\n\n\n<div class=\"wp-block-buttons is-layout-flex wp-block-buttons-is-layout-flex\">\n<div class=\"wp-block-button\"><a class=\"wp-block-button__link has-contrast-color has-text-color has-background has-link-color wp-element-button\" href=\"https:\/\/www.wilbers.de\/shop\/Motorrad\/Harley-Davidson\/Street-Glide-FLHX-FL3\/?year=2014\" style=\"background-color:#ff0000\">Street Glide FLHX | FL3 (2014)<\/a><\/div><\/div>\n\n\n<div class=\"wp-block-buttons is-layout-flex wp-block-buttons-is-layout-flex\">\n<div class=\"wp-block-button\"><a class=\"wp-block-button__link has-contrast-color has-text-color has-background has-link-color wp-element-button\" href=\"https:\/\/www.wilbers.de\/shop\/Motorrad\/Harley-Davidson\/Street-Glide-FLHX-FL2\/?year=2009\" style=\"background-color:#ff0000\">Street Glide FLHX | FL2 (2009 \u2013 2013)<\/a><\/div><\/div>\n\n\n<div class=\"wp-block-buttons is-layout-flex wp-block-buttons-is-layout-flex\">\n<div class=\"wp-block-button\"><a class=\"wp-block-button__link has-contrast-color has-text-color has-background has-link-color wp-element-button\" href=\"https:\/\/www.wilbers.de\/shop\/Motorrad\/Harley-Davidson\/Street-Glide-FLHX-FL1\/?year=2006\" style=\"background-color:#ff0000\">Street Glide FLHX | FL1 (2006 \u2013 2008)<\/a><\/div><\/div>\n\n\n<div class=\"wp-block-buttons is-layout-flex wp-block-buttons-is-layout-flex\">\n<div class=\"wp-block-button\"><a class=\"wp-block-button__link has-contrast-color has-text-color has-background has-link-color wp-element-button\" href=\"https:\/\/www.wilbers.de\/shop\/Motorrad\/Harley-Davidson\/Street-Glide-FLHX-FL1\/?year=2006\" style=\"background-color:#ff0000\">Street Glide FLHXU | FL4 (\u2265 2025)<\/a><\/div><\/div>\n\n\n<\/div>\t\t<\/div>\n\t\t\t\t<\/div>\n\t\t\t\t<\/div>\n\t\t\t\t\t<\/div>\n\t\t\t\t<\/div>\n\t\t\t\t\t\t\t<\/div>","protected":false},"excerpt":{"rendered":"<p>\u2190 Zur\u00fcck zu Harley-Davidson Verf\u00fcgbare Nivomat-Systeme f\u00fcr Street Glide-Motorr\u00e4der aus dem Hause Harley-Davidson Street Glide Ultra FLHXU | FL4 (\u2265 2025) CVO Street Glide FLHXSE | FL4 (\u2265 2024) CVO Street Glide FLHXSE | FL3 (\u2265 2020) CVO Street Glide FLHXSE | FL3 (2017 \u2013 2019) CVO Street Glide FLHXSE | FL3 (2015 \u2013 2016) CVO Street Glide FLHXSE | FL2 (2010 \u2013 2012) Street Glide Special FLHXS | FL3 (\u2265 2017) Street Glide Special FLHXS | FL3 (2015 \u2013 2016) Street Glide Special FLHXS | FL3 (2014) Street Glide FLHXST | FL3 (\u2265 2022) Street Glide Anniversary FLHX | FL4 (\u2265 2024) Street Glide Anniversary FLHX | FL3 (2017 \u2013 2023) Street Glide FLHX | FL4 (\u2265 2024) Street Glide FLHX | FL3 (2017 \u2013 2023) Street Glide FLHX | FL3 (2015 \u2013 2016) Street Glide FLHX | FL3 (2014) Street Glide FLHX | FL2 (2009 \u2013 2013) Street Glide FLHX | FL1 (2006 \u2013 2008) Street Glide FLHXU | FL4 (\u2265 2025)<\/p>","protected":false},"author":2,"featured_media":0,"parent":1449,"menu_order":0,"comment_status":"closed","ping_status":"closed","template":"","meta":{"_themeisle_gutenberg_block_has_review":false,"footnotes":""},"class_list":["post-1466","page","type-page","status-publish","hentry"],"_links":{"self":[{"href":"https:\/\/nivomat.wilbers.de\/en\/wp-json\/wp\/v2\/pages\/1466","targetHints":{"allow":["GET"]}}],"collection":[{"href":"https:\/\/nivomat.wilbers.de\/en\/wp-json\/wp\/v2\/pages"}],"about":[{"href":"https:\/\/nivomat.wilbers.de\/en\/wp-json\/wp\/v2\/types\/page"}],"author":[{"embeddable":true,"href":"https:\/\/nivomat.wilbers.de\/en\/wp-json\/wp\/v2\/users\/2"}],"replies":[{"embeddable":true,"href":"https:\/\/nivomat.wilbers.de\/en\/wp-json\/wp\/v2\/comments?post=1466"}],"version-history":[{"count":62,"href":"https:\/\/nivomat.wilbers.de\/en\/wp-json\/wp\/v2\/pages\/1466\/revisions"}],"predecessor-version":[{"id":3411,"href":"https:\/\/nivomat.wilbers.de\/en\/wp-json\/wp\/v2\/pages\/1466\/revisions\/3411"}],"up":[{"embeddable":true,"href":"https:\/\/nivomat.wilbers.de\/en\/wp-json\/wp\/v2\/pages\/1449"}],"wp:attachment":[{"href":"https:\/\/nivomat.wilbers.de\/en\/wp-json\/wp\/v2\/media?parent=1466"}],"curies":[{"name":"wp","href":"https:\/\/api.w.org\/{rel}","templated":true}]}}