{"id":1470,"date":"2025-03-31T10:56:32","date_gmt":"2025-03-31T08:56:32","guid":{"rendered":"https:\/\/nivomat.wilbers.de\/?page_id=1470"},"modified":"2026-03-06T09:24:14","modified_gmt":"2026-03-06T08:24:14","slug":"softail","status":"publish","type":"page","link":"https:\/\/nivomat.wilbers.de\/en\/verfuegbare-modelle\/harley-davidson\/softail\/","title":{"rendered":"Softail-Modelle"},"content":{"rendered":"<div data-elementor-type=\"wp-page\" data-elementor-id=\"1470\" class=\"elementor elementor-1470\">\n\t\t\t\t\t\t\t<div class=\"elementor-element elementor-element-17a0145e e-flex e-con-boxed wpr-particle-no wpr-jarallax-no wpr-parallax-no wpr-sticky-section-no e-con e-parent\" data-id=\"17a0145e\" data-element_type=\"container\" data-settings=\"{&quot;content_width&quot;:&quot;boxed&quot;}\" data-core-v316-plus=\"true\">\n\t\t\t\t\t<div class=\"e-con-inner\">\n\t\t<div class=\"elementor-element elementor-element-36892aee e-con-full e-flex wpr-particle-no wpr-jarallax-no wpr-parallax-no wpr-sticky-section-no e-con e-child\" data-id=\"36892aee\" data-element_type=\"container\" data-settings=\"{&quot;content_width&quot;:&quot;full&quot;}\">\n\t\t\t\t<div class=\"elementor-element elementor-element-579521c8 elementor-widget__width-initial elementor-widget elementor-widget-html\" data-id=\"579521c8\" data-element_type=\"widget\" data-widget_type=\"html.default\">\n\t\t\t\t<div class=\"elementor-widget-container\">\n\t\t\t<div style=\"border\">\n<p class=\"has-text-align-left\">\n<a href=\"\/en\/verfuegbare-modelle\/harley-davidson\/\" style=\"color: #fff;     border: 1px solid #ffff;    border-radius: 5px;    padding: 5px 5px;\">\n    \u2190 Back to Harley-Davidson\n    <\/a><\/p><\/div>\t\t<\/div>\n\t\t\t\t<\/div>\n\t\t\t\t<\/div>\n\t\t\t\t\t<\/div>\n\t\t\t\t<\/div>\n\t\t<div class=\"elementor-element elementor-element-1f416149 e-flex e-con-boxed wpr-particle-no wpr-jarallax-no wpr-parallax-no wpr-sticky-section-no e-con e-parent\" data-id=\"1f416149\" data-element_type=\"container\" data-settings=\"{&quot;content_width&quot;:&quot;boxed&quot;}\" data-core-v316-plus=\"true\">\n\t\t\t\t\t<div class=\"e-con-inner\">\n\t\t<div class=\"elementor-element elementor-element-7632b098 e-con-full e-flex wpr-particle-no wpr-jarallax-no wpr-parallax-no wpr-sticky-section-no e-con e-child\" data-id=\"7632b098\" data-element_type=\"container\" data-settings=\"{&quot;content_width&quot;:&quot;full&quot;}\">\n\t\t\t\t<div class=\"elementor-element elementor-element-4d51991e elementor-widget__width-initial elementor-widget elementor-widget-html\" data-id=\"4d51991e\" data-element_type=\"widget\" data-widget_type=\"html.default\">\n\t\t\t\t<div class=\"elementor-widget-container\">\n\t\t\t<p class=\"has-text-align-center\">Available Nivomat systems for Softail motorcycles from Harley-Davidson<\/p>\t\t<\/div>\n\t\t\t\t<\/div>\n\t\t\t\t<div class=\"elementor-element elementor-element-63271d77 elementor-widget elementor-widget-image\" data-id=\"63271d77\" data-element_type=\"widget\" data-widget_type=\"image.default\">\n\t\t\t\t<div class=\"elementor-widget-container\">\n\t\t\t<style>\/*! elementor - v3.18.0 - 20-12-2023 *\/\n.elementor-widget-image{text-align:center}.elementor-widget-image a{display:inline-block}.elementor-widget-image a img[src$=\".svg\"]{width:48px}.elementor-widget-image img{vertical-align:middle;display:inline-block}<\/style>\t\t\t\t\t\t\t\t\t\t\t\t<img decoding=\"async\" src=\"https:\/\/nivomat.wilbers.de\/wp-content\/uploads\/elementor\/thumbs\/harleydavidson-e1747987806519-r682gn9nnx7948i682ytd4a2d67na7ea9tacpyfpr0.png\" title=\"harleydavidson\" alt=\"Harley Davidson\" loading=\"lazy\" \/>\t\t\t\t\t\t\t\t\t\t\t\t\t\t\t<\/div>\n\t\t\t\t<\/div>\n\t\t\t\t<\/div>\n\t\t<div class=\"elementor-element elementor-element-123804a0 e-con-full e-flex wpr-particle-no wpr-jarallax-no wpr-parallax-no wpr-sticky-section-no e-con e-child\" data-id=\"123804a0\" data-element_type=\"container\" data-settings=\"{&quot;content_width&quot;:&quot;full&quot;}\">\n\t\t\t\t<div class=\"elementor-element elementor-element-66b37ede elementor-widget elementor-widget-html\" data-id=\"66b37ede\" data-element_type=\"widget\" data-widget_type=\"html.default\">\n\t\t\t\t<div class=\"elementor-widget-container\">\n\t\t\t<div class=\"wp-block-column is-layout-flow wp-block-column-is-layout-flow\">\n<div class=\"wp-block-buttons is-layout-flex wp-block-buttons-is-layout-flex\">\n<div class=\"wp-block-button\"><a class=\"wp-block-button__link has-contrast-color has-text-color has-background has-link-color wp-element-button\" href=\"https:\/\/www.wilbers.de\/shop\/Motorrad\/Harley-Davidson\/Breakout-107-FXBR-ST1\/?year=2018\" style=\"background-color:#ff0000\">Breakout 107 FXBR | ST1 (2018 - 2019)<\/a><\/div>\n<\/div>\n\n\n\n<div class=\"wp-block-buttons is-layout-flex wp-block-buttons-is-layout-flex\">\n<div class=\"wp-block-button\"><a class=\"wp-block-button__link has-contrast-color has-text-color has-background has-link-color wp-element-button\" href=\"https:\/\/www.wilbers.de\/shop\/Motorrad\/Harley-Davidson\/Breakout-114-FXBRS-ST1\/?year=2018\" style=\"background-color:#ff0000\">Breakout 114 FXBR\/S | ST1\/ST1-R (2018 - 2025)<\/a><\/div>\n<\/div>\n\n\n\n<div class=\"wp-block-buttons is-layout-flex wp-block-buttons-is-layout-flex\">\n<div class=\"wp-block-button\"><a class=\"wp-block-button__link has-contrast-color has-text-color has-background has-link-color wp-element-button\" href=\"https:\/\/www.wilbers.de\/shop\/Motorrad\/Harley-Davidson\/Breakout-117-FXBR-ST1\/?year=2024\" style=\"background-color:#ff0000\">Breakout 117 FXBR | ST1\/ST1-R (2024 - 2025)<\/a><\/div>\n<\/div>\n\n\n\n<div class=\"wp-block-buttons is-layout-flex wp-block-buttons-is-layout-flex\">\n<div class=\"wp-block-button\"><a class=\"wp-block-button__link has-contrast-color has-text-color has-background has-link-color wp-element-button\" href=\"https:\/\/www.wilbers.de\/shop\/Motorrad\/Harley-Davidson\/Breakout-117-FXBR-ST2\/?year=2025\" style=\"background-color:#ff0000\">Breakout 117 FXBR | ST2 (\u2265 2025)<\/a><\/div>\n<\/div>\n\n\n\n<div class=\"wp-block-buttons is-layout-flex wp-block-buttons-is-layout-flex\">\n<div class=\"wp-block-button\"><a class=\"wp-block-button__link has-contrast-color has-text-color has-background has-link-color wp-element-button\" href=\"https:\/\/www.wilbers.de\/shop\/Motorrad\/Harley-Davidson\/Fat-Bob-FXFB-S-ST1\/?year=2018\" style=\"background-color:#ff0000\">Fat Bob FXFB\/S | ST1\/ST1-R (2018 - 2025)<\/a><\/div>\n<\/div>\n\n\n\n<div class=\"wp-block-buttons is-layout-flex wp-block-buttons-is-layout-flex\">\n<div class=\"wp-block-button\"><a class=\"wp-block-button__link has-contrast-color has-text-color has-background has-link-color wp-element-button\" href=\"https:\/\/www.wilbers.de\/shop\/Motorrad\/Harley-Davidson\/Fat-Boy-114-FLFBS\/?year=2018\" style=\"background-color:#ff0000\">Fat Boy 114 FLFBS | ST1\/ST1-R (2018 - 2025)<\/a><\/div>\n<\/div>\n\n\n\n<div class=\"wp-block-buttons is-layout-flex wp-block-buttons-is-layout-flex\">\n<div class=\"wp-block-button\"><a class=\"wp-block-button__link has-contrast-color has-text-color has-background has-link-color wp-element-button\" href=\"https:\/\/www.wilbers.de\/shop\/Motorrad\/Harley-Davidson\/Heritage-Classic-FLHC-S-ST1\/?year=2018\" style=\"background-color:#ff0000\">Heritage Classic FLHC\/S | ST1\/ST1-R (2018 - 2025)<\/a><\/div>\n<\/div>\n\n\n\n<div class=\"wp-block-buttons is-layout-flex wp-block-buttons-is-layout-flex\">\n<div class=\"wp-block-button\"><a class=\"wp-block-button__link has-contrast-color has-text-color has-background has-link-color wp-element-button\" href=\"https:\/\/www.wilbers.de\/shop\/Motorrad\/Harley-Davidson\/Low-Rider-S-FXLRS-ST1\/?year=2018\" style=\"background-color:#ff0000\">Low Rider S (107cu) FXLRS | ST1\/ST1-R (2018 \u2013 2021)<\/a><\/div>\n<\/div>\n\n\n\n<div class=\"wp-block-buttons is-layout-flex wp-block-buttons-is-layout-flex\">\n<div class=\"wp-block-button\"><a class=\"wp-block-button__link has-contrast-color has-text-color has-background has-link-color wp-element-button\" href=\"https:\/\/www.wilbers.de\/shop\/Motorrad\/Harley-Davidson\/Low-Rider-S-117cu-ST1-ST1-R\/?year=2022\" style=\"background-color:#ff0000\">Low Rider S (117cu) FXLRS | ST1\/ST1-R (2022 - 2025)<\/a><\/div>\n<\/div>\n\n\n\n<div class=\"wp-block-buttons is-layout-flex wp-block-buttons-is-layout-flex\">\n<div class=\"wp-block-button\"><a class=\"wp-block-button__link has-contrast-color has-text-color has-background has-link-color wp-element-button\" href=\"https:\/\/www.wilbers.de\/shop\/Motorrad\/Harley-Davidson\/Low-Rider-ST-FXLRST-ST1\/?year=2022\" style=\"background-color:#ff0000\">Lowrider ST FXLRST | ST1\/ST1-R (2022 - 2025)<\/a><\/div>\n<\/div>\n\n\n\n<div class=\"wp-block-buttons is-layout-flex wp-block-buttons-is-layout-flex\">\n<div class=\"wp-block-button is-style-fill\"><a class=\"wp-block-button__link has-contrast-color has-text-color has-background has-link-color wp-element-button\" href=\"https:\/\/www.wilbers.de\/shop\/Motorrad\/Harley-Davidson\/Low-Rider-El-Diablo-FXRST-ST1\/?year=2022\" style=\"background-color:#ff0000\">Lowrider El Diablo FXRST | ST1\/ST1-R (2022 - 2025)<\/a><\/div>\n<\/div>\n\n\n\n<div class=\"wp-block-buttons is-layout-flex wp-block-buttons-is-layout-flex\">\n<div class=\"wp-block-button\"><a class=\"wp-block-button__link has-contrast-color has-text-color has-background has-link-color wp-element-button\" href=\"https:\/\/www.wilbers.de\/shop\/Motorrad\/Harley-Davidson\/Sport-Glide-107-FLSB-ST1\/?year=2018\" style=\"background-color:#ff0000\">Sport Glide 107 FLSB | ST1\/ST1-R (2018 - 2025)<\/a><\/div>\n<\/div>\n\n\n\n<div class=\"wp-block-buttons is-layout-flex wp-block-buttons-is-layout-flex\">\n<div class=\"wp-block-button\"><a class=\"wp-block-button__link has-contrast-color has-text-color has-background has-link-color wp-element-button\" href=\"https:\/\/www.wilbers.de\/shop\/Motorrad\/Harley-Davidson\/Street-Bob-FXBB-FXBBS-ST1\/?year=2018\" style=\"background-color:#ff0000\">Street Bob FXBB\/S | ST1\/ST1-R (2018 - 2025)<\/a><\/div>\n<\/div>\n\n\n\n<div class=\"wp-block-buttons is-layout-flex wp-block-buttons-is-layout-flex\">\n<div class=\"wp-block-button\"><a class=\"wp-block-button__link has-contrast-color has-text-color has-background has-link-color wp-element-button\" href=\"https:\/\/www.wilbers.de\/shop\/Motorrad\/Harley-Davidson\/Softail-Deluxe-FLDE-ST1\/?year=2018\" style=\"background-color:#ff0000\">Softail Deluxe FLDE | ST1\/ST1-R (2018 - 2025)<\/a><\/div>\n\n\n\n<div class=\"wp-block-buttons is-layout-flex wp-block-buttons-is-layout-flex\">\n<div class=\"wp-block-button\"><a class=\"wp-block-button__link has-contrast-color has-text-color has-background has-link-color wp-element-button\" href=\"https:\/\/www.wilbers.de\/shop\/Motorrad\/Harley-Davidson\/Softail-Standard-FXST-ST1\/?year=2018\" style=\"background-color:#ff0000\">Softail Standard FXST | ST1\/ST1-R (2018 - 2025)<\/a><\/div>\n<\/div>\n\n\n\n<div class=\"wp-block-buttons is-layout-flex wp-block-buttons-is-layout-flex\">\n<div class=\"wp-block-button\"><a class=\"wp-block-button__link has-contrast-color has-text-color has-background has-link-color wp-element-button\" href=\"https:\/\/www.wilbers.de\/shop\/Motorrad\/Harley-Davidson\/Softail-Slim-FLSL-ST1\/?year=2018\" style=\"background-color:#ff0000\">Softail Slim FLSL | ST1\/ST1-R (2018 - 2025)<\/a><\/div>\n<\/div>\n<\/div>\n<\/div>\t\t<\/div>\n\t\t\t\t<\/div>\n\t\t\t\t<\/div>\n\t\t\t\t\t<\/div>\n\t\t\t\t<\/div>\n\t\t\t\t\t\t\t<\/div>","protected":false},"excerpt":{"rendered":"<p>\u2190 Zur\u00fcck zu Harley-Davidson Verf\u00fcgbare Nivomat-Systeme f\u00fcr Softail-Motorr\u00e4der aus dem Hause Harley-Davidson Breakout 107 FXBR | ST1 (2018 &#8211; 2019) Breakout 114 FXBR\/S | ST1\/ST1-R (2018 &#8211; 2025) Breakout 117 FXBR | ST1\/ST1-R (2024 &#8211; 2025) Breakout 117 FXBR | ST2 (\u2265 2025) Fat Bob FXFB\/S | ST1\/ST1-R (2018 &#8211; 2025) Fat Boy 114 FLFBS | ST1\/ST1-R (2018 &#8211; 2025) Heritage Classic FLHC\/S | ST1\/ST1-R (2018 &#8211; 2025) Low Rider S (107cu) FXLRS | ST1\/ST1-R (2018 \u2013 2021) Low Rider S (117cu) FXLRS | ST1\/ST1-R (2022 &#8211; 2025) Lowrider ST FXLRST | ST1\/ST1-R (2022 &#8211; 2025) Lowrider El Diablo FXRST | ST1\/ST1-R (2022 &#8211; 2025) Sport Glide 107 FLSB | ST1\/ST1-R (2018 &#8211; 2025) Street Bob FXBB\/S | ST1\/ST1-R (2018 &#8211; 2025) Softail Deluxe FLDE | ST1\/ST1-R (2018 &#8211; 2025) Softail Standard FXST | ST1\/ST1-R (2018 &#8211; 2025) Softail Slim FLSL | ST1\/ST1-R (2018 &#8211; 2025)<\/p>","protected":false},"author":2,"featured_media":0,"parent":1449,"menu_order":0,"comment_status":"closed","ping_status":"closed","template":"","meta":{"_themeisle_gutenberg_block_has_review":false,"footnotes":""},"class_list":["post-1470","page","type-page","status-publish","hentry"],"_links":{"self":[{"href":"https:\/\/nivomat.wilbers.de\/en\/wp-json\/wp\/v2\/pages\/1470","targetHints":{"allow":["GET"]}}],"collection":[{"href":"https:\/\/nivomat.wilbers.de\/en\/wp-json\/wp\/v2\/pages"}],"about":[{"href":"https:\/\/nivomat.wilbers.de\/en\/wp-json\/wp\/v2\/types\/page"}],"author":[{"embeddable":true,"href":"https:\/\/nivomat.wilbers.de\/en\/wp-json\/wp\/v2\/users\/2"}],"replies":[{"embeddable":true,"href":"https:\/\/nivomat.wilbers.de\/en\/wp-json\/wp\/v2\/comments?post=1470"}],"version-history":[{"count":58,"href":"https:\/\/nivomat.wilbers.de\/en\/wp-json\/wp\/v2\/pages\/1470\/revisions"}],"predecessor-version":[{"id":3801,"href":"https:\/\/nivomat.wilbers.de\/en\/wp-json\/wp\/v2\/pages\/1470\/revisions\/3801"}],"up":[{"embeddable":true,"href":"https:\/\/nivomat.wilbers.de\/en\/wp-json\/wp\/v2\/pages\/1449"}],"wp:attachment":[{"href":"https:\/\/nivomat.wilbers.de\/en\/wp-json\/wp\/v2\/media?parent=1470"}],"curies":[{"name":"wp","href":"https:\/\/api.w.org\/{rel}","templated":true}]}}