{"id":1572,"date":"2025-05-08T07:43:54","date_gmt":"2025-05-08T05:43:54","guid":{"rendered":"https:\/\/nivomat.wilbers.de\/?page_id=1572"},"modified":"2026-02-19T15:22:00","modified_gmt":"2026-02-19T14:22:00","slug":"magic-bike-ruedesheim","status":"publish","type":"page","link":"https:\/\/nivomat.wilbers.de\/en\/terminbuchung\/magic-bike-ruedesheim\/","title":{"rendered":"Appointment booking for Magic Bike R\u00fcdesheim"},"content":{"rendered":"<div data-elementor-type=\"wp-page\" data-elementor-id=\"1572\" class=\"elementor elementor-1572\">\n\t\t\t\t\t\t\t<div class=\"elementor-element elementor-element-1307735 e-flex e-con-boxed wpr-particle-no wpr-jarallax-no wpr-parallax-no wpr-sticky-section-no e-con e-parent\" data-id=\"1307735\" data-element_type=\"container\" data-settings=\"{&quot;content_width&quot;:&quot;boxed&quot;}\" data-core-v316-plus=\"true\">\n\t\t\t\t\t<div class=\"e-con-inner\">\n\t\t\t\t<div class=\"elementor-element elementor-element-a2c92f4 elementor-widget elementor-widget-html\" data-id=\"a2c92f4\" data-element_type=\"widget\" data-widget_type=\"html.default\">\n\t\t\t\t<div class=\"elementor-widget-container\">\n\t\t\t<title>Nivomat Terminbuchung<\/title>\r\n\r\n<link href=\"https:\/\/fonts.googleapis.com\/css2?family=Inter:wght@300;400;600;700&display=swap\" rel=\"stylesheet\">\r\n\r\n<style>\r\nbody {\r\n    margin: 0;\r\n    font-family: 'Inter', sans-serif;\r\n\r\n    color: #ffffff;\r\n}\r\n\r\n.container {\r\n    max-width: 1200px;\r\n    margin: 0 auto;\r\n    padding: 10px 20px;\r\n}\r\n\r\n\/* HERO *\/\r\n.hero {\r\n    display: flex;\r\n    flex-wrap: wrap;\r\n    align-items: center;\r\n    justify-content: space-between;\r\n    gap: 40px;\r\n}\r\n\r\n.hero-text {\r\n    flex: 1 1 200px;\r\n}\r\n\r\n.hero-text h1 {\r\n    font-size: 3rem;\r\n    line-height: 1.15;\r\n    margin-bottom: 20px;\r\n}\r\n\r\n.hero-text p {\r\n    font-size: 1.2rem;\r\n    color: #cfcfcf;\r\n    margin-bottom: 30px;\r\n}\r\n\r\n.cta {\r\n    display: inline-block;\r\n    padding: 16px 36px;\r\n    background: #e30613;\r\n    color: #fff !important;\r\n    text-decoration: none;\r\n    font-weight: 600;\r\n    border-radius: 8px;\r\n    transition: 0.3s ease;\r\n}\r\n\r\n.cta:hover {\r\n    transform: translateY(-3px);\r\n    box-shadow: 0 10px 25px rgba(227,6,19,.4);\r\n}\r\n\r\n.hero img {\r\n    max-width: 100%;\r\n    border-radius: 12px;\r\n}\r\n\r\n\/* FEATURES *\/\r\n.features {\r\n    margin-top: 80px;\r\n    display: grid;\r\n    grid-template-columns: repeat(auto-fit, minmax(250px, 1fr));\r\n    gap: 30px;\r\n}\r\n\r\n.feature-card {\r\n    background: #1a1a1f;\r\n    padding: 30px;\r\n    border-radius: 10px;\r\n    transition: 0.3s ease;\r\n}\r\n\r\n.feature-card:hover {\r\n    background: #222229;\r\n    transform: translateY(-5px);\r\n}\r\n\r\n.feature-card h3 {\r\n    margin-bottom: 15px;\r\n}\r\n\r\n\/* PROCESS *\/\r\n.process {\r\n    margin-top: 100px;\r\n    text-align: center;\r\n}\r\n\r\n.process h2 {\r\n    margin-bottom: 40px;\r\n}\r\n\r\n.timeline {\r\n    display: grid;\r\n    grid-template-columns: repeat(auto-fit, minmax(220px, 1fr));\r\n    gap: 25px;\r\n}\r\n\r\n.step {\r\n    background: #1b1b21;\r\n    border-left: 3px solid #e30613;\r\n    padding: 20px;\r\n    border-radius: 6px;\r\n    transition: 0.3s ease;\r\n}\r\n\r\n.step:hover {\r\n    background: #24242c;\r\n}\r\n\r\n\/* STICKY CTA *\/\r\n#sticky-cta {\r\n    position: fixed;\r\n    bottom: 60px;\r\n    left: 50%;\r\n    transform: translateX(-50%);\r\n    background: #e30613;\r\n    color: #fff;\r\n    padding: 15px 32px;\r\n    font-weight: 600;\r\n    border-radius: 8px;\r\n    text-decoration: none;\r\n    box-shadow: 0 8px 20px rgba(227,6,19,.45);\r\n    transition: 0.3s ease;\r\n    z-index: 999;\r\n    min-width: 240px;\r\n    text-align: center;\r\n}\r\n\r\n#sticky-cta:hover {\r\n    transform: translateX(-50%) translateY(-3px);\r\n}\r\n\r\n\r\n@media (max-width: 819px) {\r\n    .hero-image {\r\n        display: none;\r\n    }\r\n\r\n    .hero {\r\n        flex-direction: column;\r\n        text-align: center;\r\n    }\r\n\r\n    .hero-text h1 {\r\n        font-size: 2rem;\r\n    }\r\n\r\n    .hero-text p {\r\n        font-size: 1rem;\r\n    }\r\n}\r\n\r\n<\/style>\r\n<\/head>\r\n\r\n\t\t<\/div>\n\t\t\t\t<\/div>\n\t\t\t\t<div class=\"elementor-element elementor-element-6690f56 elementor-widget elementor-widget-html\" data-id=\"6690f56\" data-element_type=\"widget\" data-widget_type=\"html.default\">\n\t\t\t\t<div class=\"elementor-widget-container\">\n\t\t\t    <!-- HERO -->\r\n    \r\n<div class=\"container\">\r\n    <div class=\"hero\">\r\n        <div class=\"hero-text\">\r\n            <h1>More comfort. More control.<br>One appointment.<\/h1>\r\n            <h2>Magic Bike R\u00fcdesheim - 4.-7. Juni 2026<\/h2>\r\n            <p>Experience the legendary spirit of R\u00fcdesheim up close \u2013 in the heart of the Rhine Valley and surrounded by thousands of enthusiastic Harley riders. Secure exclusive free installation of your new Nivomat suspension by our experts at this event. Enjoy a relaxed atmosphere, powerful bikes and perfect roads. Places are limited \u2013 it pays to book early!<\/p>\r\n            <a href=\"https:\/\/outlook.office.com\/book\/TerminbuchungkostenloserEinbauNivomatFahrwerk1922062025@wilbers.de\/?ismsaljsauthenabled\" class=\"cta\">Book now<\/a>\r\n        <\/div>\r\n        <div class=\"hero-image\">\r\n            <img decoding=\"async\" src=\"https:\/\/nivomat.wilbers.de\/wp-content\/uploads\/2026\/02\/ruedesheim_2026.png\" alt=\"Wilbers Nivomat Einbau\">\r\n        <\/div>\r\n    <\/div>\r\n\r\n<\/div>\r\n\t\t<\/div>\n\t\t\t\t<\/div>\n\t\t\t\t<div class=\"elementor-element elementor-element-a2a1498 elementor-widget elementor-widget-html\" data-id=\"a2a1498\" data-element_type=\"widget\" data-widget_type=\"html.default\">\n\t\t\t\t<div class=\"elementor-widget-container\">\n\t\t\t    <!-- PROCESS -->\r\n\r\n<div class=\"container\">\r\n    <div class=\"process\">\r\n        <h2>How your appointment works<\/h2>\r\n        <div class=\"timeline\">\r\n            <div class=\"step\">\r\n                <h4>1. Select an appointment<\/h4>\r\n                <p>Secure your preferred appointment online.<\/p>\r\n            <\/div>\r\n            <div class=\"step\">\r\n                <h4>2. Arrive on site<\/h4>\r\n                <p>Bring your motorcycle to the agreed location at the agreed time.<\/p>\r\n            <\/div>\r\n            <div class=\"step\">\r\n                <h4>3. Installation<\/h4>\r\n                <p>Free installation by experienced Wilbers specialists.<\/p>\r\n            <\/div>\r\n            <div class=\"step\">\r\n                <h4>4. Experience comfort<\/h4>\r\n                <p>Enjoy a noticeably improved riding experience.<\/p>\r\n            <\/div>\r\n        <\/div>\r\n    <\/div>\r\n\r\n<\/div>\t\t<\/div>\n\t\t\t\t<\/div>\n\t\t\t\t\t<\/div>\n\t\t\t\t<\/div>\n\t\t<div class=\"elementor-element elementor-element-73688bc e-flex e-con-boxed wpr-particle-no wpr-jarallax-no wpr-parallax-no wpr-sticky-section-no e-con e-parent\" data-id=\"73688bc\" data-element_type=\"container\" data-settings=\"{&quot;content_width&quot;:&quot;boxed&quot;}\" data-core-v316-plus=\"true\">\n\t\t\t\t\t<div class=\"e-con-inner\">\n\t\t\t\t<div class=\"elementor-element elementor-element-f262fc6 elementor-widget elementor-widget-html\" data-id=\"f262fc6\" data-element_type=\"widget\" data-widget_type=\"html.default\">\n\t\t\t\t<div class=\"elementor-widget-container\">\n\t\t\t<style>\n    .function-simple {\n    margin-top: 80px;\n}\n\n.function-content {\n    display: flex;\n    align-items: center;\n    gap: 50px;\n}\n\n.function-text {\n    flex: 1;\n}\n\n.function-text h2 {\n    margin-bottom: 15px;\n}\n\n.function-text p {\n    color: #bbb;\n    line-height: 1.6;\n}\n\n.function-link {\n    display: inline-block;\n    margin-top: 15px;\n    color: #ff0033;\n    text-decoration: none;\n    font-weight: bold;\n}\n\n.function-link:hover {\n    text-decoration: underline;\n}\n\n.function-visual {\n    flex: 1;\n    text-align: center;\n}\n\n.function-visual img {\n    max-width: 260px;\n    width: 100%;\n    border-radius: 12px;\n}\n\n\/* Mobile *\/\n@media (max-width: 768px) {\n    .function-content {\n        flex-direction: column;\n        text-align: center;\n    }\n\n    .function-visual {\n        margin-top: 20px;\n    }\n}\n\n    \n<\/style>\t\t<\/div>\n\t\t\t\t<\/div>\n\t\t\t\t<div class=\"elementor-element elementor-element-8c19729 elementor-widget elementor-widget-html\" data-id=\"8c19729\" data-element_type=\"widget\" data-widget_type=\"html.default\">\n\t\t\t\t<div class=\"elementor-widget-container\">\n\t\t\t<section class=\"function-simple section\">\r\n\r\n    <div class=\"function-content\">\r\n        <div class=\"function-text\">\r\n            <h2>How does the Nivomat work?<\/h2>\r\n            <p>The system regulates itself automatically while riding. Movement generates hydraulic pressure, which raises the motorcycle to the optimum height \u2013 regardless of load or passenger.<\/p>\r\n\r\n            <a href=\"\/en\/funktion\/\" class=\"function-link\">\r\n                More about the function \u2192\r\n            <\/a>\r\n        <\/div>\r\n\r\n        <div class=\"function-visual\">\r\n            <iframe width=\"560\" height=\"315\" src=\"https:\/\/www.youtube-nocookie.com\/embed\/WbrjhgQeEs4?si=WkQSCkFIFBjYREwQ\" title=\"YouTube video player\" frameborder=\"0\" allow=\"accelerometer; autoplay; clipboard-write; encrypted-media; gyroscope; picture-in-picture; web-share\" referrerpolicy=\"strict-origin-when-cross-origin\" allowfullscreen style=\"width: 560px !important; height:315px\">\"><\/iframe>\r\n        <\/div>\r\n    <\/div>\r\n    \r\n    <br>\r\n    \r\n    <div class=\"container\" style=\"text-align: center;\">\r\n            <a href=\"https:\/\/outlook.office.com\/book\/TerminbuchungkostenloserEinbauNivomatFahrwerk1922062025@wilbers.de\/?ismsaljsauthenabled\" class=\"cta\">Book now<\/a>\r\n    <\/div>\r\n\r\n<\/section>\r\n\r\n\r\n\t\t<\/div>\n\t\t\t\t<\/div>\n\t\t\t\t\t<\/div>\n\t\t\t\t<\/div>\n\t\t\t\t\t\t\t<\/div>","protected":false},"excerpt":{"rendered":"<p>Nivomat Terminbuchung Mehr Komfort. Mehr Kontrolle.Ein Termin. Magic Bike R\u00fcdesheim &#8211; 4.-7. Juni 2026 Erlebe den legend\u00e4ren Spirit von R\u00fcdesheim hautnah \u2013 mitten im Rheintal und umgeben von tausenden begeisterten Harley-Fahrern. Sichere dir exklusiv auf diesem Event den kostenlosen Einbau deines neuen Nivomat Fahrwerks durch unsere Experten. Genie\u00dfe entspannte Atmosph\u00e4re, starke Bikes und perfekte Stra\u00dfen. Die Pl\u00e4tze sind begrenzt \u2013 fr\u00fch buchen lohnt sich! Jetzt Termin sichern So l\u00e4uft Ihr Termin ab 1. Termin ausw\u00e4hlen Online Ihren Wunschtermin sichern. 2. Vor Ort erscheinen Motorrad zum vereinbarten Zeitpunkt vorbeibringen. 3. Einbau Kostenlose Montage durch erfahrene Wilbers Spezialisten. 4. Komfort erleben Direkt sp\u00fcrbar verbessertes Fahrgef\u00fchl genie\u00dfen. Wie funktioniert der Nivomat? Das System reguliert sich beim Fahren automatisch selbst. Durch die Bewegung entsteht hydraulischer Druck, der das Motorrad auf die optimale H\u00f6he anhebt \u2013 unabh\u00e4ngig von Beladung oder Sozius. Mehr zur Funktion \u2192 &#8222;> Jetzt Termin sichern<\/p>","protected":false},"author":2,"featured_media":0,"parent":1164,"menu_order":0,"comment_status":"closed","ping_status":"closed","template":"","meta":{"_themeisle_gutenberg_block_has_review":false,"footnotes":""},"class_list":["post-1572","page","type-page","status-publish","hentry"],"_links":{"self":[{"href":"https:\/\/nivomat.wilbers.de\/en\/wp-json\/wp\/v2\/pages\/1572","targetHints":{"allow":["GET"]}}],"collection":[{"href":"https:\/\/nivomat.wilbers.de\/en\/wp-json\/wp\/v2\/pages"}],"about":[{"href":"https:\/\/nivomat.wilbers.de\/en\/wp-json\/wp\/v2\/types\/page"}],"author":[{"embeddable":true,"href":"https:\/\/nivomat.wilbers.de\/en\/wp-json\/wp\/v2\/users\/2"}],"replies":[{"embeddable":true,"href":"https:\/\/nivomat.wilbers.de\/en\/wp-json\/wp\/v2\/comments?post=1572"}],"version-history":[{"count":199,"href":"https:\/\/nivomat.wilbers.de\/en\/wp-json\/wp\/v2\/pages\/1572\/revisions"}],"predecessor-version":[{"id":3730,"href":"https:\/\/nivomat.wilbers.de\/en\/wp-json\/wp\/v2\/pages\/1572\/revisions\/3730"}],"up":[{"embeddable":true,"href":"https:\/\/nivomat.wilbers.de\/en\/wp-json\/wp\/v2\/pages\/1164"}],"wp:attachment":[{"href":"https:\/\/nivomat.wilbers.de\/en\/wp-json\/wp\/v2\/media?parent=1572"}],"curies":[{"name":"wp","href":"https:\/\/api.w.org\/{rel}","templated":true}]}}