{"id":3,"date":"2021-04-08T12:02:40","date_gmt":"2021-04-08T10:02:40","guid":{"rendered":"https:\/\/nivomat-wilbers-wp.ipconn-hosting.de\/?page_id=3"},"modified":"2025-05-07T13:34:13","modified_gmt":"2025-05-07T11:34:13","slug":"datenschutzerklaerung","status":"publish","type":"page","link":"https:\/\/nivomat.wilbers.de\/en\/datenschutzerklaerung\/","title":{"rendered":"Privacy Policy"},"content":{"rendered":"<div data-elementor-type=\"wp-page\" data-elementor-id=\"3\" class=\"elementor elementor-3\">\n\t\t\t\t\t\t\t<div class=\"elementor-element elementor-element-4d9461c2 e-flex e-con-boxed wpr-particle-no wpr-jarallax-no wpr-parallax-no wpr-sticky-section-no e-con e-parent\" data-id=\"4d9461c2\" data-element_type=\"container\" data-settings=\"{&quot;content_width&quot;:&quot;boxed&quot;}\" data-core-v316-plus=\"true\">\n\t\t\t\t\t<div class=\"e-con-inner\">\n\t\t\t\t<div class=\"elementor-element elementor-element-ddc2cec elementor-widget elementor-widget-text-editor\" data-id=\"ddc2cec\" data-element_type=\"widget\" data-widget_type=\"text-editor.default\">\n\t\t\t\t<div class=\"elementor-widget-container\">\n\t\t\t<style>\/*! elementor - v3.18.0 - 20-12-2023 *\/\n.elementor-widget-text-editor.elementor-drop-cap-view-stacked .elementor-drop-cap{background-color:#69727d;color:#fff}.elementor-widget-text-editor.elementor-drop-cap-view-framed .elementor-drop-cap{color:#69727d;border:3px solid;background-color:transparent}.elementor-widget-text-editor:not(.elementor-drop-cap-view-default) .elementor-drop-cap{margin-top:8px}.elementor-widget-text-editor:not(.elementor-drop-cap-view-default) .elementor-drop-cap-letter{width:1em;height:1em}.elementor-widget-text-editor .elementor-drop-cap{float:left;text-align:center;line-height:1;font-size:50px}.elementor-widget-text-editor .elementor-drop-cap-letter{display:inline-block}<\/style>\t\t\t\t<!-- wp:heading -->\n\n&nbsp;\n\n<!-- \/wp:heading --><!-- wp:heading -->\n\n&nbsp;\n\n<!-- \/wp:heading --><!-- wp:heading -->\n<h2>Media<\/h2>\n<!-- \/wp:heading --><!-- wp:paragraph -->\n\nIf you are a registered user and upload photos to this website, you should avoid uploading photos with an EXIF GPS location. Visitors to this website could download photos stored on this website and extract their location information.\n\n<!-- \/wp:paragraph --><!-- wp:heading -->\n<h2>Cookies<\/h2>\n<!-- \/wp:heading --><!-- wp:paragraph -->\n\nIf you write a comment on our website, this can be a consent to save your name, e-mail address and website in cookies. This is a convenience feature so that you don't have to re-enter all this data when you write another comment. These cookies are stored for one year.\n\n<!-- \/wp:paragraph --><!-- wp:paragraph -->\n\nIf you have an account and log in to this website, we will set a temporary cookie to determine whether your browser accepts cookies. This cookie does not contain any personal data and will be discarded when you close your browser.\n\n<!-- \/wp:paragraph --><!-- wp:paragraph -->\n\nWhen you sign up, we will set up some cookies to store your login information and display options. Login cookies expire after two days and cookies for display options after one year. If you select \"Stay logged in\" when you log in, your login will be maintained for a fortnight. When you log out of your account, the login cookies are deleted.\n\n<!-- \/wp:paragraph --><!-- wp:paragraph -->\n\nWhen you edit or publish an article, an additional cookie is stored in your browser. This cookie does not contain any personal data and only refers to the post ID of the article you have just edited. The cookie expires after one day.\n\n<!-- \/wp:paragraph --><!-- wp:heading -->\n<h2>Embedded content from other websites<\/h2>\n<!-- \/wp:heading --><!-- wp:paragraph -->\n\nPosts on this website may contain embedded content (e.g. videos, images, articles, etc.). Embedded content from other websites behaves exactly as if the visitor had visited the other website.\n\n<!-- \/wp:paragraph --><!-- wp:paragraph -->\n\nThese websites may collect data about you, use cookies, embed additional third-party tracking services and record your interaction with this embedded content, including your interaction with the embedded content if you have an account and are logged in to this website.\n\n<!-- \/wp:paragraph --><!-- wp:heading -->\n\n<!-- \/wp:heading --><!-- wp:heading -->\n<h2>How long we store your data<\/h2>\n<!-- \/wp:heading --><!-- wp:paragraph -->\n\nWhen you write a comment, it is saved indefinitely, including metadata. In this way, we can automatically recognise and approve follow-up comments instead of holding them in a moderation queue.\n\n<!-- \/wp:paragraph --><!-- wp:paragraph -->\n\nFor users who register on our website, we also store the personal information they provide in their user profiles. All users can view, change or delete their personal information at any time (the user name cannot be changed). Website administrators can also view and change this information.\n\n<!-- \/wp:paragraph --><!-- wp:heading -->\n<h2>Your rights on your data<\/h2>\n<!-- \/wp:heading --><!-- wp:paragraph -->\n\nIf you have an account on this website or have written comments, you can request an export of your personal data from us, including any data you have provided to us. In addition, you can request the deletion of all personal data that we have stored about you. This does not include data that we are required to retain for administrative, legal or security purposes.\n\n<!-- \/wp:paragraph --><!-- wp:heading -->\n\n&nbsp;\n\n<!-- \/wp:heading -->\t\t\t\t\t\t<\/div>\n\t\t\t\t<\/div>\n\t\t\t\t\t<\/div>\n\t\t\t\t<\/div>\n\t\t\t\t\t\t\t<\/div>","protected":false},"excerpt":{"rendered":"<p>&nbsp; &nbsp; Medien Wenn du ein registrierter Benutzer bist und Fotos auf diese Website l\u00e4dst, solltest du vermeiden, Fotos mit einem EXIF-GPS-Standort hochzuladen. Besucher dieser Website k\u00f6nnten Fotos, die auf dieser Website gespeichert sind, herunterladen und deren Standort-Informationen extrahieren. Cookies Wenn du einen Kommentar auf unserer Website schreibst, kann das eine Einwilligung sein, deinen Namen, E-Mail-Adresse und Website in Cookies zu speichern. Dies ist eine Komfortfunktion, damit du nicht, wenn du einen weiteren Kommentar schreibst, all diese Daten erneut eingeben musst. Diese Cookies werden ein Jahr lang gespeichert. Falls du ein Konto hast und dich auf dieser Website anmeldest, werden wir ein tempor\u00e4res Cookie setzen, um festzustellen, ob dein Browser Cookies akzeptiert. Dieses Cookie enth\u00e4lt keine personenbezogenen Daten und wird verworfen, wenn du deinen Browser schlie\u00dft. Wenn du dich anmeldest, werden wir einige Cookies einrichten, um deine Anmeldeinformationen und Anzeigeoptionen zu speichern. Anmelde-Cookies verfallen nach zwei Tagen und Cookies f\u00fcr die Anzeigeoptionen nach einem Jahr. Falls du bei der Anmeldung \u201eAngemeldet bleiben\u201c ausw\u00e4hlst, wird deine Anmeldung zwei Wochen lang aufrechterhalten. Mit der Abmeldung aus deinem Konto werden die Anmelde-Cookies gel\u00f6scht. Wenn du einen Artikel bearbeitest oder ver\u00f6ffentlichst, wird ein zus\u00e4tzlicher Cookie in deinem Browser gespeichert. Dieser Cookie enth\u00e4lt keine personenbezogenen Daten und verweist nur auf die Beitrags-ID des Artikels, den du gerade bearbeitet hast. Der Cookie verf\u00e4llt nach einem Tag. Eingebettete Inhalte von anderen Websites Beitr\u00e4ge auf dieser Website k\u00f6nnen eingebettete Inhalte beinhalten (z. B. Videos, Bilder, Beitr\u00e4ge etc.). Eingebettete Inhalte von anderen Websites verhalten sich exakt so, als ob der Besucher die andere Website besucht h\u00e4tte. Diese Websites k\u00f6nnen Daten \u00fcber dich sammeln, Cookies benutzen, zus\u00e4tzliche Tracking-Dienste von Dritten einbetten und deine Interaktion mit diesem eingebetteten Inhalt aufzeichnen, inklusive deiner Interaktion mit dem eingebetteten Inhalt, falls du ein Konto hast und auf dieser Website angemeldet bist. Wie lange wir deine Daten speichern Wenn du einen Kommentar schreibst, wird dieser inklusive Metadaten zeitlich unbegrenzt gespeichert. Auf diese Art k\u00f6nnen wir Folgekommentare automatisch erkennen und freigeben, anstatt sie in einer Moderations-Warteschlange festzuhalten. F\u00fcr Benutzer, die sich auf unserer Website registrieren, speichern wir zus\u00e4tzlich die pers\u00f6nlichen Informationen, die sie in ihren Benutzerprofilen angeben. Alle Benutzer k\u00f6nnen jederzeit ihre pers\u00f6nlichen Informationen einsehen, ver\u00e4ndern oder l\u00f6schen (der Benutzername kann nicht ver\u00e4ndert werden). Administratoren der Website k\u00f6nnen diese Informationen ebenfalls einsehen und ver\u00e4ndern. Welche Rechte du an deinen Daten hast Wenn du ein Konto auf dieser Website besitzt oder Kommentare geschrieben hast, kannst du einen Export deiner personenbezogenen Daten bei uns anfordern, inklusive aller Daten, die du uns mitgeteilt hast. Dar\u00fcber hinaus kannst du die L\u00f6schung aller personenbezogenen Daten, die wir von dir gespeichert haben, anfordern. Dies umfasst nicht die Daten, die wir aufgrund administrativer, rechtlicher oder sicherheitsrelevanter Notwendigkeiten aufbewahren m\u00fcssen. &nbsp;<\/p>","protected":false},"author":2,"featured_media":0,"parent":0,"menu_order":0,"comment_status":"closed","ping_status":"open","template":"","meta":{"_themeisle_gutenberg_block_has_review":false,"footnotes":""},"class_list":["post-3","page","type-page","status-publish","hentry"],"_links":{"self":[{"href":"https:\/\/nivomat.wilbers.de\/en\/wp-json\/wp\/v2\/pages\/3","targetHints":{"allow":["GET"]}}],"collection":[{"href":"https:\/\/nivomat.wilbers.de\/en\/wp-json\/wp\/v2\/pages"}],"about":[{"href":"https:\/\/nivomat.wilbers.de\/en\/wp-json\/wp\/v2\/types\/page"}],"author":[{"embeddable":true,"href":"https:\/\/nivomat.wilbers.de\/en\/wp-json\/wp\/v2\/users\/2"}],"replies":[{"embeddable":true,"href":"https:\/\/nivomat.wilbers.de\/en\/wp-json\/wp\/v2\/comments?post=3"}],"version-history":[{"count":3,"href":"https:\/\/nivomat.wilbers.de\/en\/wp-json\/wp\/v2\/pages\/3\/revisions"}],"predecessor-version":[{"id":1488,"href":"https:\/\/nivomat.wilbers.de\/en\/wp-json\/wp\/v2\/pages\/3\/revisions\/1488"}],"wp:attachment":[{"href":"https:\/\/nivomat.wilbers.de\/en\/wp-json\/wp\/v2\/media?parent=3"}],"curies":[{"name":"wp","href":"https:\/\/api.w.org\/{rel}","templated":true}]}}