{"id":312,"date":"2021-12-15T14:57:30","date_gmt":"2021-12-15T13:57:30","guid":{"rendered":"https:\/\/nivomat-wilbers-wp.ipconn-hosting.de\/?page_id=312"},"modified":"2026-03-03T16:30:46","modified_gmt":"2026-03-03T15:30:46","slug":"funktion","status":"publish","type":"page","link":"https:\/\/nivomat.wilbers.de\/en\/funktion\/","title":{"rendered":"Functionality"},"content":{"rendered":"<div data-elementor-type=\"wp-page\" data-elementor-id=\"312\" class=\"elementor elementor-312\">\n\t\t\t\t\t\t\t<div class=\"elementor-element elementor-element-66d5c68 e-flex e-con-boxed wpr-particle-no wpr-jarallax-no wpr-parallax-no wpr-sticky-section-no e-con e-parent\" data-id=\"66d5c68\" data-element_type=\"container\" data-settings=\"{&quot;content_width&quot;:&quot;boxed&quot;}\" data-core-v316-plus=\"true\">\n\t\t\t\t\t<div class=\"e-con-inner\">\n\t\t\t\t<div class=\"elementor-element elementor-element-87a32bf elementor-widget elementor-widget-heading\" data-id=\"87a32bf\" data-element_type=\"widget\" data-widget_type=\"heading.default\">\n\t\t\t\t<div class=\"elementor-widget-container\">\n\t\t\t<style>\/*! elementor - v3.18.0 - 20-12-2023 *\/\n.elementor-heading-title{padding:0;margin:0;line-height:1}.elementor-widget-heading .elementor-heading-title[class*=elementor-size-]>a{color:inherit;font-size:inherit;line-height:inherit}.elementor-widget-heading .elementor-heading-title.elementor-size-small{font-size:15px}.elementor-widget-heading .elementor-heading-title.elementor-size-medium{font-size:19px}.elementor-widget-heading .elementor-heading-title.elementor-size-large{font-size:29px}.elementor-widget-heading .elementor-heading-title.elementor-size-xl{font-size:39px}.elementor-widget-heading .elementor-heading-title.elementor-size-xxl{font-size:59px}<\/style><h2 class=\"elementor-heading-title elementor-size-default\">Functionality<\/h2>\t\t<\/div>\n\t\t\t\t<\/div>\n\t\t\t\t\t<\/div>\n\t\t\t\t<\/div>\n\t\t<div class=\"elementor-element elementor-element-d5bcf7a e-flex e-con-boxed wpr-particle-no wpr-jarallax-no wpr-parallax-no wpr-sticky-section-no e-con e-parent\" data-id=\"d5bcf7a\" data-element_type=\"container\" data-settings=\"{&quot;content_width&quot;:&quot;boxed&quot;}\" data-core-v316-plus=\"true\">\n\t\t\t\t\t<div class=\"e-con-inner\">\n\t\t<div class=\"elementor-element elementor-element-e245b3a e-con-full e-flex wpr-particle-no wpr-jarallax-no wpr-parallax-no wpr-sticky-section-no e-con e-child\" data-id=\"e245b3a\" data-element_type=\"container\" data-settings=\"{&quot;content_width&quot;:&quot;full&quot;}\">\n\t\t\t\t<div class=\"elementor-element elementor-element-f943699 elementor-widget elementor-widget-image\" data-id=\"f943699\" data-element_type=\"widget\" data-widget_type=\"image.default\">\n\t\t\t\t<div class=\"elementor-widget-container\">\n\t\t\t<style>\/*! elementor - v3.18.0 - 20-12-2023 *\/\n.elementor-widget-image{text-align:center}.elementor-widget-image a{display:inline-block}.elementor-widget-image a img[src$=\".svg\"]{width:48px}.elementor-widget-image img{vertical-align:middle;display:inline-block}<\/style>\t\t\t\t\t\t\t\t\t\t\t\t<img fetchpriority=\"high\" decoding=\"async\" width=\"1024\" height=\"492\" src=\"https:\/\/nivomat.wilbers.de\/wp-content\/uploads\/2025\/05\/Querschnitt_Landscape_white-1024x492.png\" class=\"attachment-large size-large wp-image-2237\" alt=\"Nivomat im Querschnitt\" srcset=\"https:\/\/nivomat.wilbers.de\/wp-content\/uploads\/2025\/05\/Querschnitt_Landscape_white-1024x492.png 1024w, https:\/\/nivomat.wilbers.de\/wp-content\/uploads\/2025\/05\/Querschnitt_Landscape_white-300x144.png 300w, https:\/\/nivomat.wilbers.de\/wp-content\/uploads\/2025\/05\/Querschnitt_Landscape_white-768x369.png 768w, https:\/\/nivomat.wilbers.de\/wp-content\/uploads\/2025\/05\/Querschnitt_Landscape_white-1536x737.png 1536w, https:\/\/nivomat.wilbers.de\/wp-content\/uploads\/2025\/05\/Querschnitt_Landscape_white-18x9.png 18w, https:\/\/nivomat.wilbers.de\/wp-content\/uploads\/2025\/05\/Querschnitt_Landscape_white.png 1756w\" sizes=\"(max-width: 1024px) 100vw, 1024px\" \/>\t\t\t\t\t\t\t\t\t\t\t\t\t\t\t<\/div>\n\t\t\t\t<\/div>\n\t\t\t\t<\/div>\n\t\t<div class=\"elementor-element elementor-element-e3d337a e-con-full e-flex wpr-particle-no wpr-jarallax-no wpr-parallax-no wpr-sticky-section-no e-con e-child\" data-id=\"e3d337a\" data-element_type=\"container\" data-settings=\"{&quot;content_width&quot;:&quot;full&quot;}\">\n\t\t\t\t<div class=\"elementor-element elementor-element-0ffabc6 elementor-widget elementor-widget-html\" data-id=\"0ffabc6\" data-element_type=\"widget\" data-widget_type=\"html.default\">\n\t\t\t\t<div class=\"elementor-widget-container\">\n\t\t\t<p class=\"has-text-align-left has-body-font-family has-medium-font-size\" style=\"line-height: 1.2;\"><span style=\"color: #ffffff;\">The basic structure of the Nivomat system consists of two separate oil chambers, a monotube damping system, and a pump rod with control sleeves including valves.<br>\r\n<br>\r\nThe oil chambers are divided into a low-pressure chamber, which serves as an oil reservoir, and a high-pressure chamber with an integrated gas cushion.<\/span><\/p>\t\t<\/div>\n\t\t\t\t<\/div>\n\t\t\t\t<\/div>\n\t\t\t\t\t<\/div>\n\t\t\t\t<\/div>\n\t\t<div class=\"elementor-element elementor-element-fd5cc48 e-flex e-con-boxed wpr-particle-no wpr-jarallax-no wpr-parallax-no wpr-sticky-section-no e-con e-parent\" data-id=\"fd5cc48\" data-element_type=\"container\" data-settings=\"{&quot;content_width&quot;:&quot;boxed&quot;}\" data-core-v316-plus=\"true\">\n\t\t\t\t\t<div class=\"e-con-inner\">\n\t\t<div class=\"elementor-element elementor-element-c822971 e-con-full elementor-hidden-mobile e-flex wpr-particle-no wpr-jarallax-no wpr-parallax-no wpr-sticky-section-no e-con e-child\" data-id=\"c822971\" data-element_type=\"container\" data-settings=\"{&quot;content_width&quot;:&quot;full&quot;}\">\n\t\t\t\t<div class=\"elementor-element elementor-element-2a3dbb0 elementor-widget elementor-widget-image\" data-id=\"2a3dbb0\" data-element_type=\"widget\" data-widget_type=\"image.default\">\n\t\t\t\t<div class=\"elementor-widget-container\">\n\t\t\t\t\t\t\t\t\t\t\t\t\t\t\t<img decoding=\"async\" src=\"https:\/\/nivomat.wilbers.de\/wp-content\/uploads\/elementor\/thumbs\/Grossenduro-Nivomat-q3w8dux7xwntb8wwzcq4dtkabh2jfcaob97eevtdds.png\" title=\"Grossenduro-Nivomat\" alt=\"Grossenduro-Nivomat\" loading=\"lazy\" \/>\t\t\t\t\t\t\t\t\t\t\t\t\t\t\t<\/div>\n\t\t\t\t<\/div>\n\t\t\t\t<\/div>\n\t\t<div class=\"elementor-element elementor-element-80e51d6 e-con-full e-flex wpr-particle-no wpr-jarallax-no wpr-parallax-no wpr-sticky-section-no e-con e-child\" data-id=\"80e51d6\" data-element_type=\"container\" data-settings=\"{&quot;content_width&quot;:&quot;full&quot;}\">\n\t\t\t\t<div class=\"elementor-element elementor-element-33131d1 elementor-widget elementor-widget-html\" data-id=\"33131d1\" data-element_type=\"widget\" data-widget_type=\"html.default\">\n\t\t\t\t<div class=\"elementor-widget-container\">\n\t\t\t<p class=\"has-text-align-left has-body-font-family has-medium-font-size\" style=\"line-height: 1.2;\"><span style=\"color: #ffffff;\">When the shock absorber is loaded and the vehicle compresses, the pump rod automatically pumps oil from the low-pressure to the high-pressure chamber through the relative movement caused by road irregularities acting on the Nivomat. The resulting pressure increase acts on the piston rod, which then extends the shock absorber again. This pumping process continues until the motorcycle returns to the predefined ride height \u2014 the Nivomat thus automatically adjusts the ride height after about 300 meters of riding.<\/span><\/p>\t\t<\/div>\n\t\t\t\t<\/div>\n\t\t\t\t<\/div>\n\t\t<div class=\"elementor-element elementor-element-7454fe7 e-con-full elementor-hidden-mobile e-flex wpr-particle-no wpr-jarallax-no wpr-parallax-no wpr-sticky-section-no e-con e-child\" data-id=\"7454fe7\" data-element_type=\"container\" data-settings=\"{&quot;content_width&quot;:&quot;full&quot;}\">\n\t\t\t\t<div class=\"elementor-element elementor-element-1e6d9bc elementor-widget elementor-widget-image\" data-id=\"1e6d9bc\" data-element_type=\"widget\" data-widget_type=\"image.default\">\n\t\t\t\t<div class=\"elementor-widget-container\">\n\t\t\t\t\t\t\t\t\t\t\t\t\t\t\t<img decoding=\"async\" src=\"https:\/\/nivomat.wilbers.de\/wp-content\/uploads\/elementor\/thumbs\/Mono-Nivomat_Pfad-1-q3w8f25soab05b63yveykinhn75f9f2bt77qhm19fk.png\" title=\"Mono-Nivomat_Pfad-1\" alt=\"Mono-Nivomat_Pfad-1\" loading=\"lazy\" \/>\t\t\t\t\t\t\t\t\t\t\t\t\t\t\t<\/div>\n\t\t\t\t<\/div>\n\t\t\t\t<\/div>\n\t\t\t\t\t<\/div>\n\t\t\t\t<\/div>\n\t\t<div class=\"elementor-element elementor-element-4bcea41 e-flex e-con-boxed wpr-particle-no wpr-jarallax-no wpr-parallax-no wpr-sticky-section-no e-con e-parent\" data-id=\"4bcea41\" data-element_type=\"container\" data-settings=\"{&quot;content_width&quot;:&quot;boxed&quot;}\" data-core-v316-plus=\"true\">\n\t\t\t\t\t<div class=\"e-con-inner\">\n\t\t<div class=\"elementor-element elementor-element-d0c64ae e-con-full e-flex wpr-particle-no wpr-jarallax-no wpr-parallax-no wpr-sticky-section-no e-con e-child\" data-id=\"d0c64ae\" data-element_type=\"container\" data-settings=\"{&quot;content_width&quot;:&quot;full&quot;}\">\n\t\t\t\t<div class=\"elementor-element elementor-element-0734325 elementor-widget elementor-widget-html\" data-id=\"0734325\" data-element_type=\"widget\" data-widget_type=\"html.default\">\n\t\t\t\t<div class=\"elementor-widget-container\">\n\t\t\t<p class=\"has-text-align-center has-body-font-family has-medium-font-size\" style=\"line-height: 1.2;color: #ffffff; width: 1.5em; height:1.5em; align-content: center;vertical-align: center; border-color: #fff; border: 1px solid; border-radius: 20px;\">1.<\/p>\t\t<\/div>\n\t\t\t\t<\/div>\n\t\t\t\t<\/div>\n\t\t<div class=\"elementor-element elementor-element-1b21330 e-con-full e-flex wpr-particle-no wpr-jarallax-no wpr-parallax-no wpr-sticky-section-no e-con e-child\" data-id=\"1b21330\" data-element_type=\"container\" data-settings=\"{&quot;content_width&quot;:&quot;full&quot;}\">\n\t\t\t\t<div class=\"elementor-element elementor-element-92522c4 elementor-widget elementor-widget-html\" data-id=\"92522c4\" data-element_type=\"widget\" data-widget_type=\"html.default\">\n\t\t\t\t<div class=\"elementor-widget-container\">\n\t\t\t<p class=\"has-text-align-left has-body-font-family has-medium-font-size\" style=\"line-height: 1.2;color: #ffffff;\">\n    The LDC Nivomat system is preset to immediately settle into the intended (defined) ride height of approximately one-third of the total suspension travel when riding solo. In this state, the system provides a reduced spring rate and damping compared to a conventional shock absorber, ensuring maximum comfort without any bouncing or oscillation.\n    <\/p>\t\t<\/div>\n\t\t\t\t<\/div>\n\t\t\t\t<\/div>\n\t\t\t\t\t<\/div>\n\t\t\t\t<\/div>\n\t\t<div class=\"elementor-element elementor-element-c016f26 e-flex e-con-boxed wpr-particle-no wpr-jarallax-no wpr-parallax-no wpr-sticky-section-no e-con e-parent\" data-id=\"c016f26\" data-element_type=\"container\" data-settings=\"{&quot;content_width&quot;:&quot;boxed&quot;}\" data-core-v316-plus=\"true\">\n\t\t\t\t\t<div class=\"e-con-inner\">\n\t\t<div class=\"elementor-element elementor-element-523eebe e-con-full e-flex wpr-particle-no wpr-jarallax-no wpr-parallax-no wpr-sticky-section-no e-con e-child\" data-id=\"523eebe\" data-element_type=\"container\" data-settings=\"{&quot;content_width&quot;:&quot;full&quot;}\">\n\t\t\t\t<div class=\"elementor-element elementor-element-2554196 elementor-widget elementor-widget-html\" data-id=\"2554196\" data-element_type=\"widget\" data-widget_type=\"html.default\">\n\t\t\t\t<div class=\"elementor-widget-container\">\n\t\t\t<p class=\"has-text-align-center has-body-font-family has-medium-font-size\" style=\"line-height: 1.2;color: #ffffff; width: 1.5em; height:1.5em; align-content: center;vertical-align: center; border-color: #fff; border: 1px solid; border-radius: 20px;\">2.<\/p>\t\t<\/div>\n\t\t\t\t<\/div>\n\t\t\t\t<\/div>\n\t\t<div class=\"elementor-element elementor-element-08d880f e-con-full e-flex wpr-particle-no wpr-jarallax-no wpr-parallax-no wpr-sticky-section-no e-con e-child\" data-id=\"08d880f\" data-element_type=\"container\" data-settings=\"{&quot;content_width&quot;:&quot;full&quot;}\">\n\t\t\t\t<div class=\"elementor-element elementor-element-26318a1 elementor-widget elementor-widget-html\" data-id=\"26318a1\" data-element_type=\"widget\" data-widget_type=\"html.default\">\n\t\t\t\t<div class=\"elementor-widget-container\">\n\t\t\t<p class=\"has-text-align-left has-body-font-family has-medium-font-size\" style=\"line-height: 1.2;color: #ffffff;\">\n    A load from a passenger and\/or luggage causes the vehicle to sag significantly and negatively affects the vehicle\u2019s geometry. <br>With a \u201cnormal\u201d shock absorber, the spring would need to be preloaded in this case \u2014 but this only adjusts the ride height. The necessary adjustment of the spring rate does not take place.\n    <\/p>\t\t<\/div>\n\t\t\t\t<\/div>\n\t\t\t\t<\/div>\n\t\t\t\t\t<\/div>\n\t\t\t\t<\/div>\n\t\t<div class=\"elementor-element elementor-element-8aec44f e-flex e-con-boxed wpr-particle-no wpr-jarallax-no wpr-parallax-no wpr-sticky-section-no e-con e-parent\" data-id=\"8aec44f\" data-element_type=\"container\" data-settings=\"{&quot;content_width&quot;:&quot;boxed&quot;}\" data-core-v316-plus=\"true\">\n\t\t\t\t\t<div class=\"e-con-inner\">\n\t\t<div class=\"elementor-element elementor-element-1ffefe2 e-con-full e-flex wpr-particle-no wpr-jarallax-no wpr-parallax-no wpr-sticky-section-no e-con e-child\" data-id=\"1ffefe2\" data-element_type=\"container\" data-settings=\"{&quot;content_width&quot;:&quot;full&quot;}\">\n\t\t\t\t<div class=\"elementor-element elementor-element-c4e7eca elementor-widget elementor-widget-html\" data-id=\"c4e7eca\" data-element_type=\"widget\" data-widget_type=\"html.default\">\n\t\t\t\t<div class=\"elementor-widget-container\">\n\t\t\t<p class=\"has-text-align-center has-body-font-family has-medium-font-size\" style=\"line-height: 1.2;color: #ffffff; width: 1.5em; height:1.5em; align-content: center;vertical-align: center; border-color: #fff; border: 1px solid; border-radius: 20px;\">3.<\/p>\t\t<\/div>\n\t\t\t\t<\/div>\n\t\t\t\t<\/div>\n\t\t<div class=\"elementor-element elementor-element-796abc4 e-con-full e-flex wpr-particle-no wpr-jarallax-no wpr-parallax-no wpr-sticky-section-no e-con e-child\" data-id=\"796abc4\" data-element_type=\"container\" data-settings=\"{&quot;content_width&quot;:&quot;full&quot;}\">\n\t\t\t\t<div class=\"elementor-element elementor-element-6d4ca10 elementor-widget elementor-widget-html\" data-id=\"6d4ca10\" data-element_type=\"widget\" data-widget_type=\"html.default\">\n\t\t\t\t<div class=\"elementor-widget-container\">\n\t\t\t<p class=\"has-text-align-left has-body-font-family has-medium-font-size\" style=\"line-height: 1.2;color: #ffffff;\">\n    After driving about 300 meters under load, the LDC shock absorber brought the vehicle back to the defined level.<br>\nThe internal pump rod has transferred oil from the low-pressure chamber to the high-pressure chamber.<br> The increased high pressure raises the vehicle to the defined ride height while simultaneously adjusting the spring rate and damping to match the load. Ride height, vehicle geometry, spring rate, and damping are optimized throughout the entire ride, ensuring maximum comfort and riding safety.\n    <\/p>\t\t<\/div>\n\t\t\t\t<\/div>\n\t\t\t\t<\/div>\n\t\t\t\t\t<\/div>\n\t\t\t\t<\/div>\n\t\t<div class=\"elementor-element elementor-element-f6807ce e-flex e-con-boxed wpr-particle-no wpr-jarallax-no wpr-parallax-no wpr-sticky-section-no e-con e-parent\" data-id=\"f6807ce\" data-element_type=\"container\" data-settings=\"{&quot;content_width&quot;:&quot;boxed&quot;}\" data-core-v316-plus=\"true\">\n\t\t\t\t\t<div class=\"e-con-inner\">\n\t\t\t\t<div class=\"elementor-element elementor-element-20e6fcd elementor-widget__width-initial elementor-widget elementor-widget-html\" data-id=\"20e6fcd\" data-element_type=\"widget\" data-widget_type=\"html.default\">\n\t\t\t\t<div class=\"elementor-widget-container\">\n\t\t\t<p class=\"has-text-align-left has-body-font-family has-medium-font-size\" style=\"line-height: 1.2;color: #ffffff;\">\n    Many thanks to 1000PS!<br>\nOur friends at 1000PS took a close look at our Wilbers Nivomat and explained it clearly in this video. We're delighted with the fantastic presentation and would like to say: thank you for showcasing our suspension so impressively!\n    <\/p>\t\t<\/div>\n\t\t\t\t<\/div>\n\t\t<div class=\"elementor-element elementor-element-ddcfd58 e-con-full e-flex wpr-particle-no wpr-jarallax-no wpr-parallax-no wpr-sticky-section-no e-con e-child\" data-id=\"ddcfd58\" data-element_type=\"container\" data-settings=\"{&quot;content_width&quot;:&quot;full&quot;}\">\n\t\t\t\t<div class=\"elementor-element elementor-element-e1f535d elementor-widget elementor-widget-video\" data-id=\"e1f535d\" data-element_type=\"widget\" data-settings=\"{&quot;youtube_url&quot;:&quot;https:\\\/\\\/youtu.be\\\/NoJ195g2FEE?list=TLGGRGPSFbjWxiswMzAzMjAyNg&quot;,&quot;yt_privacy&quot;:&quot;yes&quot;,&quot;show_image_overlay&quot;:&quot;yes&quot;,&quot;image_overlay&quot;:{&quot;url&quot;:&quot;https:\\\/\\\/nivomat.wilbers.de\\\/wp-content\\\/uploads\\\/2026\\\/03\\\/Video_placeholder-1.jpg&quot;,&quot;id&quot;:3779,&quot;size&quot;:&quot;&quot;,&quot;alt&quot;:&quot;&quot;,&quot;source&quot;:&quot;library&quot;},&quot;video_type&quot;:&quot;youtube&quot;,&quot;controls&quot;:&quot;yes&quot;}\" data-widget_type=\"video.default\">\n\t\t\t\t<div class=\"elementor-widget-container\">\n\t\t\t<style>\/*! elementor - v3.18.0 - 20-12-2023 *\/\n.elementor-widget-video .elementor-widget-container{overflow:hidden;transform:translateZ(0)}.elementor-widget-video .elementor-wrapper{aspect-ratio:var(--video-aspect-ratio)}.elementor-widget-video .elementor-wrapper iframe,.elementor-widget-video .elementor-wrapper video{height:100%;width:100%;display:flex;border:none;background-color:#000}@supports not (aspect-ratio:1\/1){.elementor-widget-video .elementor-wrapper{position:relative;overflow:hidden;height:0;padding-bottom:calc(100% \/ var(--video-aspect-ratio))}.elementor-widget-video .elementor-wrapper iframe,.elementor-widget-video .elementor-wrapper video{position:absolute;top:0;right:0;bottom:0;left:0}}.elementor-widget-video .elementor-open-inline .elementor-custom-embed-image-overlay{position:absolute;top:0;right:0;bottom:0;left:0;background-size:cover;background-position:50%}.elementor-widget-video .elementor-custom-embed-image-overlay{cursor:pointer;text-align:center}.elementor-widget-video .elementor-custom-embed-image-overlay:hover .elementor-custom-embed-play i{opacity:1}.elementor-widget-video .elementor-custom-embed-image-overlay img{display:block;width:100%;aspect-ratio:var(--video-aspect-ratio);-o-object-fit:cover;object-fit:cover;-o-object-position:center center;object-position:center center}@supports not (aspect-ratio:1\/1){.elementor-widget-video .elementor-custom-embed-image-overlay{position:relative;overflow:hidden;height:0;padding-bottom:calc(100% \/ var(--video-aspect-ratio))}.elementor-widget-video .elementor-custom-embed-image-overlay img{position:absolute;top:0;right:0;bottom:0;left:0}}.elementor-widget-video .e-hosted-video .elementor-video{-o-object-fit:cover;object-fit:cover}.e-con-inner>.elementor-widget-video,.e-con>.elementor-widget-video{width:var(--container-widget-width);--flex-grow:var(--container-widget-flex-grow)}<\/style>\t\t<div class=\"elementor-wrapper elementor-open-inline\">\n\t\t\t<div class=\"elementor-video\"><\/div>\t\t\t\t<div class=\"elementor-custom-embed-image-overlay\" style=\"background-image: url(https:\/\/nivomat.wilbers.de\/wp-content\/uploads\/2026\/03\/Video_placeholder-1.jpg);\">\n\t\t\t\t\t\t\t\t\t\t\t\t\t\t<\/div>\n\t\t\t\t\t<\/div>\n\t\t\t\t<\/div>\n\t\t\t\t<\/div>\n\t\t\t\t<\/div>\n\t\t\t\t\t<\/div>\n\t\t\t\t<\/div>\n\t\t\t\t\t\t\t<\/div>","protected":false},"excerpt":{"rendered":"<p>Die Funktion Der Grundaufbau des Nivomat Systems besteht aus zwei voneinander getrennten \u00d6lkammern, einem Einrohr-D\u00e4mpfungssystem, und einer Pumpenstange mit Steuerh\u00fclsen inklusive Ventilen. Bei den \u00d6lkammern unterscheidet man zwischen der Niederdruckkammer, welche als \u00d6lreservoir dient und der Hochdruckkammer mit integriertem Gaspolster. Wird das Federbein nun belastet und das Fahrzeug sackt tief ein, so pumpt die Pumpenstange durch die Relativbewegung, welche durch die Unebenheiten der Fahrbahn in den Nivomat eingeleitet werden, automatisch \u00d6l aus der Niederdruck- in die Hochdruckkammer. Der dadurch resultierende Druckanstieg wirkt auf die Kolbenstange, die daraufhin wieder aus dem D\u00e4mpfer ausf\u00e4hrt. Dieser Pumpvorgang wird so lange fortgesetzt, bis das Motorrad sich wieder in der vordefinierten Niveaulage befindet \u2013 so passt der Nivomat nach etwa 300 Metern Fahrt die Fahrh\u00f6he automatisch an. 1. Das LDC Nivomatsystem ist so voreingestellt, dass es f\u00fcr den Solobetrieb sofort auf die beabsichtigte (definierte) Niveaulage, n\u00e4mlich ca. 1\/3 vom Gesamtfederweg, einsackt. In diesem Zustand bietet das System im Vergleich zu einem konventionellen Federbein eine f\u00fcr den Solobetrieb reduzierte Federrate und D\u00e4mpfung und sorgt so f\u00fcr maximalen Komfort ohne nachzuschwingen. 2. Eine Zuladung durch Sozius und\/oder Gep\u00e4ck l\u00e4sst das Fahrzeug tief einsinken und ver\u00e4ndert die Fahrzeuggeometrie negativ. Hier w\u00e4re das Vorspannen der Feder bei einem \u201enormalen\u201c Federbein notwendig, jedoch wird dabei lediglich die Niveaulage angeglichen. Die eigentlich notwendige Anpassung der Federrate findet nicht statt. 3. Nach einer Fahrstrecke von ca. 300 Metern unter Zuladung hat das LDC Federbein das Fahrzeug wieder auf die definierte Niveaulage gebracht. Die innere Pumpstange hat \u00d6l von der Niederdruck- in die Hochdruckkammer gepumpt. Durch den angestiegenen Hochdruck wird das Fahrzeug auf die definierte Niveaulage angehoben und zugleich die Federrate und D\u00e4mpfung auf die Beladung angepasst. Niveaulage, Fahrzeuggeometrie, Federrate und D\u00e4mpfung sind w\u00e4hrend der gesamten Fahrt optimiert und sorgen so f\u00fcr maximalen Komfort und Fahrsicherheit. Vielen Dank an 1000PS! Die Kollegen von 1000PS haben unseren Wilbers Nivomat ausf\u00fchrlich unter die Lupe genommen und in diesem Video verst\u00e4ndlich erkl\u00e4rt. Wir freuen uns \u00fcber die tolle Pr\u00e4sentation und sagen: Danke f\u00fcr die starke Vorstellung unseres Fahrwerks!<\/p>","protected":false},"author":2,"featured_media":0,"parent":0,"menu_order":0,"comment_status":"closed","ping_status":"closed","template":"","meta":{"_themeisle_gutenberg_block_has_review":false,"footnotes":""},"class_list":["post-312","page","type-page","status-publish","hentry"],"_links":{"self":[{"href":"https:\/\/nivomat.wilbers.de\/en\/wp-json\/wp\/v2\/pages\/312","targetHints":{"allow":["GET"]}}],"collection":[{"href":"https:\/\/nivomat.wilbers.de\/en\/wp-json\/wp\/v2\/pages"}],"about":[{"href":"https:\/\/nivomat.wilbers.de\/en\/wp-json\/wp\/v2\/types\/page"}],"author":[{"embeddable":true,"href":"https:\/\/nivomat.wilbers.de\/en\/wp-json\/wp\/v2\/users\/2"}],"replies":[{"embeddable":true,"href":"https:\/\/nivomat.wilbers.de\/en\/wp-json\/wp\/v2\/comments?post=312"}],"version-history":[{"count":206,"href":"https:\/\/nivomat.wilbers.de\/en\/wp-json\/wp\/v2\/pages\/312\/revisions"}],"predecessor-version":[{"id":3797,"href":"https:\/\/nivomat.wilbers.de\/en\/wp-json\/wp\/v2\/pages\/312\/revisions\/3797"}],"wp:attachment":[{"href":"https:\/\/nivomat.wilbers.de\/en\/wp-json\/wp\/v2\/media?parent=312"}],"curies":[{"name":"wp","href":"https:\/\/api.w.org\/{rel}","templated":true}]}}