{"id":362,"date":"2021-12-15T16:35:07","date_gmt":"2021-12-15T15:35:07","guid":{"rendered":"https:\/\/nivomat-wilbers-wp.ipconn-hosting.de\/?page_id=362"},"modified":"2026-01-19T09:06:15","modified_gmt":"2026-01-19T08:06:15","slug":"nivomat-kundenmeinungen","status":"publish","type":"page","link":"https:\/\/nivomat.wilbers.de\/en\/nivomat-kundenmeinungen\/","title":{"rendered":"Feedback"},"content":{"rendered":"<div data-elementor-type=\"wp-page\" data-elementor-id=\"362\" class=\"elementor elementor-362\">\n\t\t\t\t\t\t\t<div class=\"elementor-element elementor-element-683536c e-flex e-con-boxed wpr-particle-no wpr-jarallax-no wpr-parallax-no wpr-sticky-section-no e-con e-parent\" data-id=\"683536c\" data-element_type=\"container\" data-settings=\"{&quot;content_width&quot;:&quot;boxed&quot;}\" data-core-v316-plus=\"true\">\n\t\t\t\t\t<div class=\"e-con-inner\">\n\t\t\t\t<div class=\"elementor-element elementor-element-2bc1165 elementor-widget elementor-widget-heading\" data-id=\"2bc1165\" data-element_type=\"widget\" data-widget_type=\"heading.default\">\n\t\t\t\t<div class=\"elementor-widget-container\">\n\t\t\t<style>\/*! elementor - v3.18.0 - 20-12-2023 *\/\n.elementor-heading-title{padding:0;margin:0;line-height:1}.elementor-widget-heading .elementor-heading-title[class*=elementor-size-]>a{color:inherit;font-size:inherit;line-height:inherit}.elementor-widget-heading .elementor-heading-title.elementor-size-small{font-size:15px}.elementor-widget-heading .elementor-heading-title.elementor-size-medium{font-size:19px}.elementor-widget-heading .elementor-heading-title.elementor-size-large{font-size:29px}.elementor-widget-heading .elementor-heading-title.elementor-size-xl{font-size:39px}.elementor-widget-heading .elementor-heading-title.elementor-size-xxl{font-size:59px}<\/style><h2 class=\"elementor-heading-title elementor-size-default\">Feedback<\/h2>\t\t<\/div>\n\t\t\t\t<\/div>\n\t\t\t\t\t<\/div>\n\t\t\t\t<\/div>\n\t\t<div class=\"elementor-element elementor-element-73bfa4e e-flex e-con-boxed wpr-particle-no wpr-jarallax-no wpr-parallax-no wpr-sticky-section-no e-con e-parent\" data-id=\"73bfa4e\" data-element_type=\"container\" data-settings=\"{&quot;content_width&quot;:&quot;boxed&quot;}\" data-core-v316-plus=\"true\">\n\t\t\t\t\t<div class=\"e-con-inner\">\n\t\t<div class=\"elementor-element elementor-element-6eb233d e-flex e-con-boxed wpr-particle-no wpr-jarallax-no wpr-parallax-no wpr-sticky-section-no e-con e-child\" data-id=\"6eb233d\" data-element_type=\"container\" data-settings=\"{&quot;content_width&quot;:&quot;boxed&quot;}\">\n\t\t\t\t\t<div class=\"e-con-inner\">\n\t\t\t\t<div class=\"elementor-element elementor-element-856a8f8 elementor-widget elementor-widget-html\" data-id=\"856a8f8\" data-element_type=\"widget\" data-widget_type=\"html.default\">\n\t\t\t\t<div class=\"elementor-widget-container\">\n\t\t\t<p class=\"has-text-align-center has-body-font-family has-large-font-size\" style=\"line-height: 1.2;\"><span style=\"color: #ffffff;\">Through the Rh\u00f6n with Wilbers<\/span><\/p>\n<br>\t\t<\/div>\n\t\t\t\t<\/div>\n\t\t\t\t\t<\/div>\n\t\t\t\t<\/div>\n\t\t<div class=\"elementor-element elementor-element-5cb91e5 e-con-full e-flex wpr-particle-no wpr-jarallax-no wpr-parallax-no wpr-sticky-section-no e-con e-child\" data-id=\"5cb91e5\" data-element_type=\"container\" data-settings=\"{&quot;content_width&quot;:&quot;full&quot;}\">\n\t\t\t\t<div class=\"elementor-element elementor-element-5fb6210 elementor-widget elementor-widget-html\" data-id=\"5fb6210\" data-element_type=\"widget\" data-widget_type=\"html.default\">\n\t\t\t\t<div class=\"elementor-widget-container\">\n\t\t\t<p class=\"has-text-align-left has-body-font-family has-medium-font-size\" style=\"line-height: 1.2;\"><span style=\"color: #ffffff;font-style: italic;\">Hello,\n<br><br>\nda wir nach unserer R\u00fcckkehr aus Rom am vergangenen Sonntag beide \"hei\u00df\" auf eine sch\u00f6ne Motorradrunde durch die Rh\u00f6n waren, konnten wir bei strahlendem Sonnenschein zum ersten mal gemeinsam das neue Fahrwerk auf rund 200km testen. Nachfolgend die versprochene R\u00fcckmeldung:<br> \nThe total package is worth every penny!\n<br><br>\nGreat comfort, yet full road holding and significantly more ground clearance when driving; there is also an increase in handling.<br>\n<br>\nWie Sie angef\u00fchrt haben, ist der Komfortgewinn im Betrieb mit Sozius noch h\u00f6her, als bei Alleinnutzung - aber auch im Einzelbetrieb besteht ein klasse Komfort.<\/span><\/p>\t\t<\/div>\n\t\t\t\t<\/div>\n\t\t\t\t<\/div>\n\t\t<div class=\"elementor-element elementor-element-dfd46fe e-con-full e-flex wpr-particle-no wpr-jarallax-no wpr-parallax-no wpr-sticky-section-no e-con e-child\" data-id=\"dfd46fe\" data-element_type=\"container\" data-settings=\"{&quot;content_width&quot;:&quot;full&quot;}\">\n\t\t\t\t<div class=\"elementor-element elementor-element-3997665 elementor-widget elementor-widget-html\" data-id=\"3997665\" data-element_type=\"widget\" data-widget_type=\"html.default\">\n\t\t\t\t<div class=\"elementor-widget-container\">\n\t\t\t<p class=\"has-text-align-left has-body-font-family has-medium-font-size\" style=\"line-height: 1.2;\"><span style=\"color: #ffffff;font-style: italic;\">\n    \nAfter an intense round of cornering (spirited and with great lean angles), my wife got off the Harley with a smile for the first time \u2013 thank you!\n<br><br>\nI propose that Wilbers becomes the original equipment manufacturer for all Harley touring models!\n<br><br>\nOne of these days, I\u2019ll send a letter to Motorrad magazine sharing my experience. After all, it was their test report back then that first made me aware of your system!\n<br><br>\nAnd great work should also be talked about!\n<br><br>\nKind regards from the Rh\u00f6n,\n<br><br>\nDieter<\/span><\/p>\t\t<\/div>\n\t\t\t\t<\/div>\n\t\t\t\t<\/div>\n\t\t\t\t\t<\/div>\n\t\t\t\t<\/div>\n\t\t<div class=\"elementor-element elementor-element-e6899a3 e-flex e-con-boxed wpr-particle-no wpr-jarallax-no wpr-parallax-no wpr-sticky-section-no e-con e-parent\" data-id=\"e6899a3\" data-element_type=\"container\" data-settings=\"{&quot;background_background&quot;:&quot;classic&quot;,&quot;content_width&quot;:&quot;boxed&quot;}\" data-core-v316-plus=\"true\">\n\t\t\t\t\t<div class=\"e-con-inner\">\n\t\t<div class=\"elementor-element elementor-element-de85b17 e-flex e-con-boxed wpr-particle-no wpr-jarallax-no wpr-parallax-no wpr-sticky-section-no e-con e-child\" data-id=\"de85b17\" data-element_type=\"container\" data-settings=\"{&quot;content_width&quot;:&quot;boxed&quot;}\">\n\t\t\t\t\t<div class=\"e-con-inner\">\n\t\t\t\t<div class=\"elementor-element elementor-element-585152c elementor-widget elementor-widget-html\" data-id=\"585152c\" data-element_type=\"widget\" data-widget_type=\"html.default\">\n\t\t\t\t<div class=\"elementor-widget-container\">\n\t\t\t<p class=\"has-text-align-center has-body-font-family has-large-font-size\" style=\"line-height: 1.2;\"><span style=\"color: #ffffff;\">Drastically changed handling<\/span><\/p>\n<br>\t\t<\/div>\n\t\t\t\t<\/div>\n\t\t\t\t\t<\/div>\n\t\t\t\t<\/div>\n\t\t<div class=\"elementor-element elementor-element-ee5782d e-con-full e-flex wpr-particle-no wpr-jarallax-no wpr-parallax-no wpr-sticky-section-no e-con e-child\" data-id=\"ee5782d\" data-element_type=\"container\" data-settings=\"{&quot;content_width&quot;:&quot;full&quot;}\">\n\t\t\t\t<div class=\"elementor-element elementor-element-f653368 elementor-widget elementor-widget-html\" data-id=\"f653368\" data-element_type=\"widget\" data-widget_type=\"html.default\">\n\t\t\t\t<div class=\"elementor-widget-container\">\n\t\t\t<p class=\"has-text-align-left has-body-font-family has-medium-font-size\" style=\"line-height: 1.2;\"><span style=\"color: #ffffff;font-style: italic;\">Today, I rode my Low Rider S 117 to Nordhorn. It was a 200 km journey.<br>\r\nDer Empfang war schon sehr nett und dann hab ich auch noch den Chef kennenlernen d\u00fcrfen. Ich war total angetan. An der \"Kasse\" dann auch noch die wirklich sehr sympathische Tochter des Hauses Wilbers.<br>\r\nA real family business.<br><br>\r\nI got my bike back after about two hours.<br>\r\nI had progressive springs and Wilbers oil put in the fork and the Nivomat in the rear.<br><br>\r\nOn the way back, my bike felt completely different.<br>\r\nOf course, I hit every drain cover, every railway crossing and every pothole.<br>\r\nThe handling was dramatically different.<br>\r\nI then deliberately took the worst road I know, the one between Hude and Berne.<br><br>\r\nI almost became a little too careless because I felt so safe.<br><br>\r\nSorry, I have to describe it in such detail because the impressions are still fresh.<\/span><\/p>\t\t<\/div>\n\t\t\t\t<\/div>\n\t\t\t\t<\/div>\n\t\t<div class=\"elementor-element elementor-element-53bd5a9 e-con-full e-flex wpr-particle-no wpr-jarallax-no wpr-parallax-no wpr-sticky-section-no e-con e-child\" data-id=\"53bd5a9\" data-element_type=\"container\" data-settings=\"{&quot;content_width&quot;:&quot;full&quot;}\">\n\t\t\t\t<div class=\"elementor-element elementor-element-5bf7f7f elementor-widget elementor-widget-html\" data-id=\"5bf7f7f\" data-element_type=\"widget\" data-widget_type=\"html.default\">\n\t\t\t\t<div class=\"elementor-widget-container\">\n\t\t\t<p class=\"has-text-align-left has-body-font-family has-medium-font-size\" style=\"line-height: 1.2;\"><span style=\"color: #ffffff;font-style: italic;\">\n    There is a descent to the Weser tunnel that I have always enjoyed riding at at least 100 km\/h on at least seven bikes.<br><br>\nThere is a bump in the curve where ALL of my bikes have previously swayed, lurched or wobbled.<br>\nHeute dachte ich...oh, haben die das repariert ?<br>\nSo, as you can tell, I'm thrilled.<br>\nAs someone with back problems, I sometimes wonder if the health insurance company could make an additional payment \ud83d\ude42.\n<br><br>\nOne last anecdote: I asked if the company could send the removed shock absorber to my home by post.<br>\nPlease add it to the invoice.<br>\nIt's coming in the post and it's a service, not an invoice.\n<br><br>\nThese are my fresh impressions and the day was just great.<br>\n...auch ohne Zuzahlung der Kasse.\n<br><br>\nThanks to the Wilbers team!!!\n<br><br>\nRegards, Mario<\/span><\/p>\t\t<\/div>\n\t\t\t\t<\/div>\n\t\t\t\t<\/div>\n\t\t\t\t\t<\/div>\n\t\t\t\t<\/div>\n\t\t<div class=\"elementor-element elementor-element-1a6f70f e-flex e-con-boxed wpr-particle-no wpr-jarallax-no wpr-parallax-no wpr-sticky-section-no e-con e-parent\" data-id=\"1a6f70f\" data-element_type=\"container\" data-settings=\"{&quot;content_width&quot;:&quot;boxed&quot;}\" data-core-v316-plus=\"true\">\n\t\t\t\t\t<div class=\"e-con-inner\">\n\t\t<div class=\"elementor-element elementor-element-0abe638 e-flex e-con-boxed wpr-particle-no wpr-jarallax-no wpr-parallax-no wpr-sticky-section-no e-con e-child\" data-id=\"0abe638\" data-element_type=\"container\" data-settings=\"{&quot;content_width&quot;:&quot;boxed&quot;}\">\n\t\t\t\t\t<div class=\"e-con-inner\">\n\t\t\t\t<div class=\"elementor-element elementor-element-d0d2178 elementor-widget elementor-widget-html\" data-id=\"d0d2178\" data-element_type=\"widget\" data-widget_type=\"html.default\">\n\t\t\t\t<div class=\"elementor-widget-container\">\n\t\t\t<p class=\"has-text-align-center has-body-font-family has-large-font-size\" style=\"line-height: 1.2;\"><span style=\"color: #ffffff;\">You have given me quality in life<\/span><\/p>\n<br>\t\t<\/div>\n\t\t\t\t<\/div>\n\t\t\t\t\t<\/div>\n\t\t\t\t<\/div>\n\t\t<div class=\"elementor-element elementor-element-12b5e79 e-con-full e-flex wpr-particle-no wpr-jarallax-no wpr-parallax-no wpr-sticky-section-no e-con e-child\" data-id=\"12b5e79\" data-element_type=\"container\" data-settings=\"{&quot;content_width&quot;:&quot;full&quot;}\">\n\t\t\t\t<div class=\"elementor-element elementor-element-f469966 elementor-widget elementor-widget-html\" data-id=\"f469966\" data-element_type=\"widget\" data-widget_type=\"html.default\">\n\t\t\t\t<div class=\"elementor-widget-container\">\n\t\t\t<p class=\"has-text-align-left has-body-font-family has-medium-font-size\" style=\"line-height: 1.2;\"><span style=\"color: #ffffff;font-style: italic;\">Hello everyone,<br><br>\r\n\r\nMy Ultra Glide Standard 2020 was a swinging box right from the start, and when driven fast, \"wobbly\" without ending.\r\n<br><br>\r\nSomething had to be changed! My \"old\" Street Glide from 2007 had the better suspension (Air-Ride, original Harley).\r\n<br><br>\r\nBut it was out of the question for me, because with these Thai roads I would have been pumping all the time.\r\n<br><br>\r\nAfter my research, I came across the Wilbers suspension. Two or three times I called, after which even your\r\n<br><br>\r\nThe staff member on the phone said that the Wilbers Nivomat system is actually the \"jack of all trades device\".\r\n<br><br>\r\nWell, the decision was made quickly and shortly afterwards the whole chassis arrived in Thailand.\r\n<br><br>\r\nJust before the motorbike season starts in November.<\/span><\/p>\t\t<\/div>\n\t\t\t\t<\/div>\n\t\t\t\t<\/div>\n\t\t<div class=\"elementor-element elementor-element-eeb3621 e-con-full e-flex wpr-particle-no wpr-jarallax-no wpr-parallax-no wpr-sticky-section-no e-con e-child\" data-id=\"eeb3621\" data-element_type=\"container\" data-settings=\"{&quot;content_width&quot;:&quot;full&quot;}\">\n\t\t\t\t<div class=\"elementor-element elementor-element-16dd381 elementor-widget elementor-widget-html\" data-id=\"16dd381\" data-element_type=\"widget\" data-widget_type=\"html.default\">\n\t\t\t\t<div class=\"elementor-widget-container\">\n\t\t\t<p class=\"has-text-align-left has-body-font-family has-medium-font-size\" style=\"line-height: 1.2;\"><span style=\"color: #ffffff;font-style: italic;\">\n    It was installed very quickly and the instructions were perfect.\n<br><br>\nAfter the first 20 km test ride, I could hardly believe that a Harley could glide so smoothly over the bumps of Thai roads. So the next day, I went straight on a big tour \u2014 through hills and valleys, highways and country roads \u2014 560 km in total.\n<br><br>\nI can still hardly believe that I have a completely different bike. The way back was then a real pleasure, as the confidence was now really there in the new chassis.\n<br><br>\nA top speed of 180\u2013200 km\/h (riding a 124 CUI from Zippers with Thundermax) was pure pleasure \u2014 straight-line stability like riding on rails, completely steady. And now, even leaning into corners until the footboards scrape is possible without any nasty surprises.\n<br><br>\nI\u2019d like to sincerely thank you for the excellent suspension you\u2019ve developed \u2014 you\u2019ve truly given me a better quality of life.\n<br><br>\nHans-J\u00f6rg from Thailand<\/span><\/p>\t\t<\/div>\n\t\t\t\t<\/div>\n\t\t\t\t<\/div>\n\t\t\t\t\t<\/div>\n\t\t\t\t<\/div>\n\t\t<div class=\"elementor-element elementor-element-827101e e-flex e-con-boxed wpr-particle-no wpr-jarallax-no wpr-parallax-no wpr-sticky-section-no e-con e-parent\" data-id=\"827101e\" data-element_type=\"container\" data-settings=\"{&quot;background_background&quot;:&quot;classic&quot;,&quot;content_width&quot;:&quot;boxed&quot;}\" data-core-v316-plus=\"true\">\n\t\t\t\t\t<div class=\"e-con-inner\">\n\t\t<div class=\"elementor-element elementor-element-08b6217 e-flex e-con-boxed wpr-particle-no wpr-jarallax-no wpr-parallax-no wpr-sticky-section-no e-con e-child\" data-id=\"08b6217\" data-element_type=\"container\" data-settings=\"{&quot;content_width&quot;:&quot;boxed&quot;}\">\n\t\t\t\t\t<div class=\"e-con-inner\">\n\t\t\t\t<div class=\"elementor-element elementor-element-6c2987c elementor-widget elementor-widget-html\" data-id=\"6c2987c\" data-element_type=\"widget\" data-widget_type=\"html.default\">\n\t\t\t\t<div class=\"elementor-widget-container\">\n\t\t\t<p class=\"has-text-align-center has-body-font-family has-large-font-size\" style=\"line-height: 1.2;\"><span style=\"color: #ffffff;\">Finally a pleasure to ride my Harley<\/span><\/p>\n<br>\t\t<\/div>\n\t\t\t\t<\/div>\n\t\t\t\t\t<\/div>\n\t\t\t\t<\/div>\n\t\t<div class=\"elementor-element elementor-element-6bce301 e-con-full e-flex wpr-particle-no wpr-jarallax-no wpr-parallax-no wpr-sticky-section-no e-con e-child\" data-id=\"6bce301\" data-element_type=\"container\" data-settings=\"{&quot;content_width&quot;:&quot;full&quot;}\">\n\t\t\t\t<div class=\"elementor-element elementor-element-37457a6 elementor-widget elementor-widget-html\" data-id=\"37457a6\" data-element_type=\"widget\" data-widget_type=\"html.default\">\n\t\t\t\t<div class=\"elementor-widget-container\">\n\t\t\t<p class=\"has-text-align-left has-body-font-family has-medium-font-size\" style=\"line-height: 1.2;\"><span style=\"color: #ffffff;font-style: italic;\">Good afternoon,\r\n<br><br>\r\nI wanted to thank you for the problem-free delivery.\r\n<br><br>\r\nI installed the Nivomat chassis before Easter and was able to test it over the Easter holidays.\r\n<br><br>\r\nThe chassis is totally convincing, it is now finally a pleasure to ride my Harley.\r\n<br><br>\r\nYour developers have done a great job.\r\n<br><br>\r\nI will definitely recommend the suspension to others!\r\n<br><br>\r\nKind regards,\r\n<br><br>\r\nDaniel from Cologne<\/span><\/p>\t\t<\/div>\n\t\t\t\t<\/div>\n\t\t\t\t<\/div>\n\t\t\t\t\t<\/div>\n\t\t\t\t<\/div>\n\t\t\t\t\t\t\t<\/div>","protected":false},"excerpt":{"rendered":"<p>Feedback Mit Wilbers durch die Rh\u00f6n Hallo, da wir nach unserer R\u00fcckkehr aus Rom am vergangenen Sonntag beide &#8222;hei\u00df&#8220; auf eine sch\u00f6ne Motorradrunde durch die Rh\u00f6n waren, konnten wir bei strahlendem Sonnenschein zum ersten mal gemeinsam das neue Fahrwerk auf rund 200km testen. Nachfolgend die versprochene R\u00fcckmeldung: Das Gesamtpaket ist jeden Cent wert! Toller Komfort, trotzdem satte Stra\u00dfenlage und im Fahrbetrieb auch deutlich mehr Bodenfreiheit; zudem ist auch ein Zugewinn an Handlichkeit zu verzeichnen. Wie Sie angef\u00fchrt haben, ist der Komfortgewinn im Betrieb mit Sozius noch h\u00f6her, als bei Alleinnutzung &#8211; aber auch im Einzelbetrieb besteht ein klasse Komfort. Nach intensivem Kurvenswing (z\u00fcgig und mit prima Schr\u00e4glagen) stieg meine Frau erstmals mit einem L\u00e4cheln von der Harley \u2013 danke euch! Ich schlage vor, dass Wilbers Erstausr\u00fcster f\u00fcr alle Tourenmodelle von Harley wird! Bei Gelegenheit werde ich einmal einen Leserbrief mit meinen Erfahrungen an die Zeitschrift \u201cMotorrad\u201d schicken. Schlie\u00dflich bin ja auch ich \u00fcber deren damaligen Testbericht auf euer System aufmerksam geworden! Und \u00fcber tolle Arbeit sollte man auch sprechen! Liebe Gr\u00fc\u00dfe aus der Rh\u00f6n, Dieter Krass ver\u00e4ndertes Fahrverhalten Ich bin heute mit meiner Low Rider S 117 nach Nordhorn gefahren. 200 km Anreise. Der Empfang war schon sehr nett und dann hab ich auch noch den Chef kennenlernen d\u00fcrfen. Ich war total angetan. An der &#8222;Kasse&#8220; dann auch noch die wirklich sehr sympathische Tochter des Hauses Wilbers. Ein echter Familienbetrieb. Mein Bike habe ich dann nach ca. 2 Stunden zur\u00fcckbekommen. Habe progressive Federn und Wilbers \u00d6l in die Gabel bekommen und hinten den Nivomaten. Auf dem R\u00fcckweg schon, war mein Bike ein anderes. Nat\u00fcrlich habe ich da jeden Gullideckel, jeden Bahn\u00fcbergang und jedes Schlagloch mitgenommen. Krass ver\u00e4ndertes Fahrverhalten. Bin dann absichtlich die schlechteste Strasse, die es f\u00fcr mich gibt, die zwischen Hude und Berne gefahren. Da wurde ich fast ein bisschen zu unvorsichtig, weil ich so ein geiles Sicherheitsgef\u00fchl hatte. Sorry, ich muss das so ausf\u00fchrlich schildern, weil die Eindr\u00fccke noch frisch sind. Es gibt eine Abfahrt zum Wesertunnel, die ich schon mit bestimmt 7 Bikes immer gerne mit mindestens 100 km\/h fahre. In der Kurve ist ein Welle, wo sich bisher ALLE meine Bikes einen Schlenker, ein Schlingern oder Zappeln erlaubt haben. Heute dachte ich&#8230;oh, haben die das repariert ? Also, man merkt schon, ich bin begeistert. Als R\u00fcckenkranker frage ich mich manchmal, ob die Kasse nicht eine Zuzahlung leisten k\u00f6nnte \ud83d\ude42 Letzte Anekdote am Rande: Ich habe gefragt, ob die Firma mir nicht das ausgebaute Federbein per Post nach Hause schicken k\u00f6nnte. Bitte auf die Rechnung setzen. Das kommt jetzt per Post und es ist Service, nichts Rechnung. Das sind ganz frische Eindr\u00fccke und der Tag war einfach nur toll. &#8230;auch ohne Zuzahlung der Kasse. Danke an das Wilbers Team !!! Gru\u00df Mario Ihr habt mir Lebensqualit\u00e4t gegeben Hallo Zusammen, Meine Ultra Glide Standart 2020 war von Anfang an, eine Wackelkiste und bei schneller Fahrweise, ein \u00abschwabeling\u00bb ohne Ende. Da musste was ge\u00e4ndert werden! Meine \u00abalte\u00bb Street Glide vom Jahre 2007 hatte das bessere Fahrwerk (Air-Ride, original Harley). Kam aber bei mir nicht in Frage, denn bei diesen Thail\u00e4ndischen Stra\u00dfen w\u00e4re ich die ganze Zeit am Pumpen gewesen. Nach meiner Recherche bin ich dann auf die Wilbers D\u00e4mpfer gestossen. Zwei oder dreimal habe ich angerufen, nach dem mir sogar Eure Die Mitarbeiterin am Telefon gesagt hat, das Wilbers System Nivomat sei eigentlich die \u00abEierlegende Wollmilchsau\u00bb. Nun, die Entscheidung war dann schnell gefallen, und kurz darauf ist das ganze Fahrwerk in Thailand eingetroffen. Genau vor der Motorrad Saison ab November. Eingebaut war es sehr schnell, und die Anleitung war perfekt. Nach der ersten Testfahrt von 20km konnte ich kaum glauben, dass eine Harley so weich \u00fcber die Unebenheiten der Thail\u00e4ndischen Stra\u00dfen gleiten kann. So ging es am anderen Tage gleich \u00fcber Berg und Tal, Autobahn und Landstra\u00dfe \u2013 560km auf gro\u00dfe Tour. Ich kann es heute noch kaum glauben, dass ich ein komplett anderes Motorrad habe. Der R\u00fcckweg war dann ein wahres Vergn\u00fcgen, da das Vertrauen jetzt wirklich da war, in das neue Fahrwerk. Topspeed von 180-200 km\/h (fahre eine 124CUI von Zippers und Thundermax) war ein wahres Vergn\u00fcgen, ohne Bewegung ein Geradesauslauf wie auf Schienen, aber auch in den Kurven runter bis die Trittbretter kratzen war ohne b\u00f6se \u00dcberraschungen nun m\u00f6glich. Hiermit m\u00f6chte ich mich ganz herzlich bedanken f\u00fcr das feine Fahrwerk dass Ihr entwickelt habt, Ihr habt mir Lebensqualit\u00e4t gegeben. Hans-J\u00f6rg aus Thailand Endlich ein Genuss meine Harley zu fahren Guten Tag, ich wollte mich bedanken f\u00fcr die problemfreie Lieferung. Das Nivomat-Fahrwerk habe ich vor Ostern eingebaut, und konnte es \u00fcber die Osterfeiertage testen. Das Fahrwerk \u00fcberzeugt total, es ist jetzt endlich ein Genuss mit meiner Harley zu fahren. Eure Entwickler haben einen tollen Job gemacht. Ich werde das Fahrwerk weiterempfehlen! Liebe Gr\u00fc\u00dfe, Daniel aus K\u00f6ln<\/p>","protected":false},"author":2,"featured_media":0,"parent":0,"menu_order":0,"comment_status":"closed","ping_status":"closed","template":"","meta":{"_themeisle_gutenberg_block_has_review":false,"footnotes":""},"class_list":["post-362","page","type-page","status-publish","hentry"],"_links":{"self":[{"href":"https:\/\/nivomat.wilbers.de\/en\/wp-json\/wp\/v2\/pages\/362","targetHints":{"allow":["GET"]}}],"collection":[{"href":"https:\/\/nivomat.wilbers.de\/en\/wp-json\/wp\/v2\/pages"}],"about":[{"href":"https:\/\/nivomat.wilbers.de\/en\/wp-json\/wp\/v2\/types\/page"}],"author":[{"embeddable":true,"href":"https:\/\/nivomat.wilbers.de\/en\/wp-json\/wp\/v2\/users\/2"}],"replies":[{"embeddable":true,"href":"https:\/\/nivomat.wilbers.de\/en\/wp-json\/wp\/v2\/comments?post=362"}],"version-history":[{"count":68,"href":"https:\/\/nivomat.wilbers.de\/en\/wp-json\/wp\/v2\/pages\/362\/revisions"}],"predecessor-version":[{"id":3369,"href":"https:\/\/nivomat.wilbers.de\/en\/wp-json\/wp\/v2\/pages\/362\/revisions\/3369"}],"wp:attachment":[{"href":"https:\/\/nivomat.wilbers.de\/en\/wp-json\/wp\/v2\/media?parent=362"}],"curies":[{"name":"wp","href":"https:\/\/api.w.org\/{rel}","templated":true}]}}